{"id":220257,"date":"2025-03-23T10:32:04","date_gmt":"2025-03-23T10:32:04","guid":{"rendered":"https:\/\/aromasentia.com\/product\/white-washed-incense-holder-pyramid-mini-house\/"},"modified":"2025-12-30T19:33:06","modified_gmt":"2025-12-30T19:33:06","slug":"raeucherwerkhalter-pyramide","status":"publish","type":"product","link":"https:\/\/aromasentia.com\/de\/raeucherwerkhalter-pyramide\/","title":{"rendered":"R\u00e4ucherwerkhalter &#8211; Pyramide"},"content":{"rendered":"<p><strong>Aroma Sentia-ping Wei\u00df get\u00fcnchtes R\u00e4ucherst\u00e4bchenhalter &#8211; Pyramiden-Minihaus.<\/strong><strong>&nbsp;<\/strong>Import aus Indien. Diese Region Indiens hat nach wie vor mit erheblichen Infrastrukturproblemen zu k\u00e4mpfen: Die Stromversorgung ist unterbrochen, Transport und Stra\u00dfen sind schlecht.<\/p>\n<p>Daher ist die Versorgung besonders unzuverl\u00e4ssig. Die Region blickt jedoch auf eine lange Tradition in der Herstellung wundersch\u00f6ner Holzwaren zur\u00fcck, und wir sind stolz darauf, diese Branche durch den Import mehrerer Container Holzwaren pro Jahr zu unterst\u00fctzen. Besonders beliebt sind dabei R\u00e4ucherst\u00e4bchenhalter in vielen verschiedenen Ausf\u00fchrungen.<\/p>\n","protected":false},"excerpt":{"rendered":"<p>Aroma Sentia-ping Wei\u00df get\u00fcnchtes R\u00e4ucherst\u00e4bchenhalter &#8211; Pyramiden-Minihaus.&nbsp;Import aus Indien. Diese Region Indiens hat nach wie vor mit erheblichen Infrastrukturproblemen zu k\u00e4mpfen: Die Stromversorgung ist unterbrochen, Transport und Stra\u00dfen sind schlecht. Daher ist die Versorgung besonders unzuverl\u00e4ssig. Die Region blickt jedoch auf eine lange Tradition in der Herstellung wundersch\u00f6ner Holzwaren zur\u00fcck, und wir sind stolz darauf, [&hellip;]<\/p>\n","protected":false},"featured_media":416379,"comment_status":"closed","ping_status":"open","template":"","meta":{"_angie_page":false},"product_brand":[],"product_cat":[15153,15167,15152],"product_tag":[],"class_list":{"0":"post-220257","1":"product","2":"type-product","3":"status-publish","4":"has-post-thumbnail","6":"product_cat-rauchergefasse-und-raucherstabchenhalter","7":"product_cat-raucherkegelhalter","8":"product_cat-raucherwerk-und-rauchergefasse","9":"pa_collection-white-washed-incense-holders-de","10":"pa_made-in-indien","12":"first","13":"instock","14":"purchasable","15":"product-type-simple"},"supplier_id":null,"supplier_sku":"WWIH-07","barcode":null,"atum_controlled":true,"out_stock_date":null,"out_stock_threshold":null,"inheritable":false,"inbound_stock":null,"stock_on_hold":0,"sold_today":0,"sales_last_days":0,"reserved_stock":null,"customer_returns":null,"warehouse_damage":null,"lost_in_post":null,"other_logs":null,"out_stock_days":0,"lost_sales":0,"has_location":null,"update_date":"2026-04-27T07:27:18","atum_locations":[],"atum_stock_status":"instock","restock_status":false,"low_stock_amount":"","sales_update_date":"2026-01-30T01:25:47","calc_backorders":null,"_links":{"self":[{"href":"https:\/\/aromasentia.com\/de\/wp-json\/wp\/v2\/product\/220257","targetHints":{"allow":["GET"]}}],"collection":[{"href":"https:\/\/aromasentia.com\/de\/wp-json\/wp\/v2\/product"}],"about":[{"href":"https:\/\/aromasentia.com\/de\/wp-json\/wp\/v2\/types\/product"}],"replies":[{"embeddable":true,"href":"https:\/\/aromasentia.com\/de\/wp-json\/wp\/v2\/comments?post=220257"}],"version-history":[{"count":0,"href":"https:\/\/aromasentia.com\/de\/wp-json\/wp\/v2\/product\/220257\/revisions"}],"wp:featuredmedia":[{"embeddable":true,"href":"https:\/\/aromasentia.com\/de\/wp-json\/wp\/v2\/media\/416379"}],"wp:attachment":[{"href":"https:\/\/aromasentia.com\/de\/wp-json\/wp\/v2\/media?parent=220257"}],"wp:term":[{"taxonomy":"product_brand","embeddable":true,"href":"https:\/\/aromasentia.com\/de\/wp-json\/wp\/v2\/product_brand?post=220257"},{"taxonomy":"product_cat","embeddable":true,"href":"https:\/\/aromasentia.com\/de\/wp-json\/wp\/v2\/product_cat?post=220257"},{"taxonomy":"product_tag","embeddable":true,"href":"https:\/\/aromasentia.com\/de\/wp-json\/wp\/v2\/product_tag?post=220257"}],"curies":[{"name":"wp","href":"https:\/\/api.w.org\/{rel}","templated":true}]}}