{"id":220249,"date":"2025-03-23T10:32:04","date_gmt":"2025-03-23T10:32:04","guid":{"rendered":"https:\/\/aromasentia.com\/product\/white-washed-incense-holder-cone-smoke-box-8-cm\/"},"modified":"2025-12-30T19:33:06","modified_gmt":"2025-12-30T19:33:06","slug":"weiss-gewaschener-raeucherwerkhalter-kegelbox-8-cm","status":"publish","type":"product","link":"https:\/\/aromasentia.com\/de\/weiss-gewaschener-raeucherwerkhalter-kegelbox-8-cm\/","title":{"rendered":"Wei\u00df gewaschener R\u00e4ucherwerkhalter &#8211; Kegelbox 8 cm"},"content":{"rendered":"<p><strong>Aroma Sentia-ping R\u00e4ucherst\u00e4bchenhalter, wei\u00df gekalkt \u2013 Kegelf\u00f6rmige R\u00e4ucherbox, 8 cm<\/strong><strong>.<\/strong><strong>&nbsp;<\/strong>Importiert aus Indien. Diese Region Indiens hat nach wie vor mit erheblichen Infrastrukturproblemen zu k\u00e4mpfen: Die Stromversorgung ist unterbrochen, und die Transport- und Stra\u00dfenverh\u00e4ltnisse sind schlecht.<\/p>\n<p>Daher ist die Versorgung besonders unregelm\u00e4\u00dfig. Die Region blickt jedoch auf eine lange Tradition in der Herstellung wundersch\u00f6ner Holzwaren zur\u00fcck, und wir sind stolz darauf, diese Branche durch den j\u00e4hrlichen Import mehrerer Container mit Holzwaren im Gro\u00dfhandel zu unterst\u00fctzen. Besonders beliebt sind dabei R\u00e4ucherst\u00e4bchenhalter in vielen verschiedenen Ausf\u00fchrungen.<\/p>\n","protected":false},"excerpt":{"rendered":"<p>Aroma Sentia-ping R\u00e4ucherst\u00e4bchenhalter, wei\u00df gekalkt \u2013 Kegelf\u00f6rmige R\u00e4ucherbox, 8 cm.&nbsp;Importiert aus Indien. Diese Region Indiens hat nach wie vor mit erheblichen Infrastrukturproblemen zu k\u00e4mpfen: Die Stromversorgung ist unterbrochen, und die Transport- und Stra\u00dfenverh\u00e4ltnisse sind schlecht. Daher ist die Versorgung besonders unregelm\u00e4\u00dfig. Die Region blickt jedoch auf eine lange Tradition in der Herstellung wundersch\u00f6ner Holzwaren zur\u00fcck, [&hellip;]<\/p>\n","protected":false},"featured_media":416353,"comment_status":"closed","ping_status":"open","template":"","meta":{"_angie_page":false},"product_brand":[],"product_cat":[15153,15167,15152],"product_tag":[],"class_list":{"0":"post-220249","1":"product","2":"type-product","3":"status-publish","4":"has-post-thumbnail","6":"product_cat-rauchergefasse-und-raucherstabchenhalter","7":"product_cat-raucherkegelhalter","8":"product_cat-raucherwerk-und-rauchergefasse","9":"pa_collection-white-washed-incense-holders-de","10":"pa_made-in-indien","12":"first","13":"instock","14":"purchasable","15":"product-type-simple"},"supplier_id":null,"supplier_sku":"WWIH-05","barcode":null,"atum_controlled":true,"out_stock_date":null,"out_stock_threshold":null,"inheritable":false,"inbound_stock":null,"stock_on_hold":0,"sold_today":0,"sales_last_days":0,"reserved_stock":null,"customer_returns":null,"warehouse_damage":null,"lost_in_post":null,"other_logs":null,"out_stock_days":0,"lost_sales":0,"has_location":null,"update_date":"2026-04-27T07:27:18","atum_locations":[],"atum_stock_status":"instock","restock_status":false,"low_stock_amount":"","sales_update_date":"2026-02-06T00:00:43","calc_backorders":null,"_links":{"self":[{"href":"https:\/\/aromasentia.com\/de\/wp-json\/wp\/v2\/product\/220249","targetHints":{"allow":["GET"]}}],"collection":[{"href":"https:\/\/aromasentia.com\/de\/wp-json\/wp\/v2\/product"}],"about":[{"href":"https:\/\/aromasentia.com\/de\/wp-json\/wp\/v2\/types\/product"}],"replies":[{"embeddable":true,"href":"https:\/\/aromasentia.com\/de\/wp-json\/wp\/v2\/comments?post=220249"}],"version-history":[{"count":0,"href":"https:\/\/aromasentia.com\/de\/wp-json\/wp\/v2\/product\/220249\/revisions"}],"wp:featuredmedia":[{"embeddable":true,"href":"https:\/\/aromasentia.com\/de\/wp-json\/wp\/v2\/media\/416353"}],"wp:attachment":[{"href":"https:\/\/aromasentia.com\/de\/wp-json\/wp\/v2\/media?parent=220249"}],"wp:term":[{"taxonomy":"product_brand","embeddable":true,"href":"https:\/\/aromasentia.com\/de\/wp-json\/wp\/v2\/product_brand?post=220249"},{"taxonomy":"product_cat","embeddable":true,"href":"https:\/\/aromasentia.com\/de\/wp-json\/wp\/v2\/product_cat?post=220249"},{"taxonomy":"product_tag","embeddable":true,"href":"https:\/\/aromasentia.com\/de\/wp-json\/wp\/v2\/product_tag?post=220249"}],"curies":[{"name":"wp","href":"https:\/\/api.w.org\/{rel}","templated":true}]}}