{"id":220201,"date":"2025-03-23T10:32:04","date_gmt":"2025-03-23T10:32:04","guid":{"rendered":"https:\/\/aromasentia.com\/product\/sm-mango-wood-backflow-burner-tree-of-life\/"},"modified":"2025-12-30T19:32:59","modified_gmt":"2025-12-30T19:32:59","slug":"kleiner-mango-holz-raeuchergefaess-tree-of-life","status":"publish","type":"product","link":"https:\/\/aromasentia.com\/de\/kleiner-mango-holz-raeuchergefaess-tree-of-life\/","title":{"rendered":"Kleiner  Mango Holz R\u00e4uchergef\u00e4\u00df &#8211; Tree of Life"},"content":{"rendered":"<p><strong><span style=\"color: rgb(75, 80, 88);\">Aroma Sentia-ping Backflow Burners sind endlich da!<\/span><\/strong><span style=\"color: rgb(75, 80, 88);\">Sie sind aus Mangoholz gefertigt und wirklich spektakul\u00e4r.<\/span><\/p>\n<p><span style=\"color: rgb(75, 80, 88);\">Die Backflow Burners sind speziell daf\u00fcr konzipiert, Rauch zu erzeugen, der nach unten str\u00f6mt und dramatisch durch den Brenner str\u00f6mt, mit einem atemberaubenden Effekt, der die Aufmerksamkeit Ihrer Kunden auf sich ziehen wird. &nbsp;<\/span><\/p>\n<p><span style=\"color: rgb(75, 80, 88);\">Verkaufen Sie Ihren kleinen R\u00fcckflussbrenner aus Mangoholz \u2013 Lebensbaum zusammen mit unserer gro\u00dfen Auswahl an R\u00fcckfluss-R\u00e4ucherkegeln in Sets, um einen besseren Gewinn zu erzielen.<\/span><\/p>\n<p><span style=\"color: rgb(75, 80, 88);\">P<\/span><strong><span style=\"color: rgb(75, 80, 88);\">Bitte beachten Sie, dass Sie R\u00fcckfluss-R\u00e4ucherkegel verwenden m\u00fcssen, um den Rauchkaskadeneffekt zu erzeugen.<\/span><\/strong><\/p>\n","protected":false},"excerpt":{"rendered":"<p>Aroma Sentia-ping Backflow Burners sind endlich da!Sie sind aus Mangoholz gefertigt und wirklich spektakul\u00e4r. Die Backflow Burners sind speziell daf\u00fcr konzipiert, Rauch zu erzeugen, der nach unten str\u00f6mt und dramatisch durch den Brenner str\u00f6mt, mit einem atemberaubenden Effekt, der die Aufmerksamkeit Ihrer Kunden auf sich ziehen wird. &nbsp; Verkaufen Sie Ihren kleinen R\u00fcckflussbrenner aus Mangoholz [&hellip;]<\/p>\n","protected":false},"featured_media":416037,"comment_status":"closed","ping_status":"open","template":"","meta":[],"product_brand":[],"product_cat":[15153,15152,15151],"product_tag":[],"class_list":{"0":"post-220201","1":"product","2":"type-product","3":"status-publish","4":"has-post-thumbnail","6":"product_cat-rauchergefasse-und-raucherstabchenhalter","7":"product_cat-raucherwerk-und-rauchergefasse","8":"product_cat-ruckfluss-weihrauchbrenner","9":"pa_collection-mango-wood-backflow-burner-de","10":"pa_made-in-indien","12":"first","13":"instock","14":"purchasable","15":"product-type-simple"},"supplier_id":null,"supplier_sku":"WBF-03","barcode":null,"atum_controlled":true,"out_stock_date":null,"out_stock_threshold":null,"inheritable":false,"inbound_stock":null,"stock_on_hold":0,"sold_today":0,"sales_last_days":0,"reserved_stock":null,"customer_returns":null,"warehouse_damage":null,"lost_in_post":null,"other_logs":null,"out_stock_days":0,"lost_sales":0,"has_location":null,"update_date":"2026-01-30T01:24:33","atum_locations":[],"atum_stock_status":"instock","restock_status":false,"low_stock_amount":"","sales_update_date":"2026-01-30T01:24:33","calc_backorders":null,"_links":{"self":[{"href":"https:\/\/aromasentia.com\/de\/wp-json\/wp\/v2\/product\/220201","targetHints":{"allow":["GET"]}}],"collection":[{"href":"https:\/\/aromasentia.com\/de\/wp-json\/wp\/v2\/product"}],"about":[{"href":"https:\/\/aromasentia.com\/de\/wp-json\/wp\/v2\/types\/product"}],"replies":[{"embeddable":true,"href":"https:\/\/aromasentia.com\/de\/wp-json\/wp\/v2\/comments?post=220201"}],"version-history":[{"count":0,"href":"https:\/\/aromasentia.com\/de\/wp-json\/wp\/v2\/product\/220201\/revisions"}],"wp:featuredmedia":[{"embeddable":true,"href":"https:\/\/aromasentia.com\/de\/wp-json\/wp\/v2\/media\/416037"}],"wp:attachment":[{"href":"https:\/\/aromasentia.com\/de\/wp-json\/wp\/v2\/media?parent=220201"}],"wp:term":[{"taxonomy":"product_brand","embeddable":true,"href":"https:\/\/aromasentia.com\/de\/wp-json\/wp\/v2\/product_brand?post=220201"},{"taxonomy":"product_cat","embeddable":true,"href":"https:\/\/aromasentia.com\/de\/wp-json\/wp\/v2\/product_cat?post=220201"},{"taxonomy":"product_tag","embeddable":true,"href":"https:\/\/aromasentia.com\/de\/wp-json\/wp\/v2\/product_tag?post=220201"}],"curies":[{"name":"wp","href":"https:\/\/api.w.org\/{rel}","templated":true}]}}