{"id":220189,"date":"2025-03-23T11:05:59","date_gmt":"2025-03-23T11:05:59","guid":{"rendered":"https:\/\/aromasentia.com\/product\/gold-tiger-tiger-eye-gemstone-bracelet\/"},"modified":"2025-12-30T19:32:59","modified_gmt":"2025-12-30T19:32:59","slug":"gold-tiger-tigerauge-edelstein-armband","status":"publish","type":"product","link":"https:\/\/aromasentia.com\/de\/gold-tiger-tigerauge-edelstein-armband\/","title":{"rendered":"Gold Tiger \/ Tigerauge &#8211; Edelstein Armband"},"content":{"rendered":"<p>Traditionell wurde Tigerauge als Amulett gegen Fl\u00fcche und b\u00f6se W\u00fcnsche getragen. Es ist bekannt, dass es dem Tr\u00e4ger Selbstvertrauen, Mut und Willensst\u00e4rke verleiht. Die Silberteile bestehen aus gemischtem Metall und die Goldteile aus Kupfer.<\/p>\n<p>Tigerauge ist ein kraftvoller Stein, der Kreativit\u00e4t, Selbstvertrauen und Mut st\u00e4rkt. Dieser lebendige Stein soll Ihnen helfen, mit Weitsicht und Einsicht zu handeln und Entscheidungen zu treffen, ungetr\u00fcbt von Emotionen.<\/p>\n<p>Cooler Unisex-Bling &#8230; multikulturell, Gut und B\u00f6se, Himmel und H\u00f6lle &#8230; Dieser Boho-Schmuck von Ancient Wisdom ist sowohl ein Hingucker als auch Seelentr\u00f6ster.<\/p>\n<p>Unser talentierter Designer hat Elemente der \u00f6stlichen und westlichen Kultur mit einer geh\u00f6rigen Portion Mystik und K\u00f6niglichkeit vermischt.<\/p>\n<p>Machen Sie sich keine Sorgen, ob die Armb\u00e4nder passen, da sie sich dehnen \u2013 Einheitsgr\u00f6\u00dfe.<\/p>\n","protected":false},"excerpt":{"rendered":"<p>Traditionell wurde Tigerauge als Amulett gegen Fl\u00fcche und b\u00f6se W\u00fcnsche getragen. Es ist bekannt, dass es dem Tr\u00e4ger Selbstvertrauen, Mut und Willensst\u00e4rke verleiht. Die Silberteile bestehen aus gemischtem Metall und die Goldteile aus Kupfer. Tigerauge ist ein kraftvoller Stein, der Kreativit\u00e4t, Selbstvertrauen und Mut st\u00e4rkt. Dieser lebendige Stein soll Ihnen helfen, mit Weitsicht und Einsicht [&hellip;]<\/p>\n","protected":false},"featured_media":418447,"comment_status":"closed","ping_status":"open","template":"","meta":{"_angie_page":false},"product_brand":[],"product_cat":[25210,25223,14524,25787],"product_tag":[],"class_list":{"0":"post-220189","1":"product","2":"type-product","3":"status-publish","4":"has-post-thumbnail","6":"product_cat-armbaender","7":"product_cat-edelsteine-mineralien","8":"product_cat-schmuck-und-accessoires","9":"product_cat-tigerauge","10":"pa_collection-boho-bling-gemstones-bracelets-de","11":"pa_made-in-china","13":"first","14":"instock","15":"purchasable","16":"product-type-simple"},"supplier_id":null,"supplier_sku":"Boho-09","barcode":null,"atum_controlled":true,"out_stock_date":null,"out_stock_threshold":null,"inheritable":false,"inbound_stock":null,"stock_on_hold":0,"sold_today":0,"sales_last_days":0,"reserved_stock":null,"customer_returns":null,"warehouse_damage":null,"lost_in_post":null,"other_logs":null,"out_stock_days":0,"lost_sales":0,"has_location":null,"update_date":"2026-05-04T00:02:51","atum_locations":[],"atum_stock_status":"instock","restock_status":false,"low_stock_amount":"","sales_update_date":"2025-10-09T03:26:45","calc_backorders":null,"_links":{"self":[{"href":"https:\/\/aromasentia.com\/de\/wp-json\/wp\/v2\/product\/220189","targetHints":{"allow":["GET"]}}],"collection":[{"href":"https:\/\/aromasentia.com\/de\/wp-json\/wp\/v2\/product"}],"about":[{"href":"https:\/\/aromasentia.com\/de\/wp-json\/wp\/v2\/types\/product"}],"replies":[{"embeddable":true,"href":"https:\/\/aromasentia.com\/de\/wp-json\/wp\/v2\/comments?post=220189"}],"version-history":[{"count":0,"href":"https:\/\/aromasentia.com\/de\/wp-json\/wp\/v2\/product\/220189\/revisions"}],"wp:featuredmedia":[{"embeddable":true,"href":"https:\/\/aromasentia.com\/de\/wp-json\/wp\/v2\/media\/418447"}],"wp:attachment":[{"href":"https:\/\/aromasentia.com\/de\/wp-json\/wp\/v2\/media?parent=220189"}],"wp:term":[{"taxonomy":"product_brand","embeddable":true,"href":"https:\/\/aromasentia.com\/de\/wp-json\/wp\/v2\/product_brand?post=220189"},{"taxonomy":"product_cat","embeddable":true,"href":"https:\/\/aromasentia.com\/de\/wp-json\/wp\/v2\/product_cat?post=220189"},{"taxonomy":"product_tag","embeddable":true,"href":"https:\/\/aromasentia.com\/de\/wp-json\/wp\/v2\/product_tag?post=220189"}],"curies":[{"name":"wp","href":"https:\/\/api.w.org\/{rel}","templated":true}]}}