{"id":220169,"date":"2025-03-23T11:05:59","date_gmt":"2025-03-23T11:05:59","guid":{"rendered":"https:\/\/aromasentia.com\/product\/gold-hamsa-lava-stone-gemstone-bracelet\/"},"modified":"2025-12-30T19:32:51","modified_gmt":"2025-12-30T19:32:51","slug":"gold-hamsa-lavastein-edelstein-armband","status":"publish","type":"product","link":"https:\/\/aromasentia.com\/de\/gold-hamsa-lavastein-edelstein-armband\/","title":{"rendered":"Gold Hamsa \/ Lavastein &#8211; Edelstein Armband"},"content":{"rendered":"<p>Lavastein entsteht aus feurigem Schwefel, der an die Erdoberfl\u00e4che sprudelt (und schlie\u00dflich abk\u00fchlt) und stammt aus dem Erdinneren. Lava ist ein Gestein, das aus ausgebrochenem Magma eines Vulkans entsteht. Die Silberanteile bestehen aus gemischtem Metall und die Goldanteile aus Kupfer.<\/p>\n<p>Lavastein ist ein Erdungsstein und kann Ihnen helfen, sich mit der Natur zu verbinden. Da der Stein aus roher Energie gewonnen wird, gilt Lavastein als Stein der Wiedergeburt und des Abwerfens unn\u00f6tiger Schichten emotionaler Bindungen.<\/p>\n<p>Cooler Unisex-Bling &#8230; multikulturell, Gut und B\u00f6se, Himmel und H\u00f6lle &#8230; Dieser Boho-Schmuck von Ancient Wisdom ist sowohl ein Hingucker als auch Seelentr\u00f6ster.<\/p>\n<p>Unser talentierter Designer hat Elemente der \u00f6stlichen und westlichen Kultur mit einer geh\u00f6rigen Portion Mystik und K\u00f6niglichkeit vermischt.<\/p>\n<p>Machen Sie sich keine Sorgen, ob die Armb\u00e4nder passen, da sie sich dehnen \u2013 Einheitsgr\u00f6\u00dfe.<\/p>\n","protected":false},"excerpt":{"rendered":"<p>Lavastein entsteht aus feurigem Schwefel, der an die Erdoberfl\u00e4che sprudelt (und schlie\u00dflich abk\u00fchlt) und stammt aus dem Erdinneren. Lava ist ein Gestein, das aus ausgebrochenem Magma eines Vulkans entsteht. Die Silberanteile bestehen aus gemischtem Metall und die Goldanteile aus Kupfer. Lavastein ist ein Erdungsstein und kann Ihnen helfen, sich mit der Natur zu verbinden. Da [&hellip;]<\/p>\n","protected":false},"featured_media":418447,"comment_status":"closed","ping_status":"open","template":"","meta":{"_angie_page":false},"product_brand":[],"product_cat":[25210,25223,25667,14524],"product_tag":[],"class_list":{"0":"post-220169","1":"product","2":"type-product","3":"status-publish","4":"has-post-thumbnail","6":"product_cat-armbaender","7":"product_cat-edelsteine-mineralien","8":"product_cat-lavagestein-basalt","9":"product_cat-schmuck-und-accessoires","10":"pa_collection-boho-bling-gemstones-bracelets-de","11":"pa_made-in-china","13":"first","14":"instock","15":"purchasable","16":"product-type-simple"},"supplier_id":null,"supplier_sku":"Boho-04","barcode":null,"atum_controlled":true,"out_stock_date":null,"out_stock_threshold":null,"inheritable":false,"inbound_stock":null,"stock_on_hold":0,"sold_today":0,"sales_last_days":0,"reserved_stock":null,"customer_returns":null,"warehouse_damage":null,"lost_in_post":null,"other_logs":null,"out_stock_days":0,"lost_sales":0,"has_location":null,"update_date":"2026-04-27T06:55:20","atum_locations":[],"atum_stock_status":"instock","restock_status":false,"low_stock_amount":"","sales_update_date":"2026-02-06T00:01:36","calc_backorders":null,"_links":{"self":[{"href":"https:\/\/aromasentia.com\/de\/wp-json\/wp\/v2\/product\/220169","targetHints":{"allow":["GET"]}}],"collection":[{"href":"https:\/\/aromasentia.com\/de\/wp-json\/wp\/v2\/product"}],"about":[{"href":"https:\/\/aromasentia.com\/de\/wp-json\/wp\/v2\/types\/product"}],"replies":[{"embeddable":true,"href":"https:\/\/aromasentia.com\/de\/wp-json\/wp\/v2\/comments?post=220169"}],"version-history":[{"count":0,"href":"https:\/\/aromasentia.com\/de\/wp-json\/wp\/v2\/product\/220169\/revisions"}],"wp:featuredmedia":[{"embeddable":true,"href":"https:\/\/aromasentia.com\/de\/wp-json\/wp\/v2\/media\/418447"}],"wp:attachment":[{"href":"https:\/\/aromasentia.com\/de\/wp-json\/wp\/v2\/media?parent=220169"}],"wp:term":[{"taxonomy":"product_brand","embeddable":true,"href":"https:\/\/aromasentia.com\/de\/wp-json\/wp\/v2\/product_brand?post=220169"},{"taxonomy":"product_cat","embeddable":true,"href":"https:\/\/aromasentia.com\/de\/wp-json\/wp\/v2\/product_cat?post=220169"},{"taxonomy":"product_tag","embeddable":true,"href":"https:\/\/aromasentia.com\/de\/wp-json\/wp\/v2\/product_tag?post=220169"}],"curies":[{"name":"wp","href":"https:\/\/api.w.org\/{rel}","templated":true}]}}