{"id":220157,"date":"2025-03-23T11:05:59","date_gmt":"2025-03-23T11:05:59","guid":{"rendered":"https:\/\/aromasentia.com\/product\/angel-wing-black-agate-gemstone-bracelet\/"},"modified":"2025-12-30T19:32:51","modified_gmt":"2025-12-30T19:32:51","slug":"engelsfluegel-schwarzer-achat-edelstein-armband","status":"publish","type":"product","link":"https:\/\/aromasentia.com\/de\/engelsfluegel-schwarzer-achat-edelstein-armband\/","title":{"rendered":"Engelsfl\u00fcgel \/ schwarzer Achat- Edelstein Armband"},"content":{"rendered":"<p>Achat ist wie alle schwarzen Edelsteine ein sch\u00fctzender und erdender Kristall. Historisch wurde Achat zum Kochen oder Trinken ins Wasser gegeben, um Krankheiten zu vertreiben.<\/p>\n<p>Achat ist daf\u00fcr bekannt, Gl\u00fcck ins Leben zu bringen und Pech zu vertreiben. Achat ist der perfekte Stein f\u00fcr Wettk\u00e4mpfer, da er Mut und Erfolg im Wettkampf bringt und der einzelne Engelsfl\u00fcgel-Anh\u00e4nger Schutz bietet.<\/p>\n<p>Cooles Unisex-Bling &#8230; multikulturell, Gut und B\u00f6se, Himmel und H\u00f6lle &#8230; Dieser Boho-Schmuck von Ancient Wisdom ist sowohl ein Hingucker als auch Soulfood.<\/p>\n<p>Unser talentierter Designer hat Elemente der \u00f6stlichen und westlichen Kultur eingearbeitet und mit einer geh\u00f6rigen Portion Mystik und K\u00f6niglichkeit vermischt.<\/p>\n<p>Machen Sie sich keine Sorgen, ob die Armb\u00e4nder passen, da sie sich dehnen \u2013 Einheitsgr\u00f6\u00dfe.<\/p>\n","protected":false},"excerpt":{"rendered":"<p>Achat ist wie alle schwarzen Edelsteine ein sch\u00fctzender und erdender Kristall. Historisch wurde Achat zum Kochen oder Trinken ins Wasser gegeben, um Krankheiten zu vertreiben. Achat ist daf\u00fcr bekannt, Gl\u00fcck ins Leben zu bringen und Pech zu vertreiben. Achat ist der perfekte Stein f\u00fcr Wettk\u00e4mpfer, da er Mut und Erfolg im Wettkampf bringt und der [&hellip;]<\/p>\n","protected":false},"featured_media":418396,"comment_status":"closed","ping_status":"open","template":"","meta":{"_angie_page":false},"product_brand":[],"product_cat":[25542,25210,25223,14524],"product_tag":[],"class_list":{"0":"post-220157","1":"product","2":"type-product","3":"status-publish","4":"has-post-thumbnail","6":"product_cat-agate","7":"product_cat-armbaender","8":"product_cat-edelsteine-mineralien","9":"product_cat-schmuck-und-accessoires","10":"pa_collection-boho-bling-gemstones-bracelets-de","11":"pa_made-in-china","13":"first","14":"instock","15":"purchasable","16":"product-type-simple"},"supplier_id":null,"supplier_sku":"Boho-01","barcode":null,"atum_controlled":true,"out_stock_date":null,"out_stock_threshold":null,"inheritable":false,"inbound_stock":null,"stock_on_hold":0,"sold_today":0,"sales_last_days":0,"reserved_stock":null,"customer_returns":null,"warehouse_damage":null,"lost_in_post":null,"other_logs":null,"out_stock_days":0,"lost_sales":0,"has_location":null,"update_date":"2026-04-27T06:55:20","atum_locations":[],"atum_stock_status":"instock","restock_status":false,"low_stock_amount":"","sales_update_date":"2026-02-06T00:01:56","calc_backorders":null,"_links":{"self":[{"href":"https:\/\/aromasentia.com\/de\/wp-json\/wp\/v2\/product\/220157","targetHints":{"allow":["GET"]}}],"collection":[{"href":"https:\/\/aromasentia.com\/de\/wp-json\/wp\/v2\/product"}],"about":[{"href":"https:\/\/aromasentia.com\/de\/wp-json\/wp\/v2\/types\/product"}],"replies":[{"embeddable":true,"href":"https:\/\/aromasentia.com\/de\/wp-json\/wp\/v2\/comments?post=220157"}],"version-history":[{"count":0,"href":"https:\/\/aromasentia.com\/de\/wp-json\/wp\/v2\/product\/220157\/revisions"}],"wp:featuredmedia":[{"embeddable":true,"href":"https:\/\/aromasentia.com\/de\/wp-json\/wp\/v2\/media\/418396"}],"wp:attachment":[{"href":"https:\/\/aromasentia.com\/de\/wp-json\/wp\/v2\/media?parent=220157"}],"wp:term":[{"taxonomy":"product_brand","embeddable":true,"href":"https:\/\/aromasentia.com\/de\/wp-json\/wp\/v2\/product_brand?post=220157"},{"taxonomy":"product_cat","embeddable":true,"href":"https:\/\/aromasentia.com\/de\/wp-json\/wp\/v2\/product_cat?post=220157"},{"taxonomy":"product_tag","embeddable":true,"href":"https:\/\/aromasentia.com\/de\/wp-json\/wp\/v2\/product_tag?post=220157"}],"curies":[{"name":"wp","href":"https:\/\/api.w.org\/{rel}","templated":true}]}}