{"id":220149,"date":"2025-03-23T11:05:59","date_gmt":"2025-03-23T11:05:59","guid":{"rendered":"https:\/\/aromasentia.com\/product\/good-luck-feng-shui-bracelets-lime-green\/"},"modified":"2025-12-30T19:32:51","modified_gmt":"2025-12-30T19:32:51","slug":"feng-shui-armbaender-limettengruen","status":"publish","type":"product","link":"https:\/\/aromasentia.com\/de\/feng-shui-armbaender-limettengruen\/","title":{"rendered":"Feng-Shui-Armb\u00e4nder limettengr\u00fcn"},"content":{"rendered":"<p>Bali Gl\u00fccksarmb\u00e4nder aus Feng Shui<\/p>\n<p>Gl\u00fccksarmb\u00e4nder aus Feng Shui werden aus Holzperlen und Gl\u00fccksm\u00fcnzen hergestellt.<\/p>\n<p>Es wird gesagt, dass die W\u00e4hrung eine positive Fl\u00fcssigkeit namens Vernunft aussenden soll, die Gl\u00fcck, Erfolg und Erfolg anzieht.<\/p>\n","protected":false},"excerpt":{"rendered":"<p>Bali Gl\u00fccksarmb\u00e4nder aus Feng Shui Gl\u00fccksarmb\u00e4nder aus Feng Shui werden aus Holzperlen und Gl\u00fccksm\u00fcnzen hergestellt. Es wird gesagt, dass die W\u00e4hrung eine positive Fl\u00fcssigkeit namens Vernunft aussenden soll, die Gl\u00fcck, Erfolg und Erfolg anzieht.<\/p>\n","protected":false},"featured_media":418378,"comment_status":"closed","ping_status":"open","template":"","meta":{"_angie_page":false},"product_brand":[],"product_cat":[25210,14524],"product_tag":[],"class_list":{"0":"post-220149","1":"product","2":"type-product","3":"status-publish","4":"has-post-thumbnail","6":"product_cat-armbaender","7":"product_cat-schmuck-und-accessoires","8":"pa_collection-bali-good-luck-feng-shoui-bracelets-de","9":"pa_made-in-indonesien","11":"first","12":"instock","13":"purchasable","14":"product-type-simple"},"supplier_id":null,"supplier_sku":"BFGx-05","barcode":null,"atum_controlled":true,"out_stock_date":null,"out_stock_threshold":null,"inheritable":false,"inbound_stock":null,"stock_on_hold":0,"sold_today":0,"sales_last_days":0,"reserved_stock":null,"customer_returns":null,"warehouse_damage":null,"lost_in_post":null,"other_logs":null,"out_stock_days":0,"lost_sales":0,"has_location":null,"update_date":"2026-05-08T05:05:00","atum_locations":[],"atum_stock_status":"instock","restock_status":false,"low_stock_amount":"","sales_update_date":"2026-02-06T00:01:59","calc_backorders":null,"_links":{"self":[{"href":"https:\/\/aromasentia.com\/de\/wp-json\/wp\/v2\/product\/220149","targetHints":{"allow":["GET"]}}],"collection":[{"href":"https:\/\/aromasentia.com\/de\/wp-json\/wp\/v2\/product"}],"about":[{"href":"https:\/\/aromasentia.com\/de\/wp-json\/wp\/v2\/types\/product"}],"replies":[{"embeddable":true,"href":"https:\/\/aromasentia.com\/de\/wp-json\/wp\/v2\/comments?post=220149"}],"version-history":[{"count":0,"href":"https:\/\/aromasentia.com\/de\/wp-json\/wp\/v2\/product\/220149\/revisions"}],"wp:featuredmedia":[{"embeddable":true,"href":"https:\/\/aromasentia.com\/de\/wp-json\/wp\/v2\/media\/418378"}],"wp:attachment":[{"href":"https:\/\/aromasentia.com\/de\/wp-json\/wp\/v2\/media?parent=220149"}],"wp:term":[{"taxonomy":"product_brand","embeddable":true,"href":"https:\/\/aromasentia.com\/de\/wp-json\/wp\/v2\/product_brand?post=220149"},{"taxonomy":"product_cat","embeddable":true,"href":"https:\/\/aromasentia.com\/de\/wp-json\/wp\/v2\/product_cat?post=220149"},{"taxonomy":"product_tag","embeddable":true,"href":"https:\/\/aromasentia.com\/de\/wp-json\/wp\/v2\/product_tag?post=220149"}],"curies":[{"name":"wp","href":"https:\/\/api.w.org\/{rel}","templated":true}]}}