{"id":220121,"date":"2025-03-23T11:05:59","date_gmt":"2025-03-23T11:05:59","guid":{"rendered":"https:\/\/aromasentia.com\/product\/tri-hita-karana-bangle-strength\/"},"modified":"2025-12-30T19:32:44","modified_gmt":"2025-12-30T19:32:44","slug":"tri-hita-karana-armreif-staerke","status":"publish","type":"product","link":"https:\/\/aromasentia.com\/de\/tri-hita-karana-armreif-staerke\/","title":{"rendered":"Tri Hita Karana Armreif &#8211; St\u00e4rke"},"content":{"rendered":"<p><strong>Aroma Sentia<\/strong> Armreifen beziehen sich auf die <strong>traditionelle Lebensphilosophie Tri Hita Karana<\/strong>, die auf der indonesischen Insel Bali beliebt ist. Tri Hita Katana steht f\u00fcr Ausgeglichenheit. <strong>Tri = drei<\/strong>, <strong>Hita = Gl\u00fcck, Karana = Elemente.<\/strong><\/p>\n<p><strong><span style=\"color: rgb(141, 186, 216);\"><strong>Erg\u00e4nzen Sie Ihr Produktportfolio und bestellen Sie noch heute. Erg\u00e4nzen Sie die Schmuckecke Ihres Online-Shops um ein kleines Schmuckst\u00fcck.<\/strong><\/span><strong>.<\/strong><\/strong><\/p>\n","protected":false},"excerpt":{"rendered":"<p>Aroma Sentia Armreifen beziehen sich auf die traditionelle Lebensphilosophie Tri Hita Karana, die auf der indonesischen Insel Bali beliebt ist. Tri Hita Katana steht f\u00fcr Ausgeglichenheit. Tri = drei, Hita = Gl\u00fcck, Karana = Elemente. Erg\u00e4nzen Sie Ihr Produktportfolio und bestellen Sie noch heute. Erg\u00e4nzen Sie die Schmuckecke Ihres Online-Shops um ein kleines Schmuckst\u00fcck..<\/p>\n","protected":false},"featured_media":418259,"comment_status":"closed","ping_status":"open","template":"","meta":{"_angie_page":false},"product_brand":[],"product_cat":[14524],"product_tag":[],"class_list":{"0":"post-220121","1":"product","2":"type-product","3":"status-publish","4":"has-post-thumbnail","6":"product_cat-schmuck-und-accessoires","7":"pa_collection-tri-hita-karana-bangle-de","8":"pa_made-in-indonesien","10":"first","11":"instock","12":"purchasable","13":"product-type-simple"},"supplier_id":null,"supplier_sku":"BBA-06","barcode":null,"atum_controlled":true,"out_stock_date":null,"out_stock_threshold":null,"inheritable":false,"inbound_stock":null,"stock_on_hold":0,"sold_today":0,"sales_last_days":0,"reserved_stock":null,"customer_returns":null,"warehouse_damage":null,"lost_in_post":null,"other_logs":null,"out_stock_days":0,"lost_sales":0,"has_location":null,"update_date":"2026-04-27T06:54:15","atum_locations":[],"atum_stock_status":"instock","restock_status":false,"low_stock_amount":"","sales_update_date":"2025-10-09T03:25:53","calc_backorders":null,"_links":{"self":[{"href":"https:\/\/aromasentia.com\/de\/wp-json\/wp\/v2\/product\/220121","targetHints":{"allow":["GET"]}}],"collection":[{"href":"https:\/\/aromasentia.com\/de\/wp-json\/wp\/v2\/product"}],"about":[{"href":"https:\/\/aromasentia.com\/de\/wp-json\/wp\/v2\/types\/product"}],"replies":[{"embeddable":true,"href":"https:\/\/aromasentia.com\/de\/wp-json\/wp\/v2\/comments?post=220121"}],"version-history":[{"count":0,"href":"https:\/\/aromasentia.com\/de\/wp-json\/wp\/v2\/product\/220121\/revisions"}],"wp:featuredmedia":[{"embeddable":true,"href":"https:\/\/aromasentia.com\/de\/wp-json\/wp\/v2\/media\/418259"}],"wp:attachment":[{"href":"https:\/\/aromasentia.com\/de\/wp-json\/wp\/v2\/media?parent=220121"}],"wp:term":[{"taxonomy":"product_brand","embeddable":true,"href":"https:\/\/aromasentia.com\/de\/wp-json\/wp\/v2\/product_brand?post=220121"},{"taxonomy":"product_cat","embeddable":true,"href":"https:\/\/aromasentia.com\/de\/wp-json\/wp\/v2\/product_cat?post=220121"},{"taxonomy":"product_tag","embeddable":true,"href":"https:\/\/aromasentia.com\/de\/wp-json\/wp\/v2\/product_tag?post=220121"}],"curies":[{"name":"wp","href":"https:\/\/api.w.org\/{rel}","templated":true}]}}