{"id":220061,"date":"2025-03-23T11:05:59","date_gmt":"2025-03-23T11:05:59","guid":{"rendered":"https:\/\/aromasentia.com\/product\/power-bracelet-black-agate\/"},"modified":"2025-12-30T19:32:37","modified_gmt":"2025-12-30T19:32:37","slug":"kraftarmband-schwarzer-achat","status":"publish","type":"product","link":"https:\/\/aromasentia.com\/de\/kraftarmband-schwarzer-achat\/","title":{"rendered":"Kraftarmband &#8211; schwarzer Achat"},"content":{"rendered":"<p><span style=\"color: rgb(75, 80, 88);\">Dieses wundersch\u00f6ne <strong>Power Bracelet &#8211; Black Agate<\/strong>-Armband passt zu jedem Outfit.<\/span><\/p>\n<p><span style=\"color: rgb(75, 80, 88);\">Es ist nicht nur sch\u00f6n, sondern Sie m\u00fcssen sich auch keine Sorgen machen, ob es Ihren Kunden passt, da es dehnbar ist, sodass kein Kunde auf dieses einzigartige Armband verzichten muss.<\/span><\/p>\n<p><span style=\"color: rgb(75, 80, 88);\">Es ist ein perfektes Geschenk f\u00fcr Jahrestage, Weihnachten, Valentinstag und auch Geburtstage.<\/span><\/p>\n<p><span style=\"color: rgb(75, 80, 88);\">Der Durchmesser der Edelsteine betr\u00e4gt ca. 8 mm.<\/span><\/p>\n","protected":false},"excerpt":{"rendered":"<p>Dieses wundersch\u00f6ne Power Bracelet &#8211; Black Agate-Armband passt zu jedem Outfit. Es ist nicht nur sch\u00f6n, sondern Sie m\u00fcssen sich auch keine Sorgen machen, ob es Ihren Kunden passt, da es dehnbar ist, sodass kein Kunde auf dieses einzigartige Armband verzichten muss. Es ist ein perfektes Geschenk f\u00fcr Jahrestage, Weihnachten, Valentinstag und auch Geburtstage. Der [&hellip;]<\/p>\n","protected":false},"featured_media":417316,"comment_status":"closed","ping_status":"open","template":"","meta":{"_angie_page":false},"product_brand":[],"product_cat":[25542,25210,25223,14524],"product_tag":[],"class_list":{"0":"post-220061","1":"product","2":"type-product","3":"status-publish","4":"has-post-thumbnail","6":"product_cat-agate","7":"product_cat-armbaender","8":"product_cat-edelsteine-mineralien","9":"product_cat-schmuck-und-accessoires","10":"pa_collection-power-bracelets-de","11":"pa_made-in-china","13":"first","14":"instock","15":"purchasable","16":"product-type-simple"},"supplier_id":null,"supplier_sku":"AWPS-04","barcode":null,"atum_controlled":true,"out_stock_date":null,"out_stock_threshold":null,"inheritable":false,"inbound_stock":null,"stock_on_hold":0,"sold_today":0,"sales_last_days":0,"reserved_stock":null,"customer_returns":null,"warehouse_damage":null,"lost_in_post":null,"other_logs":null,"out_stock_days":0,"lost_sales":0,"has_location":null,"update_date":"2026-04-27T06:52:46","atum_locations":[],"atum_stock_status":"instock","restock_status":false,"low_stock_amount":"","sales_update_date":"2025-10-09T03:24:47","calc_backorders":null,"_links":{"self":[{"href":"https:\/\/aromasentia.com\/de\/wp-json\/wp\/v2\/product\/220061","targetHints":{"allow":["GET"]}}],"collection":[{"href":"https:\/\/aromasentia.com\/de\/wp-json\/wp\/v2\/product"}],"about":[{"href":"https:\/\/aromasentia.com\/de\/wp-json\/wp\/v2\/types\/product"}],"replies":[{"embeddable":true,"href":"https:\/\/aromasentia.com\/de\/wp-json\/wp\/v2\/comments?post=220061"}],"version-history":[{"count":0,"href":"https:\/\/aromasentia.com\/de\/wp-json\/wp\/v2\/product\/220061\/revisions"}],"wp:featuredmedia":[{"embeddable":true,"href":"https:\/\/aromasentia.com\/de\/wp-json\/wp\/v2\/media\/417316"}],"wp:attachment":[{"href":"https:\/\/aromasentia.com\/de\/wp-json\/wp\/v2\/media?parent=220061"}],"wp:term":[{"taxonomy":"product_brand","embeddable":true,"href":"https:\/\/aromasentia.com\/de\/wp-json\/wp\/v2\/product_brand?post=220061"},{"taxonomy":"product_cat","embeddable":true,"href":"https:\/\/aromasentia.com\/de\/wp-json\/wp\/v2\/product_cat?post=220061"},{"taxonomy":"product_tag","embeddable":true,"href":"https:\/\/aromasentia.com\/de\/wp-json\/wp\/v2\/product_tag?post=220061"}],"curies":[{"name":"wp","href":"https:\/\/api.w.org\/{rel}","templated":true}]}}