{"id":220045,"date":"2025-03-23T11:05:59","date_gmt":"2025-03-23T11:05:59","guid":{"rendered":"https:\/\/aromasentia.com\/product\/chipstone-bracelet-chakra-stones\/"},"modified":"2025-12-30T19:32:29","modified_gmt":"2025-12-30T19:32:29","slug":"chipstone-bracelet-chakra-stones","status":"publish","type":"product","link":"https:\/\/aromasentia.com\/de\/chipstone-bracelet-chakra-stones\/","title":{"rendered":"Chipstone Bracelet &#8211; Chakra Stones"},"content":{"rendered":"<p><span style=\"color: rgb(75, 80, 88);\">Entdecken Sie die harmonische Energie der Chipstone Chakra-Armb\u00e4nder mit einer sorgf\u00e4ltig zusammengestellten Auswahl an Edelsteinen, die die sieben Chakren repr\u00e4sentieren \u2013 die Energiezentren, von denen angenommen wird, dass sie das k\u00f6rperliche, emotionale und spirituelle Wohlbefinden beeinflussen.<\/span><\/p>\n<p><span style=\"color: rgb(75, 80, 88);\">Diese Armb\u00e4nder zeigen Edelsteine wie Amethyst, Bergquarz, Sodalith, gr\u00fcnen Aventurin, H\u00e4matit, gelben Aventurin und Karneol, die jeweils mit bestimmten Chakren und ihren einzigartigen Eigenschaften in Verbindung gebracht werden:<\/span><\/p>\n<ul>\n<li><span style=\"color: rgb(85, 57, 130);\"><strong>Amethyst<\/strong><\/span><span style=\"color: rgb(0, 0, 0);\">&nbsp;<\/span><span style=\"color: rgb(75, 80, 88);\">(Kronenchakra &#038; Drittes-Auge-Chakra) \u2013 Intuition, spirituelle Verbindung, Weisheit, Einsicht, Tr\u00e4ume<\/span><\/li>\n<li><span style=\"color: rgb(41, 105, 176);\"><strong>Sodalith<\/strong><\/span><span style=\"color: rgb(75, 80, 88);\"> (Hals-Chakra &#038; Drittes-Auge-Chakra) &#8211; Kommunikation, Ausdruck, Wahrheit, Intuition, Einsicht<\/span><\/li>\n<li><span style=\"color: rgb(97, 189, 109);\"><strong>Gr\u00fcner Aventurin<\/strong><\/span><span style=\"color: rgb(75, 80, 88);\"> (Herz-Chakra) &#8211; Liebe, Mitgef\u00fchl, Empathie, Wachstum, F\u00fclle<\/span><\/li>\n<li><span style=\"color: rgb(250, 197, 28);\"><strong>Gelber Aventurin<\/strong><\/span><span style=\"color: rgb(75, 80, 88);\"> (Solarplexus-Chakra) &#8211; Pers\u00f6nliche Kraft, Selbstvertrauen, Optimismus, Kreativit\u00e4t, F\u00fclle<\/span><\/li>\n<li><span style=\"color: rgb(243, 121, 52);\"><strong>Karneol<\/strong><\/span><span style=\"color: rgb(75, 80, 88);\"> (Sakralchakra &amp; Wurzelchakra) &#8211; Leidenschaft, Motivation, Mut, Vitalit\u00e4t, Erdung<\/span><\/li>\n<li><span style=\"color: rgb(0, 0, 0);\"><strong>H\u00e4matit<\/strong><\/span><span style=\"color: rgb(75, 80, 88);\"> (Wurzelchakra) &#8211; Erdung, Schutz, Stabilit\u00e4t, Sicherheit, Mut<\/span><\/li>\n<li><span style=\"color: rgb(204, 204, 204);\"><strong>Bergquarz<\/strong><\/span><span style=\"color: rgb(75, 80, 88);\"> (Kronchakra) &#8211; Verst\u00e4rkung der Energie, Klarheit, Reinigung, Bewusstsein, Heilung<\/span><\/li>\n<\/ul>\n<p><span style=\"color: rgb(75, 80, 88);\"><strong>Diese Armb\u00e4nder sind f\u00fcr alle Handgelenkgr\u00f6\u00dfen geeignet und auf einer bequemen elastischen Kordel befestigt, die sich nahtlos an jedes Handgelenk anpasst. individuell<\/strong>.&nbsp;<\/span><\/p>\n<p><span style=\"color: rgb(141, 186, 216);\"><strong>Tauchen Sie ein in die ganzheitlichen Vorteile dieser Edelsteine und steigern Sie Ihr allgemeines Gleichgewichtsgef\u00fchl und Wohlbefinden.<\/strong><\/span><\/p>\n","protected":false},"excerpt":{"rendered":"<p>Entdecken Sie die harmonische Energie der Chipstone Chakra-Armb\u00e4nder mit einer sorgf\u00e4ltig zusammengestellten Auswahl an Edelsteinen, die die sieben Chakren repr\u00e4sentieren \u2013 die Energiezentren, von denen angenommen wird, dass sie das k\u00f6rperliche, emotionale und spirituelle Wohlbefinden beeinflussen. Diese Armb\u00e4nder zeigen Edelsteine wie Amethyst, Bergquarz, Sodalith, gr\u00fcnen Aventurin, H\u00e4matit, gelben Aventurin und Karneol, die jeweils mit bestimmten [&hellip;]<\/p>\n","protected":false},"featured_media":417064,"comment_status":"closed","ping_status":"open","template":"","meta":{"_angie_page":false},"product_brand":[],"product_cat":[25210,14524],"product_tag":[],"class_list":{"0":"post-220045","1":"product","2":"type-product","3":"status-publish","4":"has-post-thumbnail","6":"product_cat-armbaender","7":"product_cat-schmuck-und-accessoires","8":"pa_collection-chipstones-bracelets-de","9":"pa_made-in-china","11":"first","12":"instock","13":"purchasable","14":"product-type-simple"},"supplier_id":null,"supplier_sku":"AWCB-13DS","barcode":null,"atum_controlled":true,"out_stock_date":null,"out_stock_threshold":null,"inheritable":false,"inbound_stock":null,"stock_on_hold":0,"sold_today":0,"sales_last_days":0,"reserved_stock":null,"customer_returns":null,"warehouse_damage":null,"lost_in_post":null,"other_logs":null,"out_stock_days":0,"lost_sales":0,"has_location":null,"update_date":"2026-04-27T06:51:44","atum_locations":[],"atum_stock_status":"instock","restock_status":false,"low_stock_amount":"","sales_update_date":"2025-10-09T03:24:05","calc_backorders":null,"_links":{"self":[{"href":"https:\/\/aromasentia.com\/de\/wp-json\/wp\/v2\/product\/220045","targetHints":{"allow":["GET"]}}],"collection":[{"href":"https:\/\/aromasentia.com\/de\/wp-json\/wp\/v2\/product"}],"about":[{"href":"https:\/\/aromasentia.com\/de\/wp-json\/wp\/v2\/types\/product"}],"replies":[{"embeddable":true,"href":"https:\/\/aromasentia.com\/de\/wp-json\/wp\/v2\/comments?post=220045"}],"version-history":[{"count":0,"href":"https:\/\/aromasentia.com\/de\/wp-json\/wp\/v2\/product\/220045\/revisions"}],"wp:featuredmedia":[{"embeddable":true,"href":"https:\/\/aromasentia.com\/de\/wp-json\/wp\/v2\/media\/417064"}],"wp:attachment":[{"href":"https:\/\/aromasentia.com\/de\/wp-json\/wp\/v2\/media?parent=220045"}],"wp:term":[{"taxonomy":"product_brand","embeddable":true,"href":"https:\/\/aromasentia.com\/de\/wp-json\/wp\/v2\/product_brand?post=220045"},{"taxonomy":"product_cat","embeddable":true,"href":"https:\/\/aromasentia.com\/de\/wp-json\/wp\/v2\/product_cat?post=220045"},{"taxonomy":"product_tag","embeddable":true,"href":"https:\/\/aromasentia.com\/de\/wp-json\/wp\/v2\/product_tag?post=220045"}],"curies":[{"name":"wp","href":"https:\/\/api.w.org\/{rel}","templated":true}]}}