{"id":220029,"date":"2025-03-23T11:05:59","date_gmt":"2025-03-23T11:05:59","guid":{"rendered":"https:\/\/aromasentia.com\/product\/chipstone-bracelet-green-jasper\/"},"modified":"2025-12-30T19:32:29","modified_gmt":"2025-12-30T19:32:29","slug":"chipstone-bracelet-green-jasper","status":"publish","type":"product","link":"https:\/\/aromasentia.com\/de\/chipstone-bracelet-green-jasper\/","title":{"rendered":"Chipstone Bracelet &#8211; Green Jasper"},"content":{"rendered":"<p>Dieses wundersch\u00f6ne Chipstone-Armband aus gr\u00fcnem Jaspis passt zu jedem Outfit.<\/p>\n<p><\/p>\n<p>Es ist ein perfektes Geschenk zum Jahrestag, zu Weihnachten, zum Valentinstag und auch zum Geburtstag.<\/p>\n<p><span style=\"color: rgb(75, 80, 88);\"><strong>Diese Armb\u00e4nder sind f\u00fcr alle Handgelenkgr\u00f6\u00dfen geeignet und auf einer bequemen elastischen Kordel aufgef\u00e4delt, sodass sie sich nahtlos an jede Person anpassen.<\/strong><\/span><\/p>\n<p><span style=\"color: rgb(141, 186, 216);\"><strong>Tauchen Sie ein in die ganzheitlichen Vorteile dieser Edelsteine und steigern Sie Ihr allgemeines Gef\u00fchl von Ausgeglichenheit und Wohlbefinden.<\/strong><\/span><\/p>\n","protected":false},"excerpt":{"rendered":"<p>Dieses wundersch\u00f6ne Chipstone-Armband aus gr\u00fcnem Jaspis passt zu jedem Outfit. Es ist ein perfektes Geschenk zum Jahrestag, zu Weihnachten, zum Valentinstag und auch zum Geburtstag. Diese Armb\u00e4nder sind f\u00fcr alle Handgelenkgr\u00f6\u00dfen geeignet und auf einer bequemen elastischen Kordel aufgef\u00e4delt, sodass sie sich nahtlos an jede Person anpassen. Tauchen Sie ein in die ganzheitlichen Vorteile dieser [&hellip;]<\/p>\n","protected":false},"featured_media":416836,"comment_status":"closed","ping_status":"open","template":"","meta":[],"product_brand":[],"product_cat":[25210,25223,25646,14524],"product_tag":[],"class_list":{"0":"post-220029","1":"product","2":"type-product","3":"status-publish","4":"has-post-thumbnail","6":"product_cat-armbaender","7":"product_cat-edelsteine-mineralien","8":"product_cat-jaspis","9":"product_cat-schmuck-und-accessoires","10":"pa_collection-chipstones-bracelets-de","11":"pa_made-in-china","13":"first","14":"instock","15":"purchasable","16":"product-type-simple"},"supplier_id":null,"supplier_sku":"AWCB-09DS","barcode":null,"atum_controlled":true,"out_stock_date":null,"out_stock_threshold":null,"inheritable":false,"inbound_stock":null,"stock_on_hold":0,"sold_today":0,"sales_last_days":0,"reserved_stock":null,"customer_returns":null,"warehouse_damage":null,"lost_in_post":null,"other_logs":null,"out_stock_days":0,"lost_sales":0,"has_location":null,"update_date":"2026-02-12T03:52:30","atum_locations":[],"atum_stock_status":"instock","restock_status":false,"low_stock_amount":"","sales_update_date":"2025-10-09T03:24:05","calc_backorders":null,"_links":{"self":[{"href":"https:\/\/aromasentia.com\/de\/wp-json\/wp\/v2\/product\/220029","targetHints":{"allow":["GET"]}}],"collection":[{"href":"https:\/\/aromasentia.com\/de\/wp-json\/wp\/v2\/product"}],"about":[{"href":"https:\/\/aromasentia.com\/de\/wp-json\/wp\/v2\/types\/product"}],"replies":[{"embeddable":true,"href":"https:\/\/aromasentia.com\/de\/wp-json\/wp\/v2\/comments?post=220029"}],"version-history":[{"count":0,"href":"https:\/\/aromasentia.com\/de\/wp-json\/wp\/v2\/product\/220029\/revisions"}],"wp:featuredmedia":[{"embeddable":true,"href":"https:\/\/aromasentia.com\/de\/wp-json\/wp\/v2\/media\/416836"}],"wp:attachment":[{"href":"https:\/\/aromasentia.com\/de\/wp-json\/wp\/v2\/media?parent=220029"}],"wp:term":[{"taxonomy":"product_brand","embeddable":true,"href":"https:\/\/aromasentia.com\/de\/wp-json\/wp\/v2\/product_brand?post=220029"},{"taxonomy":"product_cat","embeddable":true,"href":"https:\/\/aromasentia.com\/de\/wp-json\/wp\/v2\/product_cat?post=220029"},{"taxonomy":"product_tag","embeddable":true,"href":"https:\/\/aromasentia.com\/de\/wp-json\/wp\/v2\/product_tag?post=220029"}],"curies":[{"name":"wp","href":"https:\/\/api.w.org\/{rel}","templated":true}]}}