{"id":219997,"date":"2025-03-23T11:05:59","date_gmt":"2025-03-23T11:05:59","guid":{"rendered":"https:\/\/aromasentia.com\/product\/chipstone-bracelet-amethyst\/"},"modified":"2025-12-30T19:32:22","modified_gmt":"2025-12-30T19:32:22","slug":"chipstone-bracelet-amethyst","status":"publish","type":"product","link":"https:\/\/aromasentia.com\/de\/chipstone-bracelet-amethyst\/","title":{"rendered":"Chipstone Bracelet &#8211; Amethyst"},"content":{"rendered":"<p>&nbsp;Dieses wundersch\u00f6ne &nbsp;Chipstone-Armband \u2013 Amethyst-Armband sieht zu jedem Outfit wundersch\u00f6n aus.&nbsp;<\/p>\n<p>Und nicht nur das, Amethyst hat auch seine ganz eigenen Vorteile. Ihm werden gesundheitliche Vorteile nachgesagt, beispielsweise die Modulation des Schlafrhythmus f\u00fcr einen gesunden Schlaf und eine Verbesserung der Stimmung.<\/p>\n<p>Es ist ein perfektes Geschenk zum Jahrestag, zu Weihnachten, zum Valentinstag und auch zum Geburtstag.<\/p>\n<p><span style=\"color: rgb(75, 80, 88);\"><strong>Diese Armb\u00e4nder sind f\u00fcr alle Handgelenkgr\u00f6\u00dfen geeignet und auf einer bequemen elastischen Kordel befestigt, sodass sie sich nahtlos an jede Person anpassen.<\/strong>&nbsp;<\/span><\/p>\n<p><span style=\"color: rgb(141, 186, 216);\"><strong>Tauchen Sie ein in die ganzheitlichen Vorteile dieser Edelsteine und steigern Sie Ihr allgemeines Gleichgewichtsgef\u00fchl und Wohlbefinden.<\/strong><\/span><\/p>\n<p><\/p>\n","protected":false},"excerpt":{"rendered":"<p>&nbsp;Dieses wundersch\u00f6ne &nbsp;Chipstone-Armband \u2013 Amethyst-Armband sieht zu jedem Outfit wundersch\u00f6n aus.&nbsp; Und nicht nur das, Amethyst hat auch seine ganz eigenen Vorteile. Ihm werden gesundheitliche Vorteile nachgesagt, beispielsweise die Modulation des Schlafrhythmus f\u00fcr einen gesunden Schlaf und eine Verbesserung der Stimmung. Es ist ein perfektes Geschenk zum Jahrestag, zu Weihnachten, zum Valentinstag und auch zum [&hellip;]<\/p>\n","protected":false},"featured_media":416396,"comment_status":"closed","ping_status":"open","template":"","meta":{"_angie_page":false},"product_brand":[],"product_cat":[25546,25210,25223,14524],"product_tag":[],"class_list":{"0":"post-219997","1":"product","2":"type-product","3":"status-publish","4":"has-post-thumbnail","6":"product_cat-amethyst","7":"product_cat-armbaender","8":"product_cat-edelsteine-mineralien","9":"product_cat-schmuck-und-accessoires","10":"pa_collection-chipstones-bracelets-de","11":"pa_made-in-china","13":"first","14":"instock","15":"purchasable","16":"product-type-simple"},"supplier_id":null,"supplier_sku":"AWCB-01DS","barcode":null,"atum_controlled":true,"out_stock_date":null,"out_stock_threshold":null,"inheritable":false,"inbound_stock":null,"stock_on_hold":0,"sold_today":0,"sales_last_days":0,"reserved_stock":null,"customer_returns":null,"warehouse_damage":null,"lost_in_post":null,"other_logs":null,"out_stock_days":0,"lost_sales":0,"has_location":null,"update_date":"2026-04-27T06:51:38","atum_locations":[],"atum_stock_status":"instock","restock_status":false,"low_stock_amount":"","sales_update_date":"2026-02-06T00:02:22","calc_backorders":null,"_links":{"self":[{"href":"https:\/\/aromasentia.com\/de\/wp-json\/wp\/v2\/product\/219997","targetHints":{"allow":["GET"]}}],"collection":[{"href":"https:\/\/aromasentia.com\/de\/wp-json\/wp\/v2\/product"}],"about":[{"href":"https:\/\/aromasentia.com\/de\/wp-json\/wp\/v2\/types\/product"}],"replies":[{"embeddable":true,"href":"https:\/\/aromasentia.com\/de\/wp-json\/wp\/v2\/comments?post=219997"}],"version-history":[{"count":0,"href":"https:\/\/aromasentia.com\/de\/wp-json\/wp\/v2\/product\/219997\/revisions"}],"wp:featuredmedia":[{"embeddable":true,"href":"https:\/\/aromasentia.com\/de\/wp-json\/wp\/v2\/media\/416396"}],"wp:attachment":[{"href":"https:\/\/aromasentia.com\/de\/wp-json\/wp\/v2\/media?parent=219997"}],"wp:term":[{"taxonomy":"product_brand","embeddable":true,"href":"https:\/\/aromasentia.com\/de\/wp-json\/wp\/v2\/product_brand?post=219997"},{"taxonomy":"product_cat","embeddable":true,"href":"https:\/\/aromasentia.com\/de\/wp-json\/wp\/v2\/product_cat?post=219997"},{"taxonomy":"product_tag","embeddable":true,"href":"https:\/\/aromasentia.com\/de\/wp-json\/wp\/v2\/product_tag?post=219997"}],"curies":[{"name":"wp","href":"https:\/\/api.w.org\/{rel}","templated":true}]}}