{"id":219957,"date":"2025-03-23T11:06:08","date_gmt":"2025-03-23T11:06:08","guid":{"rendered":"https:\/\/aromasentia.com\/product\/med-3d-floating-frame-display-9x9cm-black\/"},"modified":"2025-12-30T19:32:14","modified_gmt":"2025-12-30T19:32:14","slug":"med-3d-schweberahmen-display-9x9cm-schwarz","status":"publish","type":"product","link":"https:\/\/aromasentia.com\/de\/med-3d-schweberahmen-display-9x9cm-schwarz\/","title":{"rendered":"Med 3D Schweberahmen Display 9x9cm &#8211; Schwarz"},"content":{"rendered":"<p>Mit diesem mittelgro\u00dfen, schwarz gef\u00e4rbten 3D-Schweberahmen-Display pr\u00e4sentieren Sie Ihre Produkte auf fesselnde Weise. Dieses innovative Display nutzt eine transparente, <strong>flexible PE-Membran<\/strong>, um die Illusion zu erwecken, dass Ihre Waren in der Luft schweben, was garantiert Aufmerksamkeit erregt und den Verkauf ankurbelt.<\/p>\n<p>Der Rahmen selbst ist aus <strong>best\u00e4ndigem ABS-Kunststoff<\/strong> gefertigt, was eine lange Lebensdauer in Ihren Regalen oder bei Ihren Kunden zu Hause gew\u00e4hrleistet. Die kristallklare PE-Membran bietet einen ungehinderten 360-Grad-Blick auf Ihre Produkte, so dass die feinen Details durchscheinen. <\/p>\n<p>F\u00fcr ein einfaches Einstellen oder Entnehmen Ihrer Artikel verf\u00fcgt der Rahmen \u00fcber einen einfachen <strong>Aufdr\u00fccken-zu-\u00d6ffnen-Mechanismus<\/strong>.<\/p>\n<p><strong>Ideal f\u00fcr die Pr\u00e4sentation einer Vielzahl von kleinen und mittleren Sch\u00e4tzen:<\/strong><\/p>\n<ul data-sourcepos=\"11:1-16:0\">\n<li data-sourcepos=\"11:1-11:59\">Schmuck, wie Halsketten, Armb\u00e4nder oder gr\u00f6\u00dfere Ohrringe<\/li>\n<li data-sourcepos=\"12:1-12:24\">Edelsteine und Mineralien<\/li>\n<li data-sourcepos=\"13:1-13:59\">Sammlerst\u00fccke wie Medaillen, M\u00fcnzen, Briefmarken oder Sammelkarten<\/li>\n<li data-sourcepos=\"14:1-14:37\">Kleine gerahmte Fotos oder Kunstwerke<\/li>\n<li data-sourcepos=\"15:1-16:0\">Andere kleine Erinnerungsst\u00fccke<\/li>\n<\/ul>\n<p>Die mittlere Gr\u00f6\u00dfe dieses Displays eignet sich perfekt, um ein einzelnes, besonderes St\u00fcck oder eine kleine Sammlung auf einem Tisch oder in einem Regal zu pr\u00e4sentieren. Diese Rahmen k\u00f6nnen aber auch an der Wand befestigt werden, um ein einzigartiges und dekoratives Element zu schaffen. Die PE-Membran <strong>sch\u00fctzt Ihre Produkte vor Staub- und Wassersch\u00e4den<\/strong> und h\u00e4lt sie in makellosem Zustand.<\/p>\n","protected":false},"excerpt":{"rendered":"<p>Mit diesem mittelgro\u00dfen, schwarz gef\u00e4rbten 3D-Schweberahmen-Display pr\u00e4sentieren Sie Ihre Produkte auf fesselnde Weise. Dieses innovative Display nutzt eine transparente, flexible PE-Membran, um die Illusion zu erwecken, dass Ihre Waren in der Luft schweben, was garantiert Aufmerksamkeit erregt und den Verkauf ankurbelt. Der Rahmen selbst ist aus best\u00e4ndigem ABS-Kunststoff gefertigt, was eine lange Lebensdauer in Ihren [&hellip;]<\/p>\n","protected":false},"featured_media":419606,"comment_status":"closed","ping_status":"open","template":"","meta":[],"product_brand":[],"product_cat":[14524],"product_tag":[],"class_list":{"0":"post-219957","1":"product","2":"type-product","3":"status-publish","4":"has-post-thumbnail","6":"product_cat-schmuck-und-accessoires","7":"pa_collection-floating-frame-displays-for-jewellery-de","8":"pa_made-in-china","10":"first","11":"instock","12":"purchasable","13":"product-type-simple"},"supplier_id":null,"supplier_sku":"FFD-06","barcode":null,"atum_controlled":true,"out_stock_date":null,"out_stock_threshold":null,"inheritable":false,"inbound_stock":null,"stock_on_hold":0,"sold_today":0,"sales_last_days":0,"reserved_stock":null,"customer_returns":null,"warehouse_damage":null,"lost_in_post":null,"other_logs":null,"out_stock_days":0,"lost_sales":0,"has_location":null,"update_date":"2026-01-30T01:24:46","atum_locations":[],"atum_stock_status":"instock","restock_status":false,"low_stock_amount":"","sales_update_date":"2026-01-30T01:24:46","calc_backorders":null,"_links":{"self":[{"href":"https:\/\/aromasentia.com\/de\/wp-json\/wp\/v2\/product\/219957","targetHints":{"allow":["GET"]}}],"collection":[{"href":"https:\/\/aromasentia.com\/de\/wp-json\/wp\/v2\/product"}],"about":[{"href":"https:\/\/aromasentia.com\/de\/wp-json\/wp\/v2\/types\/product"}],"replies":[{"embeddable":true,"href":"https:\/\/aromasentia.com\/de\/wp-json\/wp\/v2\/comments?post=219957"}],"version-history":[{"count":0,"href":"https:\/\/aromasentia.com\/de\/wp-json\/wp\/v2\/product\/219957\/revisions"}],"wp:featuredmedia":[{"embeddable":true,"href":"https:\/\/aromasentia.com\/de\/wp-json\/wp\/v2\/media\/419606"}],"wp:attachment":[{"href":"https:\/\/aromasentia.com\/de\/wp-json\/wp\/v2\/media?parent=219957"}],"wp:term":[{"taxonomy":"product_brand","embeddable":true,"href":"https:\/\/aromasentia.com\/de\/wp-json\/wp\/v2\/product_brand?post=219957"},{"taxonomy":"product_cat","embeddable":true,"href":"https:\/\/aromasentia.com\/de\/wp-json\/wp\/v2\/product_cat?post=219957"},{"taxonomy":"product_tag","embeddable":true,"href":"https:\/\/aromasentia.com\/de\/wp-json\/wp\/v2\/product_tag?post=219957"}],"curies":[{"name":"wp","href":"https:\/\/api.w.org\/{rel}","templated":true}]}}