{"id":219937,"date":"2025-03-23T11:06:08","date_gmt":"2025-03-23T11:06:08","guid":{"rendered":"https:\/\/aromasentia.com\/product\/small-3d-floating-frame-display-7x7cm-black\/"},"modified":"2025-12-30T19:32:07","modified_gmt":"2025-12-30T19:32:07","slug":"kleines-3d-schweberahmen-display-7x7cm-schwarz","status":"publish","type":"product","link":"https:\/\/aromasentia.com\/de\/kleines-3d-schweberahmen-display-7x7cm-schwarz\/","title":{"rendered":"Kleines 3D-Schweberahmen-Display 7x7cm &#8211; Schwarz"},"content":{"rendered":"<p>Fesseln Sie Ihre Kunden mit diesem kleinen, schwarzen 3D-Schweberahmen-Display. Dieses innovative Display nutzt eine <strong>transparente, flexible PE-Membran<\/strong>, um die Illusion zu erzeugen, dass Ihre Produkte in der Luft schweben, was garantiert Aufmerksamkeit erregt und den Verkauf ankurbelt.<\/p>\n<p>Der Rahmen selbst ist aus <strong>strapazierf\u00e4higem ABS-Kunststoff<\/strong> gefertigt und garantiert eine lange Lebensdauer. <\/p>\n<p>Die kristallklare PE-Membran bietet einen ungehinderten 360-Grad-Blick auf Ihre Waren, so dass die feinen Details zum Vorschein kommen. Der Rahmen verf\u00fcgt \u00fcber einen einfachen <strong>Aufdr\u00fccken-zu-\u00d6ffnen-Mechanismus<\/strong>, um Ihre Produkte leicht zu platzieren oder zu entfernen.<\/p>\n<p>Ideal f\u00fcr die Pr\u00e4sentation einer Vielzahl von kleinen Sch\u00e4tzen:<\/p>\n<ul data-sourcepos=\"11:1-15:0\">\n<li data-sourcepos=\"11:1-11:46\">Schmuck, wie Ringe, Ohrringe und Halsketten<\/li>\n<li data-sourcepos=\"12:1-12:24\">Edelsteine und Mineralien<\/li>\n<li data-sourcepos=\"13:1-13:57\">Sammlerst\u00fccke wie M\u00fcnzen, Briefmarken oder Miniaturfiguren<\/li>\n<li data-sourcepos=\"14:1-15:0\">Medaillen oder andere kleine Andenken<\/li>\n<\/ul>\n<p>Die kompakte Gr\u00f6\u00dfe dieses Displays eignet sich perfekt, um ein einzelnes, besonderes St\u00fcck auf einem Tisch oder Regal zu pr\u00e4sentieren. Diese Rahmen k\u00f6nnen aber auch <strong>an der Wand<\/strong> angebracht werden, um eine einzigartige und dekorative Pr\u00e4sentation zu schaffen. Zus\u00e4tzlich sch\u00fctzt die PE-Membran Ihre Produkte vor Staub und Wassersch\u00e4den, so dass sie in einem tadellosen Zustand bleiben.<\/p>\n<p>><\/p>\n","protected":false},"excerpt":{"rendered":"<p>Fesseln Sie Ihre Kunden mit diesem kleinen, schwarzen 3D-Schweberahmen-Display. Dieses innovative Display nutzt eine transparente, flexible PE-Membran, um die Illusion zu erzeugen, dass Ihre Produkte in der Luft schweben, was garantiert Aufmerksamkeit erregt und den Verkauf ankurbelt. Der Rahmen selbst ist aus strapazierf\u00e4higem ABS-Kunststoff gefertigt und garantiert eine lange Lebensdauer. Die kristallklare PE-Membran bietet einen [&hellip;]<\/p>\n","protected":false},"featured_media":419561,"comment_status":"closed","ping_status":"open","template":"","meta":[],"product_brand":[],"product_cat":[14524],"product_tag":[],"class_list":{"0":"post-219937","1":"product","2":"type-product","3":"status-publish","4":"has-post-thumbnail","6":"product_cat-schmuck-und-accessoires","7":"pa_collection-floating-frame-displays-for-jewellery-de","8":"pa_made-in-china","10":"first","11":"instock","12":"purchasable","13":"product-type-simple"},"supplier_id":null,"supplier_sku":"FFD-01","barcode":null,"atum_controlled":true,"out_stock_date":null,"out_stock_threshold":null,"inheritable":false,"inbound_stock":null,"stock_on_hold":0,"sold_today":0,"sales_last_days":0,"reserved_stock":null,"customer_returns":null,"warehouse_damage":null,"lost_in_post":null,"other_logs":null,"out_stock_days":0,"lost_sales":0,"has_location":null,"update_date":"2026-02-09T14:52:15","atum_locations":[],"atum_stock_status":"instock","restock_status":false,"low_stock_amount":"","sales_update_date":"2026-01-30T01:24:35","calc_backorders":null,"_links":{"self":[{"href":"https:\/\/aromasentia.com\/de\/wp-json\/wp\/v2\/product\/219937","targetHints":{"allow":["GET"]}}],"collection":[{"href":"https:\/\/aromasentia.com\/de\/wp-json\/wp\/v2\/product"}],"about":[{"href":"https:\/\/aromasentia.com\/de\/wp-json\/wp\/v2\/types\/product"}],"replies":[{"embeddable":true,"href":"https:\/\/aromasentia.com\/de\/wp-json\/wp\/v2\/comments?post=219937"}],"version-history":[{"count":0,"href":"https:\/\/aromasentia.com\/de\/wp-json\/wp\/v2\/product\/219937\/revisions"}],"wp:featuredmedia":[{"embeddable":true,"href":"https:\/\/aromasentia.com\/de\/wp-json\/wp\/v2\/media\/419561"}],"wp:attachment":[{"href":"https:\/\/aromasentia.com\/de\/wp-json\/wp\/v2\/media?parent=219937"}],"wp:term":[{"taxonomy":"product_brand","embeddable":true,"href":"https:\/\/aromasentia.com\/de\/wp-json\/wp\/v2\/product_brand?post=219937"},{"taxonomy":"product_cat","embeddable":true,"href":"https:\/\/aromasentia.com\/de\/wp-json\/wp\/v2\/product_cat?post=219937"},{"taxonomy":"product_tag","embeddable":true,"href":"https:\/\/aromasentia.com\/de\/wp-json\/wp\/v2\/product_tag?post=219937"}],"curies":[{"name":"wp","href":"https:\/\/api.w.org\/{rel}","templated":true}]}}