{"id":219929,"date":"2025-03-23T11:06:08","date_gmt":"2025-03-23T11:06:08","guid":{"rendered":"https:\/\/aromasentia.com\/product\/cedarwood-crown-chakra-bangle-with-clear-quartz\/"},"modified":"2025-12-30T19:32:07","modified_gmt":"2025-12-30T19:32:07","slug":"kronenchakra-armreif-aus-zedernholz-mit-klarem-quarz","status":"publish","type":"product","link":"https:\/\/aromasentia.com\/de\/kronenchakra-armreif-aus-zedernholz-mit-klarem-quarz\/","title":{"rendered":"Kronenchakra-Armreif aus Zedernholz mit klarem Quarz"},"content":{"rendered":"<p><span style=\"color: rgb(75, 80, 88);\">Begeben Sie sich auf eine Reise der spirituellen Verbindung und der Klarheit des Denkens mit dem <strong>Kronchakra-Armreif aus Zedernholz mit Bergkristall<\/strong>. Dieses bezaubernde Armband dient als Kanal zur Verst\u00e4rkung spiritueller Energie und f\u00f6rdert geistige Klarheit und ist somit eine unverzichtbare Erg\u00e4nzung der ganzheitlichen Wellness-Kollektion Ihres Gesch\u00e4fts.<\/span><\/p>\n<p><span style=\"color: rgb(75, 80, 88);\">Im Herzen dieses Armreifs gl\u00e4nzt der leuchtende Bergkristall, der f\u00fcr seine F\u00e4higkeit bekannt ist, spirituelle Energie zu verst\u00e4rken und geistige Klarheit zu f\u00f6rdern. Durch die Stimulation des Kronenchakras erm\u00f6glicht es eine <strong>tiefere Verbindung zum G\u00f6ttlichen und f\u00f6rdert spirituelles Wachstum<\/strong>.<\/span><\/p>\n<p><span style=\"color: rgb(75, 80, 88);\">Durchdrungen vom wohltuenden Aroma von Zedernholz h\u00fcllt dieses Armreif den Menschen in ein Gef\u00fchl der Ruhe und Erleuchtung. Die uralte Weisheit des Zedernholzes verleiht der Reise eine spirituelle Dimension und l\u00e4dt Ihre Kunden ein, Klarheit des Denkens und spirituelle Erleuchtung zu erlangen.<\/span><\/p>\n<p><span style=\"color: rgb(75, 80, 88);\">Erweitern Sie die Geschenkauswahl Ihres Gesch\u00e4fts mit einem Produkt, das inspiriert und erhebt. Das Kronenchakra-Armband aus Zedernholz mit Bergkristall ist ein bedeutungsvolles und aufmerksames Geschenk f\u00fcr spirituell Suchende, Meditierende oder jeden, der sich auf einer Reise der Selbstfindung und Erleuchtung befindet.<\/span><\/p>\n<p><span style=\"color: rgb(75, 80, 88);\"><strong>Ma\u00dfe:<\/strong><\/span><\/p>\n<p><span style=\"color: rgb(75, 80, 88);\"><em>Armband: Durchmesser 7 cm<\/em><\/span><\/p>\n<p><span style=\"color: rgb(75, 80, 88);\"><em>Perle: Durchmesser 1 cm<\/em><\/span><\/p>\n","protected":false},"excerpt":{"rendered":"<p>Begeben Sie sich auf eine Reise der spirituellen Verbindung und der Klarheit des Denkens mit dem Kronchakra-Armreif aus Zedernholz mit Bergkristall. Dieses bezaubernde Armband dient als Kanal zur Verst\u00e4rkung spiritueller Energie und f\u00f6rdert geistige Klarheit und ist somit eine unverzichtbare Erg\u00e4nzung der ganzheitlichen Wellness-Kollektion Ihres Gesch\u00e4fts. Im Herzen dieses Armreifs gl\u00e4nzt der leuchtende Bergkristall, der [&hellip;]<\/p>\n","protected":false},"featured_media":419495,"comment_status":"closed","ping_status":"open","template":"","meta":[],"product_brand":[],"product_cat":[25210,25223,25735,14524],"product_tag":[],"class_list":{"0":"post-219929","1":"product","2":"type-product","3":"status-publish","4":"has-post-thumbnail","6":"product_cat-armbaender","7":"product_cat-edelsteine-mineralien","8":"product_cat-quarz","9":"product_cat-schmuck-und-accessoires","10":"pa_collection-cedarwood-chakra-bangles-de","11":"pa_made-in-china","13":"first","14":"instock","15":"purchasable","16":"product-type-simple"},"supplier_id":null,"supplier_sku":"CWBG-07","barcode":null,"atum_controlled":true,"out_stock_date":null,"out_stock_threshold":null,"inheritable":false,"inbound_stock":null,"stock_on_hold":0,"sold_today":0,"sales_last_days":0,"reserved_stock":null,"customer_returns":null,"warehouse_damage":null,"lost_in_post":null,"other_logs":null,"out_stock_days":0,"lost_sales":0,"has_location":null,"update_date":"2026-02-09T10:26:09","atum_locations":[],"atum_stock_status":"instock","restock_status":false,"low_stock_amount":"","sales_update_date":"2025-10-09T03:28:43","calc_backorders":null,"_links":{"self":[{"href":"https:\/\/aromasentia.com\/de\/wp-json\/wp\/v2\/product\/219929","targetHints":{"allow":["GET"]}}],"collection":[{"href":"https:\/\/aromasentia.com\/de\/wp-json\/wp\/v2\/product"}],"about":[{"href":"https:\/\/aromasentia.com\/de\/wp-json\/wp\/v2\/types\/product"}],"replies":[{"embeddable":true,"href":"https:\/\/aromasentia.com\/de\/wp-json\/wp\/v2\/comments?post=219929"}],"version-history":[{"count":0,"href":"https:\/\/aromasentia.com\/de\/wp-json\/wp\/v2\/product\/219929\/revisions"}],"wp:featuredmedia":[{"embeddable":true,"href":"https:\/\/aromasentia.com\/de\/wp-json\/wp\/v2\/media\/419495"}],"wp:attachment":[{"href":"https:\/\/aromasentia.com\/de\/wp-json\/wp\/v2\/media?parent=219929"}],"wp:term":[{"taxonomy":"product_brand","embeddable":true,"href":"https:\/\/aromasentia.com\/de\/wp-json\/wp\/v2\/product_brand?post=219929"},{"taxonomy":"product_cat","embeddable":true,"href":"https:\/\/aromasentia.com\/de\/wp-json\/wp\/v2\/product_cat?post=219929"},{"taxonomy":"product_tag","embeddable":true,"href":"https:\/\/aromasentia.com\/de\/wp-json\/wp\/v2\/product_tag?post=219929"}],"curies":[{"name":"wp","href":"https:\/\/api.w.org\/{rel}","templated":true}]}}