{"id":219901,"date":"2025-03-23T11:06:08","date_gmt":"2025-03-23T11:06:08","guid":{"rendered":"https:\/\/aromasentia.com\/product\/coco-slogan-bangle-friends\/"},"modified":"2025-12-30T19:32:07","modified_gmt":"2025-12-30T19:32:07","slug":"coco-slogan-armreifen-friends","status":"publish","type":"product","link":"https:\/\/aromasentia.com\/de\/coco-slogan-armreifen-friends\/","title":{"rendered":"Coco-Slogan-Armreifen \u2013 #Friends"},"content":{"rendered":"<p>Diese Kokosnuss-Armb\u00e4nder mit Slogan sind von der Natur Balis inspiriert. Das einziehbare Armband besteht aus nat\u00fcrlichen Kokosnussperlen mit einem beliebten Slogan. Der Slogan ist in wei\u00dfer Tinte auf eine Kokosnussplatte geschrieben und mit zwei Schichten Klarlack gesch\u00fctzt. Die Gr\u00f6\u00dfe betr\u00e4gt ca. 15 cm, das elastische Material passt bequem an jedes Handgelenk. Jedes Armband ist wundersch\u00f6n pr\u00e4sentiert \u2013 einfach ein perfektes Geschenk f\u00fcr jeden Anlass. Peppen Sie Ihre Schmucksammlung mit diesen Kokosnuss-Slogan-Armb\u00e4ndern auf und bringen Sie etwas Farbe in Ihre Schmucksammlung.<\/p>\n","protected":false},"excerpt":{"rendered":"<p>Diese Kokosnuss-Armb\u00e4nder mit Slogan sind von der Natur Balis inspiriert. Das einziehbare Armband besteht aus nat\u00fcrlichen Kokosnussperlen mit einem beliebten Slogan. Der Slogan ist in wei\u00dfer Tinte auf eine Kokosnussplatte geschrieben und mit zwei Schichten Klarlack gesch\u00fctzt. Die Gr\u00f6\u00dfe betr\u00e4gt ca. 15 cm, das elastische Material passt bequem an jedes Handgelenk. Jedes Armband ist wundersch\u00f6n [&hellip;]<\/p>\n","protected":false},"featured_media":419280,"comment_status":"closed","ping_status":"open","template":"","meta":[],"product_brand":[],"product_cat":[14524],"product_tag":[],"class_list":{"0":"post-219901","1":"product","2":"type-product","3":"status-publish","4":"has-post-thumbnail","6":"product_cat-schmuck-und-accessoires","7":"pa_collection-coco-slogan-bracelets-de","8":"pa_made-in-indonesien","10":"first","11":"instock","12":"purchasable","13":"product-type-simple"},"supplier_id":null,"supplier_sku":"CocoSG-06","barcode":null,"atum_controlled":true,"out_stock_date":null,"out_stock_threshold":null,"inheritable":false,"inbound_stock":null,"stock_on_hold":0,"sold_today":0,"sales_last_days":0,"reserved_stock":null,"customer_returns":null,"warehouse_damage":null,"lost_in_post":null,"other_logs":null,"out_stock_days":0,"lost_sales":0,"has_location":null,"update_date":"2026-01-30T01:25:59","atum_locations":[],"atum_stock_status":"instock","restock_status":false,"low_stock_amount":"","sales_update_date":"2026-01-30T01:25:59","calc_backorders":null,"_links":{"self":[{"href":"https:\/\/aromasentia.com\/de\/wp-json\/wp\/v2\/product\/219901","targetHints":{"allow":["GET"]}}],"collection":[{"href":"https:\/\/aromasentia.com\/de\/wp-json\/wp\/v2\/product"}],"about":[{"href":"https:\/\/aromasentia.com\/de\/wp-json\/wp\/v2\/types\/product"}],"replies":[{"embeddable":true,"href":"https:\/\/aromasentia.com\/de\/wp-json\/wp\/v2\/comments?post=219901"}],"version-history":[{"count":0,"href":"https:\/\/aromasentia.com\/de\/wp-json\/wp\/v2\/product\/219901\/revisions"}],"wp:featuredmedia":[{"embeddable":true,"href":"https:\/\/aromasentia.com\/de\/wp-json\/wp\/v2\/media\/419280"}],"wp:attachment":[{"href":"https:\/\/aromasentia.com\/de\/wp-json\/wp\/v2\/media?parent=219901"}],"wp:term":[{"taxonomy":"product_brand","embeddable":true,"href":"https:\/\/aromasentia.com\/de\/wp-json\/wp\/v2\/product_brand?post=219901"},{"taxonomy":"product_cat","embeddable":true,"href":"https:\/\/aromasentia.com\/de\/wp-json\/wp\/v2\/product_cat?post=219901"},{"taxonomy":"product_tag","embeddable":true,"href":"https:\/\/aromasentia.com\/de\/wp-json\/wp\/v2\/product_tag?post=219901"}],"curies":[{"name":"wp","href":"https:\/\/api.w.org\/{rel}","templated":true}]}}