{"id":219817,"date":"2025-03-23T11:06:08","date_gmt":"2025-03-23T11:06:08","guid":{"rendered":"https:\/\/aromasentia.com\/product\/crystal-gemstone-necklace-cord-45cm-18inch-brown\/"},"modified":"2025-12-30T19:31:45","modified_gmt":"2025-12-30T19:31:45","slug":"halskette-mit-kristall-edelsteinen-45-cm-braun","status":"publish","type":"product","link":"https:\/\/aromasentia.com\/de\/halskette-mit-kristall-edelsteinen-45-cm-braun\/","title":{"rendered":"Halskette mit Kristall-Edelsteinen, 45 cm, Braun"},"content":{"rendered":"<p><span style=\"color: rgb(75, 80, 88);\">Die mit Liebe zum Detail gefertigte Kordel besticht durch ihr glattes, mattes Finish, das subtile Eleganz ausstrahlt. Ihre massive und dennoch geschmeidige Beschaffenheit sorgt f\u00fcr einen sicheren und bequemen Sitz und macht sie f\u00fcr eine Vielzahl von Edelsteingr\u00f6\u00dfen und -formen geeignet.<\/span><\/p>\n<p><span style=\"color: rgb(75, 80, 88);\">Die Vielseitigkeit der Kordel wird durch ihre verstellbare L\u00e4nge noch weiter gesteigert, sodass Kunden die Halskettenl\u00e4nge m\u00fchelos an ihren pers\u00f6nlichen Stil anpassen k\u00f6nnen. Die Einarbeitung von Naturholzperlen verleiht der Halskette ein subtiles organisches Element und einen Hauch von Boho-Chic.<\/span><\/p>\n<p><span style=\"color: rgb(75, 80, 88);\">Mit dieser hochwertigen Halskette mit schwarzen Kristall-Edelsteinen k\u00f6nnen Sie der wachsenden Nachfrage nach personalisiertem Schmuck gerecht werden. Sein minimalistisches Design dient als perfekte Leinwand, um die Sch\u00f6nheit und Einzigartigkeit verschiedener Edelsteine zu pr\u00e4sentieren und erm\u00f6glicht es Kunden, einzigartige St\u00fccke zu kreieren, die ihren individuellen Geschmack widerspiegeln.<\/span><\/p>\n<p><span style=\"color: rgb(75, 80, 88);\"><strong>Bitte beachten: Der abgebildete Edelstein ist nicht im Lieferumfang enthalten. Der Edelstein dient ausschlie\u00dflich zur Veranschaulichung, um zu zeigen, wie die Halskette in Kombination mit einem Edelstein aussieht.<\/strong><\/span><strong>.<\/strong><\/p>\n","protected":false},"excerpt":{"rendered":"<p>Die mit Liebe zum Detail gefertigte Kordel besticht durch ihr glattes, mattes Finish, das subtile Eleganz ausstrahlt. Ihre massive und dennoch geschmeidige Beschaffenheit sorgt f\u00fcr einen sicheren und bequemen Sitz und macht sie f\u00fcr eine Vielzahl von Edelsteingr\u00f6\u00dfen und -formen geeignet. Die Vielseitigkeit der Kordel wird durch ihre verstellbare L\u00e4nge noch weiter gesteigert, sodass Kunden [&hellip;]<\/p>\n","protected":false},"featured_media":418723,"comment_status":"closed","ping_status":"open","template":"","meta":{"_angie_page":false},"product_brand":[],"product_cat":[25217,14524],"product_tag":[],"class_list":{"0":"post-219817","1":"product","2":"type-product","3":"status-publish","4":"has-post-thumbnail","6":"product_cat-halsketten-anhaenger","7":"product_cat-schmuck-und-accessoires","8":"pa_collection-crystal-gemstone-necklace-cord-de","9":"pa_made-in-china","11":"first","12":"instock","13":"purchasable","14":"product-type-simple"},"supplier_id":null,"supplier_sku":"CGNC-04","barcode":null,"atum_controlled":true,"out_stock_date":null,"out_stock_threshold":null,"inheritable":false,"inbound_stock":null,"stock_on_hold":0,"sold_today":0,"sales_last_days":0,"reserved_stock":null,"customer_returns":null,"warehouse_damage":null,"lost_in_post":null,"other_logs":null,"out_stock_days":0,"lost_sales":0,"has_location":null,"update_date":"2026-04-27T06:56:48","atum_locations":[],"atum_stock_status":"instock","restock_status":false,"low_stock_amount":"","sales_update_date":"2026-01-30T01:26:30","calc_backorders":null,"_links":{"self":[{"href":"https:\/\/aromasentia.com\/de\/wp-json\/wp\/v2\/product\/219817","targetHints":{"allow":["GET"]}}],"collection":[{"href":"https:\/\/aromasentia.com\/de\/wp-json\/wp\/v2\/product"}],"about":[{"href":"https:\/\/aromasentia.com\/de\/wp-json\/wp\/v2\/types\/product"}],"replies":[{"embeddable":true,"href":"https:\/\/aromasentia.com\/de\/wp-json\/wp\/v2\/comments?post=219817"}],"version-history":[{"count":0,"href":"https:\/\/aromasentia.com\/de\/wp-json\/wp\/v2\/product\/219817\/revisions"}],"wp:featuredmedia":[{"embeddable":true,"href":"https:\/\/aromasentia.com\/de\/wp-json\/wp\/v2\/media\/418723"}],"wp:attachment":[{"href":"https:\/\/aromasentia.com\/de\/wp-json\/wp\/v2\/media?parent=219817"}],"wp:term":[{"taxonomy":"product_brand","embeddable":true,"href":"https:\/\/aromasentia.com\/de\/wp-json\/wp\/v2\/product_brand?post=219817"},{"taxonomy":"product_cat","embeddable":true,"href":"https:\/\/aromasentia.com\/de\/wp-json\/wp\/v2\/product_cat?post=219817"},{"taxonomy":"product_tag","embeddable":true,"href":"https:\/\/aromasentia.com\/de\/wp-json\/wp\/v2\/product_tag?post=219817"}],"curies":[{"name":"wp","href":"https:\/\/api.w.org\/{rel}","templated":true}]}}