{"id":219801,"date":"2025-03-23T11:06:08","date_gmt":"2025-03-23T11:06:08","guid":{"rendered":"https:\/\/aromasentia.com\/product\/crown-ingot-grey-agate-gemstone-bracelet\/"},"modified":"2025-12-30T19:31:45","modified_gmt":"2025-12-30T19:31:45","slug":"kronenbarren-grauer-achat-edelstein-armband","status":"publish","type":"product","link":"https:\/\/aromasentia.com\/de\/kronenbarren-grauer-achat-edelstein-armband\/","title":{"rendered":"Kronenbarren \/ grauer Achat &#8211; Edelstein Armband"},"content":{"rendered":"<p>Achat ist ein Schutzstein, den jeder haben sollte. Er ist einer der \u00e4ltesten Steine der Geschichte. Achate ziehen Kraft an. Achat sch\u00fctzt vor schlechten Tr\u00e4umen und vor Stress und Energieverlust.<\/p>\n<p>Die farbig geb\u00e4nderten Achate wurden an das Kopfende des Schlafenden gelegt, um reiche und abwechslungsreiche Tr\u00e4ume zu erm\u00f6glichen. Achat ist ein hervorragender Stein, um K\u00f6rper, Geist und Seele wieder ins Gleichgewicht zu bringen und zu harmonisieren.<\/p>\n<p>Er reinigt und stabilisiert die Aura und beseitigt und transformiert Negativit\u00e4t.<\/p>\n<p>Cooler Unisex-Bling &#8230; multikulturell, Gut und B\u00f6se, Himmel und H\u00f6lle &#8230; Dieser Boho-Schmuck von Ancient Wisdom ist sowohl ein Hingucker als auch Seelentr\u00f6ster.<\/p>\n<p>Unser talentierter Designer hat Elemente der \u00f6stlichen und westlichen Kultur mit einer geh\u00f6rigen Portion Mystik und K\u00f6niglichkeit vermischt.<\/p>\n<p>Mach dir keine Sorgen, ob die Armb\u00e4nder passen, da sie sich dehnen \u2013 Einheitsgr\u00f6\u00dfe.<\/p>\n","protected":false},"excerpt":{"rendered":"<p>Achat ist ein Schutzstein, den jeder haben sollte. Er ist einer der \u00e4ltesten Steine der Geschichte. Achate ziehen Kraft an. Achat sch\u00fctzt vor schlechten Tr\u00e4umen und vor Stress und Energieverlust. Die farbig geb\u00e4nderten Achate wurden an das Kopfende des Schlafenden gelegt, um reiche und abwechslungsreiche Tr\u00e4ume zu erm\u00f6glichen. Achat ist ein hervorragender Stein, um K\u00f6rper, [&hellip;]<\/p>\n","protected":false},"featured_media":418583,"comment_status":"closed","ping_status":"open","template":"","meta":{"_angie_page":false},"product_brand":[],"product_cat":[25542,25210,25223,14524],"product_tag":[],"class_list":{"0":"post-219801","1":"product","2":"type-product","3":"status-publish","4":"has-post-thumbnail","6":"product_cat-agate","7":"product_cat-armbaender","8":"product_cat-edelsteine-mineralien","9":"product_cat-schmuck-und-accessoires","10":"pa_collection-boho-bling-gemstones-bracelets-de","11":"pa_made-in-china","13":"first","14":"instock","15":"purchasable","16":"product-type-simple"},"supplier_id":null,"supplier_sku":"Boho-12","barcode":null,"atum_controlled":true,"out_stock_date":null,"out_stock_threshold":null,"inheritable":false,"inbound_stock":null,"stock_on_hold":0,"sold_today":0,"sales_last_days":0,"reserved_stock":null,"customer_returns":null,"warehouse_damage":null,"lost_in_post":null,"other_logs":null,"out_stock_days":0,"lost_sales":0,"has_location":null,"update_date":"2026-04-27T06:55:20","atum_locations":[],"atum_stock_status":"instock","restock_status":false,"low_stock_amount":"","sales_update_date":"2026-01-30T01:24:26","calc_backorders":null,"_links":{"self":[{"href":"https:\/\/aromasentia.com\/de\/wp-json\/wp\/v2\/product\/219801","targetHints":{"allow":["GET"]}}],"collection":[{"href":"https:\/\/aromasentia.com\/de\/wp-json\/wp\/v2\/product"}],"about":[{"href":"https:\/\/aromasentia.com\/de\/wp-json\/wp\/v2\/types\/product"}],"replies":[{"embeddable":true,"href":"https:\/\/aromasentia.com\/de\/wp-json\/wp\/v2\/comments?post=219801"}],"version-history":[{"count":0,"href":"https:\/\/aromasentia.com\/de\/wp-json\/wp\/v2\/product\/219801\/revisions"}],"wp:featuredmedia":[{"embeddable":true,"href":"https:\/\/aromasentia.com\/de\/wp-json\/wp\/v2\/media\/418583"}],"wp:attachment":[{"href":"https:\/\/aromasentia.com\/de\/wp-json\/wp\/v2\/media?parent=219801"}],"wp:term":[{"taxonomy":"product_brand","embeddable":true,"href":"https:\/\/aromasentia.com\/de\/wp-json\/wp\/v2\/product_brand?post=219801"},{"taxonomy":"product_cat","embeddable":true,"href":"https:\/\/aromasentia.com\/de\/wp-json\/wp\/v2\/product_cat?post=219801"},{"taxonomy":"product_tag","embeddable":true,"href":"https:\/\/aromasentia.com\/de\/wp-json\/wp\/v2\/product_tag?post=219801"}],"curies":[{"name":"wp","href":"https:\/\/api.w.org\/{rel}","templated":true}]}}