{"id":219773,"date":"2025-03-23T11:06:16","date_gmt":"2025-03-23T11:06:16","guid":{"rendered":"https:\/\/aromasentia.com\/product\/18k-gold-plated-gemstone-black-string-bracelet-tiger-eye\/"},"modified":"2025-12-30T19:31:37","modified_gmt":"2025-12-30T19:31:37","slug":"18k-vergoldetes-edelstein-schnurarmbandt-tigerauge","status":"publish","type":"product","link":"https:\/\/aromasentia.com\/de\/18k-vergoldetes-edelstein-schnurarmbandt-tigerauge\/","title":{"rendered":"18K Vergoldetes Edelstein-Schnurarmbandt &#8211; Tigerauge"},"content":{"rendered":"<p><strong>Das vergoldete schwarze Armband mit Edelsteinen und Tigerauge<\/strong> wird durch einen mit 18 Karat Gold beschichteten Schiebeverschluss erg\u00e4nzt, mit dem Sie das Armband f\u00fcr einen festen Sitz anpassen k\u00f6nnen.<\/p>\n","protected":false},"excerpt":{"rendered":"<p>Das vergoldete schwarze Armband mit Edelsteinen und Tigerauge wird durch einen mit 18 Karat Gold beschichteten Schiebeverschluss erg\u00e4nzt, mit dem Sie das Armband f\u00fcr einen festen Sitz anpassen k\u00f6nnen.<\/p>\n","protected":false},"featured_media":421124,"comment_status":"closed","ping_status":"open","template":"","meta":{"_angie_page":false},"product_brand":[],"product_cat":[25210,25223,14524,25787],"product_tag":[],"class_list":{"0":"post-219773","1":"product","2":"type-product","3":"status-publish","4":"has-post-thumbnail","6":"product_cat-armbaender","7":"product_cat-edelsteine-mineralien","8":"product_cat-schmuck-und-accessoires","9":"product_cat-tigerauge","10":"pa_collection-gemstones-string-bracelet-de","11":"pa_made-in-china","13":"first","14":"instock","15":"purchasable","16":"product-type-simple"},"supplier_id":null,"supplier_sku":"GemSB-07","barcode":null,"atum_controlled":true,"out_stock_date":null,"out_stock_threshold":null,"inheritable":false,"inbound_stock":null,"stock_on_hold":0,"sold_today":0,"sales_last_days":0,"reserved_stock":null,"customer_returns":null,"warehouse_damage":null,"lost_in_post":null,"other_logs":null,"out_stock_days":0,"lost_sales":0,"has_location":null,"update_date":"2026-05-04T00:03:55","atum_locations":[],"atum_stock_status":"instock","restock_status":false,"low_stock_amount":"","sales_update_date":"2025-09-03T00:16:56","calc_backorders":null,"_links":{"self":[{"href":"https:\/\/aromasentia.com\/de\/wp-json\/wp\/v2\/product\/219773","targetHints":{"allow":["GET"]}}],"collection":[{"href":"https:\/\/aromasentia.com\/de\/wp-json\/wp\/v2\/product"}],"about":[{"href":"https:\/\/aromasentia.com\/de\/wp-json\/wp\/v2\/types\/product"}],"replies":[{"embeddable":true,"href":"https:\/\/aromasentia.com\/de\/wp-json\/wp\/v2\/comments?post=219773"}],"version-history":[{"count":0,"href":"https:\/\/aromasentia.com\/de\/wp-json\/wp\/v2\/product\/219773\/revisions"}],"wp:featuredmedia":[{"embeddable":true,"href":"https:\/\/aromasentia.com\/de\/wp-json\/wp\/v2\/media\/421124"}],"wp:attachment":[{"href":"https:\/\/aromasentia.com\/de\/wp-json\/wp\/v2\/media?parent=219773"}],"wp:term":[{"taxonomy":"product_brand","embeddable":true,"href":"https:\/\/aromasentia.com\/de\/wp-json\/wp\/v2\/product_brand?post=219773"},{"taxonomy":"product_cat","embeddable":true,"href":"https:\/\/aromasentia.com\/de\/wp-json\/wp\/v2\/product_cat?post=219773"},{"taxonomy":"product_tag","embeddable":true,"href":"https:\/\/aromasentia.com\/de\/wp-json\/wp\/v2\/product_tag?post=219773"}],"curies":[{"name":"wp","href":"https:\/\/api.w.org\/{rel}","templated":true}]}}