{"id":219757,"date":"2025-03-23T11:06:16","date_gmt":"2025-03-23T11:06:16","guid":{"rendered":"https:\/\/aromasentia.com\/product\/18k-gold-plated-gemstone-bordeaux-string-bracelet-rose-quartz\/"},"modified":"2025-12-30T19:31:37","modified_gmt":"2025-12-30T19:31:37","slug":"18k-vergoldetes-edelstein-schnurarmband-rosenquarz","status":"publish","type":"product","link":"https:\/\/aromasentia.com\/de\/18k-vergoldetes-edelstein-schnurarmband-rosenquarz\/","title":{"rendered":"18K Vergoldetes Edelstein-Schnurarmband &#8211; Rosenquarz"},"content":{"rendered":"<p><strong><span style=\"color: rgb(75, 80, 88);\">Vergoldetes Armband aus Bordeaux mit Edelsteinen \u2013 Rosenquarz<\/span><\/strong><span style=\"color: rgb(75, 80, 88);\">ist mit einem 18 Karat vergoldeten Schiebeverschluss ausgestattet, mit dem Sie das Armband f\u00fcr einen festen Sitz anpassen k\u00f6nnen.<\/span><\/p>\n<p><span style=\"color: rgb(75, 80, 88);\"><em>Perlengr\u00f6\u00dfe 1 (Edelstein) \u2013 6 mm<\/em><\/span><\/p>\n<p><span style=\"color: rgb(75, 80, 88);\"><em>Armbandumfang \u2013 8,5 mm<\/em><\/span><\/p>\n","protected":false},"excerpt":{"rendered":"<p>Vergoldetes Armband aus Bordeaux mit Edelsteinen \u2013 Rosenquarzist mit einem 18 Karat vergoldeten Schiebeverschluss ausgestattet, mit dem Sie das Armband f\u00fcr einen festen Sitz anpassen k\u00f6nnen. Perlengr\u00f6\u00dfe 1 (Edelstein) \u2013 6 mm Armbandumfang \u2013 8,5 mm<\/p>\n","protected":false},"featured_media":420992,"comment_status":"closed","ping_status":"open","template":"","meta":{"_angie_page":false},"product_brand":[],"product_cat":[25210,25223,25735,25752,14524],"product_tag":[],"class_list":{"0":"post-219757","1":"product","2":"type-product","3":"status-publish","4":"has-post-thumbnail","6":"product_cat-armbaender","7":"product_cat-edelsteine-mineralien","8":"product_cat-quarz","9":"product_cat-rosenquarz","10":"product_cat-schmuck-und-accessoires","11":"pa_collection-gemstones-string-bracelets-de","12":"pa_made-in-china","14":"first","15":"instock","16":"purchasable","17":"product-type-simple"},"supplier_id":null,"supplier_sku":"GemSB-03","barcode":null,"atum_controlled":true,"out_stock_date":null,"out_stock_threshold":null,"inheritable":false,"inbound_stock":null,"stock_on_hold":0,"sold_today":0,"sales_last_days":0,"reserved_stock":null,"customer_returns":null,"warehouse_damage":null,"lost_in_post":null,"other_logs":null,"out_stock_days":0,"lost_sales":0,"has_location":null,"update_date":"2026-05-04T00:03:55","atum_locations":[],"atum_stock_status":"instock","restock_status":false,"low_stock_amount":"","sales_update_date":"2025-09-03T00:16:56","calc_backorders":null,"_links":{"self":[{"href":"https:\/\/aromasentia.com\/de\/wp-json\/wp\/v2\/product\/219757","targetHints":{"allow":["GET"]}}],"collection":[{"href":"https:\/\/aromasentia.com\/de\/wp-json\/wp\/v2\/product"}],"about":[{"href":"https:\/\/aromasentia.com\/de\/wp-json\/wp\/v2\/types\/product"}],"replies":[{"embeddable":true,"href":"https:\/\/aromasentia.com\/de\/wp-json\/wp\/v2\/comments?post=219757"}],"version-history":[{"count":0,"href":"https:\/\/aromasentia.com\/de\/wp-json\/wp\/v2\/product\/219757\/revisions"}],"wp:featuredmedia":[{"embeddable":true,"href":"https:\/\/aromasentia.com\/de\/wp-json\/wp\/v2\/media\/420992"}],"wp:attachment":[{"href":"https:\/\/aromasentia.com\/de\/wp-json\/wp\/v2\/media?parent=219757"}],"wp:term":[{"taxonomy":"product_brand","embeddable":true,"href":"https:\/\/aromasentia.com\/de\/wp-json\/wp\/v2\/product_brand?post=219757"},{"taxonomy":"product_cat","embeddable":true,"href":"https:\/\/aromasentia.com\/de\/wp-json\/wp\/v2\/product_cat?post=219757"},{"taxonomy":"product_tag","embeddable":true,"href":"https:\/\/aromasentia.com\/de\/wp-json\/wp\/v2\/product_tag?post=219757"}],"curies":[{"name":"wp","href":"https:\/\/api.w.org\/{rel}","templated":true}]}}