{"id":219753,"date":"2025-03-23T11:06:16","date_gmt":"2025-03-23T11:06:16","guid":{"rendered":"https:\/\/aromasentia.com\/product\/925-silver-plated-gemstone-black-string-bracelet-amethyst\/"},"modified":"2025-12-30T19:31:37","modified_gmt":"2025-12-30T19:31:37","slug":"925-versilbert-edelstein-schnurarmband-amethyst","status":"publish","type":"product","link":"https:\/\/aromasentia.com\/de\/925-versilbert-edelstein-schnurarmband-amethyst\/","title":{"rendered":"925 Versilbert Edelstein Schnurarmband  &#8211; Amethyst"},"content":{"rendered":"<p><strong>Das versilberte schwarze Schnurarmband \u2013 Amethyst<\/strong> wird durch einen Schiebeverschluss aus 925er Silber erg\u00e4nzt, mit dem Sie das Armband f\u00fcr einen festen Sitz anpassen k\u00f6nnen.&nbsp;<\/p>\n","protected":false},"excerpt":{"rendered":"<p>Das versilberte schwarze Schnurarmband \u2013 Amethyst wird durch einen Schiebeverschluss aus 925er Silber erg\u00e4nzt, mit dem Sie das Armband f\u00fcr einen festen Sitz anpassen k\u00f6nnen.&nbsp;<\/p>\n","protected":false},"featured_media":420951,"comment_status":"closed","ping_status":"open","template":"","meta":{"_angie_page":false},"product_brand":[],"product_cat":[25546,25210,25223,14524],"product_tag":[],"class_list":{"0":"post-219753","1":"product","2":"type-product","3":"status-publish","4":"has-post-thumbnail","6":"product_cat-amethyst","7":"product_cat-armbaender","8":"product_cat-edelsteine-mineralien","9":"product_cat-schmuck-und-accessoires","10":"pa_collection-gemstones-string-bracelets-de","11":"pa_made-in-china","13":"first","14":"instock","15":"purchasable","16":"product-type-simple"},"supplier_id":null,"supplier_sku":"GemSB-02","barcode":null,"atum_controlled":true,"out_stock_date":null,"out_stock_threshold":null,"inheritable":false,"inbound_stock":null,"stock_on_hold":0,"sold_today":0,"sales_last_days":0,"reserved_stock":null,"customer_returns":null,"warehouse_damage":null,"lost_in_post":null,"other_logs":null,"out_stock_days":0,"lost_sales":0,"has_location":null,"update_date":"2026-05-04T00:03:55","atum_locations":[],"atum_stock_status":"instock","restock_status":false,"low_stock_amount":"","sales_update_date":"2025-09-03T00:16:55","calc_backorders":null,"_links":{"self":[{"href":"https:\/\/aromasentia.com\/de\/wp-json\/wp\/v2\/product\/219753","targetHints":{"allow":["GET"]}}],"collection":[{"href":"https:\/\/aromasentia.com\/de\/wp-json\/wp\/v2\/product"}],"about":[{"href":"https:\/\/aromasentia.com\/de\/wp-json\/wp\/v2\/types\/product"}],"replies":[{"embeddable":true,"href":"https:\/\/aromasentia.com\/de\/wp-json\/wp\/v2\/comments?post=219753"}],"version-history":[{"count":0,"href":"https:\/\/aromasentia.com\/de\/wp-json\/wp\/v2\/product\/219753\/revisions"}],"wp:featuredmedia":[{"embeddable":true,"href":"https:\/\/aromasentia.com\/de\/wp-json\/wp\/v2\/media\/420951"}],"wp:attachment":[{"href":"https:\/\/aromasentia.com\/de\/wp-json\/wp\/v2\/media?parent=219753"}],"wp:term":[{"taxonomy":"product_brand","embeddable":true,"href":"https:\/\/aromasentia.com\/de\/wp-json\/wp\/v2\/product_brand?post=219753"},{"taxonomy":"product_cat","embeddable":true,"href":"https:\/\/aromasentia.com\/de\/wp-json\/wp\/v2\/product_cat?post=219753"},{"taxonomy":"product_tag","embeddable":true,"href":"https:\/\/aromasentia.com\/de\/wp-json\/wp\/v2\/product_tag?post=219753"}],"curies":[{"name":"wp","href":"https:\/\/api.w.org\/{rel}","templated":true}]}}