{"id":219713,"date":"2025-03-23T11:06:16","date_gmt":"2025-03-23T11:06:16","guid":{"rendered":"https:\/\/aromasentia.com\/product\/gemstone-teardrops-pendants-12-assorted-25x18mm\/"},"modified":"2025-12-30T19:31:30","modified_gmt":"2025-12-30T19:31:30","slug":"edelstein-tropfen-anhaenger-12-sortiert-25x18mm","status":"publish","type":"product","link":"https:\/\/aromasentia.com\/de\/edelstein-tropfen-anhaenger-12-sortiert-25x18mm\/","title":{"rendered":"Edelstein-Tropfen-Anh\u00e4nger (12 sortiert) 25x18mm"},"content":{"rendered":"<p>Verleihen Sie Ihren Schmuckkreationen einen Hauch von Eleganz und nat\u00fcrlicher Sch\u00f6nheit mit diesem Sortiment von 12 Edelsteinanh\u00e4ngern in Tropfenform. Jeder Anh\u00e4nger ist ca. 25 x 18 mm gro\u00df und besteht aus einer Vielzahl von echten Edelsteinen, die sich perfekt f\u00fcr atemberaubende Halsketten oder Ohrringe eignen.<\/p>\n","protected":false},"excerpt":{"rendered":"<p>Verleihen Sie Ihren Schmuckkreationen einen Hauch von Eleganz und nat\u00fcrlicher Sch\u00f6nheit mit diesem Sortiment von 12 Edelsteinanh\u00e4ngern in Tropfenform. Jeder Anh\u00e4nger ist ca. 25 x 18 mm gro\u00df und besteht aus einer Vielzahl von echten Edelsteinen, die sich perfekt f\u00fcr atemberaubende Halsketten oder Ohrringe eignen.<\/p>\n","protected":false},"featured_media":420733,"comment_status":"closed","ping_status":"open","template":"","meta":{"_angie_page":false},"product_brand":[],"product_cat":[25217,14524],"product_tag":[],"class_list":{"0":"post-219713","1":"product","2":"type-product","3":"status-publish","4":"has-post-thumbnail","6":"product_cat-halsketten-anhaenger","7":"product_cat-schmuck-und-accessoires","8":"pa_collection-gemstone-pendants-de","9":"pa_made-in-china","11":"first","12":"instock","13":"purchasable","14":"product-type-simple"},"supplier_id":null,"supplier_sku":"GemPD-16","barcode":null,"atum_controlled":true,"out_stock_date":null,"out_stock_threshold":null,"inheritable":false,"inbound_stock":null,"stock_on_hold":0,"sold_today":0,"sales_last_days":0,"reserved_stock":null,"customer_returns":null,"warehouse_damage":null,"lost_in_post":null,"other_logs":null,"out_stock_days":0,"lost_sales":0,"has_location":null,"update_date":"2026-05-08T05:09:40","atum_locations":[],"atum_stock_status":"instock","restock_status":false,"low_stock_amount":"","sales_update_date":"2025-09-03T00:16:53","calc_backorders":null,"_links":{"self":[{"href":"https:\/\/aromasentia.com\/de\/wp-json\/wp\/v2\/product\/219713","targetHints":{"allow":["GET"]}}],"collection":[{"href":"https:\/\/aromasentia.com\/de\/wp-json\/wp\/v2\/product"}],"about":[{"href":"https:\/\/aromasentia.com\/de\/wp-json\/wp\/v2\/types\/product"}],"replies":[{"embeddable":true,"href":"https:\/\/aromasentia.com\/de\/wp-json\/wp\/v2\/comments?post=219713"}],"version-history":[{"count":0,"href":"https:\/\/aromasentia.com\/de\/wp-json\/wp\/v2\/product\/219713\/revisions"}],"wp:featuredmedia":[{"embeddable":true,"href":"https:\/\/aromasentia.com\/de\/wp-json\/wp\/v2\/media\/420733"}],"wp:attachment":[{"href":"https:\/\/aromasentia.com\/de\/wp-json\/wp\/v2\/media?parent=219713"}],"wp:term":[{"taxonomy":"product_brand","embeddable":true,"href":"https:\/\/aromasentia.com\/de\/wp-json\/wp\/v2\/product_brand?post=219713"},{"taxonomy":"product_cat","embeddable":true,"href":"https:\/\/aromasentia.com\/de\/wp-json\/wp\/v2\/product_cat?post=219713"},{"taxonomy":"product_tag","embeddable":true,"href":"https:\/\/aromasentia.com\/de\/wp-json\/wp\/v2\/product_tag?post=219713"}],"curies":[{"name":"wp","href":"https:\/\/api.w.org\/{rel}","templated":true}]}}