{"id":219697,"date":"2025-03-23T11:06:16","date_gmt":"2025-03-23T11:06:16","guid":{"rendered":"https:\/\/aromasentia.com\/product\/gemstone-double-power-bracelets-jade\/"},"modified":"2025-12-30T19:31:22","modified_gmt":"2025-12-30T19:31:22","slug":"edelstein-doppelkraft-armbaender-jade","status":"publish","type":"product","link":"https:\/\/aromasentia.com\/de\/edelstein-doppelkraft-armbaender-jade\/","title":{"rendered":"Edelstein-Doppelkraft-Armb\u00e4nder &#8211; Jade"},"content":{"rendered":"<p>Pr\u00e4sentieren Sie Ihren Kunden die zeitlose Sch\u00f6nheit unserer Gemstone Double Power Armb\u00e4nder,&nbsp;die aus hochwertigen, nat\u00fcrlichen Edelsteinen gefertigt sind.<\/p>\n<p><strong>Erh\u00e4ltlich in drei verschiedenen Farben (Dunkelbraun, Schwarz und Rot) mit zwei auff\u00e4lligen Edelsteinperlen und einem dehnbaren, elastischen Armband, das mit passenden Edelsteinperlen verziert ist.<\/strong><\/p>\n<p>Jedem Set liegt eine Kopfkarte bei, die die besonderen Vorteile der Edelsteine hervorhebt.<\/p>\n<p><strong>Jade ist ein Symbol f\u00fcr Reinheit und Gelassenheit. Man glaubt, dass sie Wohlstand, Gl\u00fcck und Freundschaft anzieht.<\/strong> Das Tragen von Jade soll Harmonie und Ausgeglichenheit im Privat- und Berufsleben f\u00f6rdern. Dieser Stein ist ideal f\u00fcr alle, die Wohlstand anziehen und ein friedliches, ausgeglichenes Leben f\u00fchren m\u00f6chten.<\/p>\n<p><strong><span style=\"color: rgb(141, 186, 216);\">Bitte geben Sie beim Bezahlvorgang in den Sonderanweisungen an, welche Farbe das Armbandband haben soll. Wenn keine Farbe angegeben ist, erfolgt die Auswahl nach dem Zufallsprinzip.<\/span><\/strong><\/p>\n","protected":false},"excerpt":{"rendered":"<p>Pr\u00e4sentieren Sie Ihren Kunden die zeitlose Sch\u00f6nheit unserer Gemstone Double Power Armb\u00e4nder,&nbsp;die aus hochwertigen, nat\u00fcrlichen Edelsteinen gefertigt sind. Erh\u00e4ltlich in drei verschiedenen Farben (Dunkelbraun, Schwarz und Rot) mit zwei auff\u00e4lligen Edelsteinperlen und einem dehnbaren, elastischen Armband, das mit passenden Edelsteinperlen verziert ist. Jedem Set liegt eine Kopfkarte bei, die die besonderen Vorteile der Edelsteine hervorhebt. [&hellip;]<\/p>\n","protected":false},"featured_media":420633,"comment_status":"closed","ping_status":"open","template":"","meta":{"_angie_page":false},"product_brand":[],"product_cat":[25210,25223,25640,14524],"product_tag":[],"class_list":{"0":"post-219697","1":"product","2":"type-product","3":"status-publish","4":"has-post-thumbnail","6":"product_cat-armbaender","7":"product_cat-edelsteine-mineralien","8":"product_cat-jade","9":"product_cat-schmuck-und-accessoires","10":"pa_collection-double-power-bracelets-de","11":"pa_made-in-china","13":"first","14":"instock","15":"purchasable","16":"product-type-simple"},"supplier_id":null,"supplier_sku":"GDPB-06","barcode":null,"atum_controlled":true,"out_stock_date":null,"out_stock_threshold":null,"inheritable":false,"inbound_stock":null,"stock_on_hold":0,"sold_today":0,"sales_last_days":0,"reserved_stock":null,"customer_returns":null,"warehouse_damage":null,"lost_in_post":null,"other_logs":null,"out_stock_days":0,"lost_sales":0,"has_location":null,"update_date":"2026-04-27T07:05:08","atum_locations":[],"atum_stock_status":"instock","restock_status":false,"low_stock_amount":"","sales_update_date":"2026-02-06T00:01:19","calc_backorders":null,"_links":{"self":[{"href":"https:\/\/aromasentia.com\/de\/wp-json\/wp\/v2\/product\/219697","targetHints":{"allow":["GET"]}}],"collection":[{"href":"https:\/\/aromasentia.com\/de\/wp-json\/wp\/v2\/product"}],"about":[{"href":"https:\/\/aromasentia.com\/de\/wp-json\/wp\/v2\/types\/product"}],"replies":[{"embeddable":true,"href":"https:\/\/aromasentia.com\/de\/wp-json\/wp\/v2\/comments?post=219697"}],"version-history":[{"count":0,"href":"https:\/\/aromasentia.com\/de\/wp-json\/wp\/v2\/product\/219697\/revisions"}],"wp:featuredmedia":[{"embeddable":true,"href":"https:\/\/aromasentia.com\/de\/wp-json\/wp\/v2\/media\/420633"}],"wp:attachment":[{"href":"https:\/\/aromasentia.com\/de\/wp-json\/wp\/v2\/media?parent=219697"}],"wp:term":[{"taxonomy":"product_brand","embeddable":true,"href":"https:\/\/aromasentia.com\/de\/wp-json\/wp\/v2\/product_brand?post=219697"},{"taxonomy":"product_cat","embeddable":true,"href":"https:\/\/aromasentia.com\/de\/wp-json\/wp\/v2\/product_cat?post=219697"},{"taxonomy":"product_tag","embeddable":true,"href":"https:\/\/aromasentia.com\/de\/wp-json\/wp\/v2\/product_tag?post=219697"}],"curies":[{"name":"wp","href":"https:\/\/api.w.org\/{rel}","templated":true}]}}