{"id":219681,"date":"2025-03-23T11:06:16","date_gmt":"2025-03-23T11:06:16","guid":{"rendered":"https:\/\/aromasentia.com\/product\/gemstone-double-power-bracelets-black-agate\/"},"modified":"2025-12-30T19:31:22","modified_gmt":"2025-12-30T19:31:22","slug":"edelstein-doppelkraft-armbaender-schwarzer-achat","status":"publish","type":"product","link":"https:\/\/aromasentia.com\/de\/edelstein-doppelkraft-armbaender-schwarzer-achat\/","title":{"rendered":"Edelstein-Doppelkraft-Armb\u00e4nder &#8211; Schwarzer Achat"},"content":{"rendered":"<p>Pr\u00e4sentieren Sie Ihren Kunden die zeitlose Sch\u00f6nheit unserer Gemstone Double Power Armb\u00e4nder, die aus hochwertigen, nat\u00fcrlichen Edelsteinen gefertigt sind.<\/p>\n<p><strong>Verkauft in drei verschiedenen Farben \u2013 Dunkelbraun, Schwarz und Rot mit zwei markanten Edelsteinperlen und einem dehnbaren, elastischen Armband, verziert mit passenden Edelsteinperlen.<\/strong><\/p>\n<p>Jedem Set liegt eine Kopfkarte bei, die die besonderen Vorteile der Edelsteine hervorhebt.<\/p>\n<p><strong>Schwarzer Achat ist ein erdender Stein, der Ruhe und Mut spenden soll. Er hilft bei der \u00dcberwindung von \u00c4ngsten und sorgt in stressigen Zeiten f\u00fcr emotionale Ausgeglichenheit.<\/strong> Das Tragen von schwarzem Achat soll die Entschlossenheit st\u00e4rken, die Konzentration verbessern und ein Gef\u00fchl innerer St\u00e4rke vermitteln \u2013 perfekt f\u00fcr Menschen, die vor Herausforderungen stehen.<\/p>\n<p><strong><span style=\"color: rgb(141, 186, 216);\">Bitte geben Sie beim Bezahlvorgang in den Sonderanweisungen an, welche Farbe das Armbandband haben soll. Wenn keine Farbe angegeben ist, erfolgt die Auswahl nach dem Zufallsprinzip.<\/span><\/strong><\/p>\n","protected":false},"excerpt":{"rendered":"<p>Pr\u00e4sentieren Sie Ihren Kunden die zeitlose Sch\u00f6nheit unserer Gemstone Double Power Armb\u00e4nder, die aus hochwertigen, nat\u00fcrlichen Edelsteinen gefertigt sind. Verkauft in drei verschiedenen Farben \u2013 Dunkelbraun, Schwarz und Rot mit zwei markanten Edelsteinperlen und einem dehnbaren, elastischen Armband, verziert mit passenden Edelsteinperlen. Jedem Set liegt eine Kopfkarte bei, die die besonderen Vorteile der Edelsteine hervorhebt. [&hellip;]<\/p>\n","protected":false},"featured_media":420541,"comment_status":"closed","ping_status":"open","template":"","meta":{"_angie_page":false},"product_brand":[],"product_cat":[25542,25210,25223,14524],"product_tag":[],"class_list":{"0":"post-219681","1":"product","2":"type-product","3":"status-publish","4":"has-post-thumbnail","6":"product_cat-agate","7":"product_cat-armbaender","8":"product_cat-edelsteine-mineralien","9":"product_cat-schmuck-und-accessoires","10":"pa_collection-double-power-bracelets-de","11":"pa_made-in-china","13":"first","14":"instock","15":"purchasable","16":"product-type-simple"},"supplier_id":null,"supplier_sku":"GDPB-02","barcode":null,"atum_controlled":true,"out_stock_date":null,"out_stock_threshold":null,"inheritable":false,"inbound_stock":null,"stock_on_hold":0,"sold_today":0,"sales_last_days":0,"reserved_stock":null,"customer_returns":null,"warehouse_damage":null,"lost_in_post":null,"other_logs":null,"out_stock_days":0,"lost_sales":0,"has_location":null,"update_date":"2026-04-27T07:05:08","atum_locations":[],"atum_stock_status":"instock","restock_status":false,"low_stock_amount":"","sales_update_date":"2025-09-03T00:16:52","calc_backorders":null,"_links":{"self":[{"href":"https:\/\/aromasentia.com\/de\/wp-json\/wp\/v2\/product\/219681","targetHints":{"allow":["GET"]}}],"collection":[{"href":"https:\/\/aromasentia.com\/de\/wp-json\/wp\/v2\/product"}],"about":[{"href":"https:\/\/aromasentia.com\/de\/wp-json\/wp\/v2\/types\/product"}],"replies":[{"embeddable":true,"href":"https:\/\/aromasentia.com\/de\/wp-json\/wp\/v2\/comments?post=219681"}],"version-history":[{"count":0,"href":"https:\/\/aromasentia.com\/de\/wp-json\/wp\/v2\/product\/219681\/revisions"}],"wp:featuredmedia":[{"embeddable":true,"href":"https:\/\/aromasentia.com\/de\/wp-json\/wp\/v2\/media\/420541"}],"wp:attachment":[{"href":"https:\/\/aromasentia.com\/de\/wp-json\/wp\/v2\/media?parent=219681"}],"wp:term":[{"taxonomy":"product_brand","embeddable":true,"href":"https:\/\/aromasentia.com\/de\/wp-json\/wp\/v2\/product_brand?post=219681"},{"taxonomy":"product_cat","embeddable":true,"href":"https:\/\/aromasentia.com\/de\/wp-json\/wp\/v2\/product_cat?post=219681"},{"taxonomy":"product_tag","embeddable":true,"href":"https:\/\/aromasentia.com\/de\/wp-json\/wp\/v2\/product_tag?post=219681"}],"curies":[{"name":"wp","href":"https:\/\/api.w.org\/{rel}","templated":true}]}}