{"id":219657,"date":"2025-03-23T11:06:16","date_gmt":"2025-03-23T11:06:16","guid":{"rendered":"https:\/\/aromasentia.com\/product\/faceted-gemstone-bracelet-magnetic-jade\/"},"modified":"2025-12-30T19:31:15","modified_gmt":"2025-12-30T19:31:15","slug":"facettiertes-edelstein-armband-magnetische-jade","status":"publish","type":"product","link":"https:\/\/aromasentia.com\/de\/facettiertes-edelstein-armband-magnetische-jade\/","title":{"rendered":"Facettiertes Edelstein-Armband &#8211; Magnetische Jade"},"content":{"rendered":"<p><span style=\"color: rgb(75, 80, 88);\">Unsere wundersch\u00f6nen <strong>Armb\u00e4nder mit facettierten Edelsteinen<\/strong> sind ein Muss in Ihrem Gesch\u00e4ft.<\/span><\/p>\n<p><span style=\"color: rgb(75, 80, 88);\">Dieses Schmuckst\u00fcck besteht aus kleinen Perlen aus Steinen, die zu Facetten geschliffen und poliert wurden, die das Licht reflektieren und den Steinen ein funkelndes Aussehen verleihen.<\/span><\/p>\n<p><span style=\"color: rgb(75, 80, 88);\">Viele Menschen glauben, dass verschiedene Edelsteine unterschiedliche heilende Eigenschaften haben und dass das Tragen eines Edelstein Armbands das allgemeine Wohlbefinden f\u00f6rdern kann.<\/span><\/p>\n<p><strong><span style=\"color: rgb(75, 80, 88);\">Jade<\/span><\/strong><span style=\"color: rgb(75, 80, 88);\">soll dem Tr\u00e4ger Ausgeglichenheit, Stabilit\u00e4t und Gl\u00fcck bringen<\/span> <\/p>\n<p><span style=\"color: rgb(75, 80, 88);\">Mit ihrem schlichten Aussehen sind sie das perfekte Geschenk oder lassen sich mit anderen Edelsteinarmb\u00e4ndern kombinieren.<\/span><\/p>\n<p><span style=\"color: rgb(141, 186, 216);\"><strong>Glauben Sie uns, Ihre Kunden werden nicht nur eins kaufen. &nbsp;<\/strong><\/span><\/p>\n","protected":false},"excerpt":{"rendered":"<p>Unsere wundersch\u00f6nen Armb\u00e4nder mit facettierten Edelsteinen sind ein Muss in Ihrem Gesch\u00e4ft. Dieses Schmuckst\u00fcck besteht aus kleinen Perlen aus Steinen, die zu Facetten geschliffen und poliert wurden, die das Licht reflektieren und den Steinen ein funkelndes Aussehen verleihen. Viele Menschen glauben, dass verschiedene Edelsteine unterschiedliche heilende Eigenschaften haben und dass das Tragen eines Edelstein Armbands [&hellip;]<\/p>\n","protected":false},"featured_media":420351,"comment_status":"closed","ping_status":"open","template":"","meta":{"_angie_page":false},"product_brand":[],"product_cat":[25210,25223,25640,14524],"product_tag":[],"class_list":{"0":"post-219657","1":"product","2":"type-product","3":"status-publish","4":"has-post-thumbnail","6":"product_cat-armbaender","7":"product_cat-edelsteine-mineralien","8":"product_cat-jade","9":"product_cat-schmuck-und-accessoires","10":"pa_collection-faceted-gemstone-bracelets-de","11":"pa_made-in-china","13":"first","14":"instock","15":"purchasable","16":"product-type-simple"},"supplier_id":null,"supplier_sku":"FGemB-08","barcode":null,"atum_controlled":true,"out_stock_date":null,"out_stock_threshold":null,"inheritable":false,"inbound_stock":null,"stock_on_hold":0,"sold_today":0,"sales_last_days":0,"reserved_stock":null,"customer_returns":null,"warehouse_damage":null,"lost_in_post":null,"other_logs":null,"out_stock_days":0,"lost_sales":0,"has_location":null,"update_date":"2026-04-27T07:03:12","atum_locations":[],"atum_stock_status":"instock","restock_status":false,"low_stock_amount":"","sales_update_date":"2026-02-06T00:01:35","calc_backorders":null,"_links":{"self":[{"href":"https:\/\/aromasentia.com\/de\/wp-json\/wp\/v2\/product\/219657","targetHints":{"allow":["GET"]}}],"collection":[{"href":"https:\/\/aromasentia.com\/de\/wp-json\/wp\/v2\/product"}],"about":[{"href":"https:\/\/aromasentia.com\/de\/wp-json\/wp\/v2\/types\/product"}],"replies":[{"embeddable":true,"href":"https:\/\/aromasentia.com\/de\/wp-json\/wp\/v2\/comments?post=219657"}],"version-history":[{"count":0,"href":"https:\/\/aromasentia.com\/de\/wp-json\/wp\/v2\/product\/219657\/revisions"}],"wp:featuredmedia":[{"embeddable":true,"href":"https:\/\/aromasentia.com\/de\/wp-json\/wp\/v2\/media\/420351"}],"wp:attachment":[{"href":"https:\/\/aromasentia.com\/de\/wp-json\/wp\/v2\/media?parent=219657"}],"wp:term":[{"taxonomy":"product_brand","embeddable":true,"href":"https:\/\/aromasentia.com\/de\/wp-json\/wp\/v2\/product_brand?post=219657"},{"taxonomy":"product_cat","embeddable":true,"href":"https:\/\/aromasentia.com\/de\/wp-json\/wp\/v2\/product_cat?post=219657"},{"taxonomy":"product_tag","embeddable":true,"href":"https:\/\/aromasentia.com\/de\/wp-json\/wp\/v2\/product_tag?post=219657"}],"curies":[{"name":"wp","href":"https:\/\/api.w.org\/{rel}","templated":true}]}}