{"id":219641,"date":"2025-03-23T11:06:16","date_gmt":"2025-03-23T11:06:16","guid":{"rendered":"https:\/\/aromasentia.com\/product\/faceted-gemstone-bracelet-magnetic-tiger-eye\/"},"modified":"2025-12-30T19:31:15","modified_gmt":"2025-12-30T19:31:15","slug":"facettiertes-edelstein-armband-magnetisches-tigerauge","status":"publish","type":"product","link":"https:\/\/aromasentia.com\/de\/facettiertes-edelstein-armband-magnetisches-tigerauge\/","title":{"rendered":"Facettiertes Edelstein-Armband &#8211; Magnetisches Tigerauge"},"content":{"rendered":"<p><span style=\"color: rgb(75, 80, 88);\">Unsere fantastischen <strong>Armb\u00e4nder mit facettierten Edelsteinen<\/strong> sind ein Muss in Ihrem Gesch\u00e4ft.<\/span><\/p>\n<p><span style=\"color: rgb(75, 80, 88);\">Dieses Schmuckst\u00fcck besteht aus kleinen Perlen aus Steinen, die zu Facetten geschliffen und poliert wurden, die das Licht reflektieren und den Steinen ein funkelndes Aussehen verleihen.<\/span><\/p>\n<p><span style=\"color: rgb(75, 80, 88);\">Viele Menschen glauben, dass verschiedene Edelsteine unterschiedliche heilende Eigenschaften haben und dass das Tragen eines Edelstein Armbands das allgemeine Wohlbefinden f\u00f6rdern kann.<\/span><\/p>\n<p><span style=\"color: rgb(75, 80, 88);\">Viele Menschen wenden sich dem <strong>Tigerauge<\/strong> zu, unabh\u00e4ngig von der Sorte, um das Blut zu entgiften, Viel Gl\u00fcck, Mut, Selbstvertrauen und emotionale Ausgeglichenheit.<\/span> <\/p>\n<p><span style=\"color: rgb(75, 80, 88);\">Ihr schlichtes Aussehen macht sie zum perfekten Geschenk oder zum Kombinieren mit anderen Edelsteinarmb\u00e4ndern.<\/span><\/p>\n<p><span style=\"color: rgb(141, 186, 216);\"><strong>Glauben Sie uns, Ihre Kunden werden nicht nur eins kaufen. &nbsp;<\/strong><\/span><\/p>\n","protected":false},"excerpt":{"rendered":"<p>Unsere fantastischen Armb\u00e4nder mit facettierten Edelsteinen sind ein Muss in Ihrem Gesch\u00e4ft. Dieses Schmuckst\u00fcck besteht aus kleinen Perlen aus Steinen, die zu Facetten geschliffen und poliert wurden, die das Licht reflektieren und den Steinen ein funkelndes Aussehen verleihen. Viele Menschen glauben, dass verschiedene Edelsteine unterschiedliche heilende Eigenschaften haben und dass das Tragen eines Edelstein Armbands [&hellip;]<\/p>\n","protected":false},"featured_media":420219,"comment_status":"closed","ping_status":"open","template":"","meta":{"_angie_page":false},"product_brand":[],"product_cat":[25210,25223,14524,25787],"product_tag":[],"class_list":{"0":"post-219641","1":"product","2":"type-product","3":"status-publish","4":"has-post-thumbnail","6":"product_cat-armbaender","7":"product_cat-edelsteine-mineralien","8":"product_cat-schmuck-und-accessoires","9":"product_cat-tigerauge","10":"pa_collection-faceted-gemstone-bracelets-de","11":"pa_made-in-china","13":"first","14":"instock","15":"purchasable","16":"product-type-simple"},"supplier_id":null,"supplier_sku":"FGemB-04","barcode":null,"atum_controlled":true,"out_stock_date":null,"out_stock_threshold":null,"inheritable":false,"inbound_stock":null,"stock_on_hold":0,"sold_today":0,"sales_last_days":0,"reserved_stock":null,"customer_returns":null,"warehouse_damage":null,"lost_in_post":null,"other_logs":null,"out_stock_days":0,"lost_sales":0,"has_location":null,"update_date":"2026-05-04T00:02:53","atum_locations":[],"atum_stock_status":"instock","restock_status":false,"low_stock_amount":"","sales_update_date":"2026-02-06T00:01:34","calc_backorders":null,"_links":{"self":[{"href":"https:\/\/aromasentia.com\/de\/wp-json\/wp\/v2\/product\/219641","targetHints":{"allow":["GET"]}}],"collection":[{"href":"https:\/\/aromasentia.com\/de\/wp-json\/wp\/v2\/product"}],"about":[{"href":"https:\/\/aromasentia.com\/de\/wp-json\/wp\/v2\/types\/product"}],"replies":[{"embeddable":true,"href":"https:\/\/aromasentia.com\/de\/wp-json\/wp\/v2\/comments?post=219641"}],"version-history":[{"count":0,"href":"https:\/\/aromasentia.com\/de\/wp-json\/wp\/v2\/product\/219641\/revisions"}],"wp:featuredmedia":[{"embeddable":true,"href":"https:\/\/aromasentia.com\/de\/wp-json\/wp\/v2\/media\/420219"}],"wp:attachment":[{"href":"https:\/\/aromasentia.com\/de\/wp-json\/wp\/v2\/media?parent=219641"}],"wp:term":[{"taxonomy":"product_brand","embeddable":true,"href":"https:\/\/aromasentia.com\/de\/wp-json\/wp\/v2\/product_brand?post=219641"},{"taxonomy":"product_cat","embeddable":true,"href":"https:\/\/aromasentia.com\/de\/wp-json\/wp\/v2\/product_cat?post=219641"},{"taxonomy":"product_tag","embeddable":true,"href":"https:\/\/aromasentia.com\/de\/wp-json\/wp\/v2\/product_tag?post=219641"}],"curies":[{"name":"wp","href":"https:\/\/api.w.org\/{rel}","templated":true}]}}