{"id":219561,"date":"2025-03-23T11:06:24","date_gmt":"2025-03-23T11:06:24","guid":{"rendered":"https:\/\/aromasentia.com\/product\/gemstone-healing-hands-pendant-rock-quartz\/"},"modified":"2025-12-30T19:31:00","modified_gmt":"2025-12-30T19:31:00","slug":"anhaenger-mit-edelstein-heilende-haende-steinquarz","status":"publish","type":"product","link":"https:\/\/aromasentia.com\/de\/anhaenger-mit-edelstein-heilende-haende-steinquarz\/","title":{"rendered":"Anh\u00e4nger mit Edelstein &#8218;Heilende H\u00e4nde&#8216; Steinquarz"},"content":{"rendered":"<p>Der exquisite <strong>Gemstone Healing Hands Anh\u00e4nger aus Bergquarz<\/strong> ist ein wahrhaft bezauberndes Schmuckst\u00fcck, das die heilenden und ausgleichenden Eigenschaften sowohl des Edelsteins als auch des Symbols, das er repr\u00e4sentiert, verk\u00f6rpert. Dieser Anh\u00e4nger soll das Wohlbefinden f\u00f6rdern und eine sch\u00f6ne Erinnerung an die Kraft der Heilung sein. <\/p>\n<p>Der Edelstein Healing Hands Anh\u00e4nger besteht aus einem polierten Bergquarz in Kugelform. Der f\u00fcr seine Klarheit und Reinheit bekannte Bergkristall soll heilende Eigenschaften besitzen und den positiven Energiefluss f\u00f6rdern. Dieser Anh\u00e4nger ist nicht nur ein wundersch\u00f6nes Schmuckst\u00fcck, sondern tr\u00e4gt auch eine tiefe symbolische Bedeutung. Er erinnert an die heilende Kraft, die uns allen innewohnt, und f\u00f6rdert ein Gef\u00fchl der Verbundenheit, des Einf\u00fchlungsverm\u00f6gens und der inneren Harmonie.<\/p>\n<p>Dieser Anh\u00e4nger ist ein vielseitiges Accessoire, das sich m\u00fchelos vom Tag in die Nacht verwandeln l\u00e4sst und somit f\u00fcr jeden Anlass geeignet ist.<\/p>\n<p>Er wird mit einer versilberten, ca. 45 cm langen Kette geliefert. Verpackt in einer h\u00fcbschen Kopfkarte.<\/p>\n<p><em>Die Gr\u00f6\u00dfen und Formen der Kristalle k\u00f6nnen leicht variieren, da jeder einzelne Anh\u00e4nger handgefertigt ist.<\/em><\/p>\n<p>\u00dcberraschen Sie Ihre Kunden mit diesem bezaubernden und einzigartigen Edelsteinschmuck, der mit viel Liebe in Indien hergestellt wird. Geeignet f\u00fcr M\u00e4nner oder Frauen,&nbsp;<\/p>\n<p><strong>Ein perfektes Geschenk f\u00fcr jeden Anlass. Bestellen Sie noch heute<\/strong><\/p>\n","protected":false},"excerpt":{"rendered":"<p>Der exquisite Gemstone Healing Hands Anh\u00e4nger aus Bergquarz ist ein wahrhaft bezauberndes Schmuckst\u00fcck, das die heilenden und ausgleichenden Eigenschaften sowohl des Edelsteins als auch des Symbols, das er repr\u00e4sentiert, verk\u00f6rpert. Dieser Anh\u00e4nger soll das Wohlbefinden f\u00f6rdern und eine sch\u00f6ne Erinnerung an die Kraft der Heilung sein. Der Edelstein Healing Hands Anh\u00e4nger besteht aus einem polierten [&hellip;]<\/p>\n","protected":false},"featured_media":421752,"comment_status":"closed","ping_status":"open","template":"","meta":{"_angie_page":false},"product_brand":[],"product_cat":[25223,25217,25735,14524],"product_tag":[],"class_list":{"0":"post-219561","1":"product","2":"type-product","3":"status-publish","4":"has-post-thumbnail","6":"product_cat-edelsteine-mineralien","7":"product_cat-halsketten-anhaenger","8":"product_cat-quarz","9":"product_cat-schmuck-und-accessoires","10":"pa_collection-indian-gemstone-pendant-jewellery-de","11":"pa_made-in-indien","13":"first","14":"instock","15":"purchasable","16":"product-type-simple"},"supplier_id":null,"supplier_sku":"GPJ-11","barcode":null,"atum_controlled":true,"out_stock_date":null,"out_stock_threshold":null,"inheritable":false,"inbound_stock":null,"stock_on_hold":0,"sold_today":0,"sales_last_days":0,"reserved_stock":null,"customer_returns":null,"warehouse_damage":null,"lost_in_post":null,"other_logs":null,"out_stock_days":0,"lost_sales":0,"has_location":null,"update_date":"2026-05-08T05:09:41","atum_locations":[],"atum_stock_status":"instock","restock_status":false,"low_stock_amount":"","sales_update_date":"2026-01-20T05:14:27","calc_backorders":null,"_links":{"self":[{"href":"https:\/\/aromasentia.com\/de\/wp-json\/wp\/v2\/product\/219561","targetHints":{"allow":["GET"]}}],"collection":[{"href":"https:\/\/aromasentia.com\/de\/wp-json\/wp\/v2\/product"}],"about":[{"href":"https:\/\/aromasentia.com\/de\/wp-json\/wp\/v2\/types\/product"}],"replies":[{"embeddable":true,"href":"https:\/\/aromasentia.com\/de\/wp-json\/wp\/v2\/comments?post=219561"}],"version-history":[{"count":0,"href":"https:\/\/aromasentia.com\/de\/wp-json\/wp\/v2\/product\/219561\/revisions"}],"wp:featuredmedia":[{"embeddable":true,"href":"https:\/\/aromasentia.com\/de\/wp-json\/wp\/v2\/media\/421752"}],"wp:attachment":[{"href":"https:\/\/aromasentia.com\/de\/wp-json\/wp\/v2\/media?parent=219561"}],"wp:term":[{"taxonomy":"product_brand","embeddable":true,"href":"https:\/\/aromasentia.com\/de\/wp-json\/wp\/v2\/product_brand?post=219561"},{"taxonomy":"product_cat","embeddable":true,"href":"https:\/\/aromasentia.com\/de\/wp-json\/wp\/v2\/product_cat?post=219561"},{"taxonomy":"product_tag","embeddable":true,"href":"https:\/\/aromasentia.com\/de\/wp-json\/wp\/v2\/product_tag?post=219561"}],"curies":[{"name":"wp","href":"https:\/\/api.w.org\/{rel}","templated":true}]}}