{"id":219525,"date":"2025-03-23T11:06:24","date_gmt":"2025-03-23T11:06:24","guid":{"rendered":"https:\/\/aromasentia.com\/product\/lava-stone-bracelet-axe-head-carnelian\/"},"modified":"2025-12-30T19:30:52","modified_gmt":"2025-12-30T19:30:52","slug":"lava-steinarmband-axtkopf-karneol","status":"publish","type":"product","link":"https:\/\/aromasentia.com\/de\/lava-steinarmband-axtkopf-karneol\/","title":{"rendered":"Lava-Steinarmband &#8211; Axtkopf Karneol"},"content":{"rendered":"<p>Mit einer Vielzahl wundersch\u00f6ner Edelsteine. Aktuell gibt es 11 Designs, sodass Sie das perfekte Schmuckst\u00fcck finden k\u00f6nnen \u2013 obwohl es derzeit in Mode ist, drei oder vier zu tragen.<\/p>\n<p>Schmuck aus Lavastein ist der n\u00e4chste gro\u00dfe Trend. Die dunklen, por\u00f6sen Perlen aus Lavastein sind in den letzten Jahren zu einem kleinen Modetrend geworden, aber die Vorteile beschr\u00e4nken sich nicht nur darauf, Ihrem Armbandstapel etwas mehr Dimension zu verleihen.<\/p>\n<p>Manche verwenden sie als Diffusorschmuck. Geben Sie einfach 1\u20132 Tropfen Ihres bevorzugten \u00e4therischen \u00d6ls hinein und reiben Sie es ein. Genie\u00dfen Sie dann den ganzen Tag die Aromatherapie mit diesem wundersch\u00f6nen Schmuck.<\/p>\n<p>Jedes Design mit einem anderen Stein und einer Kopfkarte \u2013 Einheitsgr\u00f6\u00dfe.<\/p>\n<p>Ein perfektes Geschenk f\u00fcr jeden Anlass \u2013 besonders in Kombination mit einem edlen Samtbeutel.<\/p>\n","protected":false},"excerpt":{"rendered":"<p>Mit einer Vielzahl wundersch\u00f6ner Edelsteine. Aktuell gibt es 11 Designs, sodass Sie das perfekte Schmuckst\u00fcck finden k\u00f6nnen \u2013 obwohl es derzeit in Mode ist, drei oder vier zu tragen. Schmuck aus Lavastein ist der n\u00e4chste gro\u00dfe Trend. Die dunklen, por\u00f6sen Perlen aus Lavastein sind in den letzten Jahren zu einem kleinen Modetrend geworden, aber die [&hellip;]<\/p>\n","protected":false},"featured_media":423329,"comment_status":"closed","ping_status":"open","template":"","meta":{"_angie_page":false},"product_brand":[],"product_cat":[25210,25223,25580,25667,14524],"product_tag":[],"class_list":{"0":"post-219525","1":"product","2":"type-product","3":"status-publish","4":"has-post-thumbnail","6":"product_cat-armbaender","7":"product_cat-edelsteine-mineralien","8":"product_cat-karneol","9":"product_cat-lavagestein-basalt","10":"product_cat-schmuck-und-accessoires","11":"pa_collection-lava-stone-bracelets-de","12":"pa_made-in-china","14":"first","15":"instock","16":"purchasable","17":"product-type-simple"},"supplier_id":null,"supplier_sku":"LavaSB-08","barcode":null,"atum_controlled":true,"out_stock_date":null,"out_stock_threshold":null,"inheritable":false,"inbound_stock":null,"stock_on_hold":0,"sold_today":0,"sales_last_days":0,"reserved_stock":null,"customer_returns":null,"warehouse_damage":null,"lost_in_post":null,"other_logs":null,"out_stock_days":0,"lost_sales":0,"has_location":null,"update_date":"2026-04-27T07:10:35","atum_locations":[],"atum_stock_status":"instock","restock_status":false,"low_stock_amount":"","sales_update_date":"2026-01-30T01:24:55","calc_backorders":null,"_links":{"self":[{"href":"https:\/\/aromasentia.com\/de\/wp-json\/wp\/v2\/product\/219525","targetHints":{"allow":["GET"]}}],"collection":[{"href":"https:\/\/aromasentia.com\/de\/wp-json\/wp\/v2\/product"}],"about":[{"href":"https:\/\/aromasentia.com\/de\/wp-json\/wp\/v2\/types\/product"}],"replies":[{"embeddable":true,"href":"https:\/\/aromasentia.com\/de\/wp-json\/wp\/v2\/comments?post=219525"}],"version-history":[{"count":0,"href":"https:\/\/aromasentia.com\/de\/wp-json\/wp\/v2\/product\/219525\/revisions"}],"wp:featuredmedia":[{"embeddable":true,"href":"https:\/\/aromasentia.com\/de\/wp-json\/wp\/v2\/media\/423329"}],"wp:attachment":[{"href":"https:\/\/aromasentia.com\/de\/wp-json\/wp\/v2\/media?parent=219525"}],"wp:term":[{"taxonomy":"product_brand","embeddable":true,"href":"https:\/\/aromasentia.com\/de\/wp-json\/wp\/v2\/product_brand?post=219525"},{"taxonomy":"product_cat","embeddable":true,"href":"https:\/\/aromasentia.com\/de\/wp-json\/wp\/v2\/product_cat?post=219525"},{"taxonomy":"product_tag","embeddable":true,"href":"https:\/\/aromasentia.com\/de\/wp-json\/wp\/v2\/product_tag?post=219525"}],"curies":[{"name":"wp","href":"https:\/\/api.w.org\/{rel}","templated":true}]}}