{"id":219477,"date":"2025-03-23T11:06:24","date_gmt":"2025-03-23T11:06:24","guid":{"rendered":"https:\/\/aromasentia.com\/product\/bottled-gemstones-necklace-opalite\/"},"modified":"2025-12-30T19:30:45","modified_gmt":"2025-12-30T19:30:45","slug":"halskette-mit-abgefuellten-edelsteinen-opalit","status":"publish","type":"product","link":"https:\/\/aromasentia.com\/de\/halskette-mit-abgefuellten-edelsteinen-opalit\/","title":{"rendered":"Halskette mit abgef\u00fcllten Edelsteinen \u2013 Opalit"},"content":{"rendered":"<h2>Gro\u00dfhandel Flaschen-Edelsteine Halskette &#8211; Opalite<\/h2>\n<p style=\"text-align: justify;\">Der Anh\u00e4nger dieser Halskette ist eine sch\u00f6ne und originelle Flasche, die mit winzigen Opaliten gef\u00fcllt ist.<\/p>\n<p style=\"text-align: justify;\">Opalite ist ein attraktiver Stein wegen seines sch\u00f6nen bl\u00e4ulichen Glanzes und geheimnisvollen Scheins. Er soll erhebend wirken und Raum schaffen.<\/p>\n<p style=\"text-align: justify;\">Erweitern Sie Ihre Schmucksammlung mit diesem exquisiten St\u00fcck, das Eleganz und Charme ausstrahlt. Perfekt f\u00fcr <a href=\"https:\/\/aromasentia.com\/wholesale-indian-gemstone-necklaces\" rel=\"noopener noreferrer\" target=\"_blank\"><strong>Gro\u00dfhandel Edelstein-Halsketten<\/strong><\/a>, bietet unsere Kollektion unschlagbare Qualit\u00e4t und atemberaubende Designs. Lassen Sie sich von dem \u00e4therischen Schimmer des Opalits verf\u00fchren und verzaubern Sie Ihre Kunden.<\/p>\n<p>&nbsp;<\/p>\n<p><em>Kettenl\u00e4nge: ca. 50 cm<\/em><\/p>\n","protected":false},"excerpt":{"rendered":"<p>Gro\u00dfhandel Flaschen-Edelsteine Halskette &#8211; Opalite Der Anh\u00e4nger dieser Halskette ist eine sch\u00f6ne und originelle Flasche, die mit winzigen Opaliten gef\u00fcllt ist. Opalite ist ein attraktiver Stein wegen seines sch\u00f6nen bl\u00e4ulichen Glanzes und geheimnisvollen Scheins. Er soll erhebend wirken und Raum schaffen. Erweitern Sie Ihre Schmucksammlung mit diesem exquisiten St\u00fcck, das Eleganz und Charme ausstrahlt. Perfekt [&hellip;]<\/p>\n","protected":false},"featured_media":422725,"comment_status":"closed","ping_status":"open","template":"","meta":{"_angie_page":false},"product_brand":[],"product_cat":[25223,25217,25707,14524],"product_tag":[],"class_list":{"0":"post-219477","1":"product","2":"type-product","3":"status-publish","4":"has-post-thumbnail","6":"product_cat-edelsteine-mineralien","7":"product_cat-halsketten-anhaenger","8":"product_cat-opalit","9":"product_cat-schmuck-und-accessoires","10":"pa_collection-indian-gemstone-necklaces-de","11":"pa_made-in-indien","13":"first","14":"instock","15":"purchasable","16":"product-type-simple"},"supplier_id":null,"supplier_sku":"IGJ-20","barcode":null,"atum_controlled":true,"out_stock_date":null,"out_stock_threshold":null,"inheritable":false,"inbound_stock":null,"stock_on_hold":0,"sold_today":0,"sales_last_days":0,"reserved_stock":null,"customer_returns":null,"warehouse_damage":null,"lost_in_post":null,"other_logs":null,"out_stock_days":0,"lost_sales":0,"has_location":null,"update_date":"2026-04-27T07:08:45","atum_locations":[],"atum_stock_status":"instock","restock_status":false,"low_stock_amount":"","sales_update_date":"2026-01-30T01:25:54","calc_backorders":null,"_links":{"self":[{"href":"https:\/\/aromasentia.com\/de\/wp-json\/wp\/v2\/product\/219477","targetHints":{"allow":["GET"]}}],"collection":[{"href":"https:\/\/aromasentia.com\/de\/wp-json\/wp\/v2\/product"}],"about":[{"href":"https:\/\/aromasentia.com\/de\/wp-json\/wp\/v2\/types\/product"}],"replies":[{"embeddable":true,"href":"https:\/\/aromasentia.com\/de\/wp-json\/wp\/v2\/comments?post=219477"}],"version-history":[{"count":0,"href":"https:\/\/aromasentia.com\/de\/wp-json\/wp\/v2\/product\/219477\/revisions"}],"wp:featuredmedia":[{"embeddable":true,"href":"https:\/\/aromasentia.com\/de\/wp-json\/wp\/v2\/media\/422725"}],"wp:attachment":[{"href":"https:\/\/aromasentia.com\/de\/wp-json\/wp\/v2\/media?parent=219477"}],"wp:term":[{"taxonomy":"product_brand","embeddable":true,"href":"https:\/\/aromasentia.com\/de\/wp-json\/wp\/v2\/product_brand?post=219477"},{"taxonomy":"product_cat","embeddable":true,"href":"https:\/\/aromasentia.com\/de\/wp-json\/wp\/v2\/product_cat?post=219477"},{"taxonomy":"product_tag","embeddable":true,"href":"https:\/\/aromasentia.com\/de\/wp-json\/wp\/v2\/product_tag?post=219477"}],"curies":[{"name":"wp","href":"https:\/\/api.w.org\/{rel}","templated":true}]}}