{"id":219473,"date":"2025-03-23T11:06:24","date_gmt":"2025-03-23T11:06:24","guid":{"rendered":"https:\/\/aromasentia.com\/product\/bottled-gemstones-necklace-black-onyx\/"},"modified":"2025-12-30T19:30:45","modified_gmt":"2025-12-30T19:30:45","slug":"halskette-mit-abgefuellten-edelsteinen-schwarzer-onyx","status":"publish","type":"product","link":"https:\/\/aromasentia.com\/de\/halskette-mit-abgefuellten-edelsteinen-schwarzer-onyx\/","title":{"rendered":"Halskette mit abgef\u00fcllten Edelsteinen \u2013 Schwarzer Onyx"},"content":{"rendered":"<h2>Gro\u00dfhandel Flaschenhalskette mit Edelsteinen &#8211; Black Onyx<\/h2>\n<p style=\"text-align: justify;\">Elegante und sehr wirkungsvolle Flaschenhalskette gef\u00fcllt mit Onyxsteinen. Verziert mit einer sch\u00f6nen und zarten Kappe.<\/p>\n<p style=\"text-align: justify;\">Black Onyx ist Menschen gewidmet, die &quot;busy&quot; und st\u00e4ndig in Bewegung sind. Es passt sowohl zum Lebensstil von Sportlern als auch von Menschen, die einer sehr stressigen Arbeit nachgehen.<\/p>\n<p style=\"text-align: justify;\">Lassen Sie sich diese exklusive Gelegenheit nicht entgehen, Ihr Gesch\u00e4ft zu erweitern und Kunden zu bedienen, die hochwertige und modische Accessoires suchen. Unsere <a href=\"https:\/\/aromasentia.com\/wholesale-indian-gemstone-necklaces\" rel=\"noopener noreferrer\" target=\"_blank\"><strong>Gro\u00dfhandels-Edelstein-Halsketten<\/strong><\/a>-Kollektion bietet eine gro\u00dfe Auswahl an Edelsteinen, so dass f\u00fcr jeden individuellen Stil und jede Vorliebe etwas dabei ist. <\/p>\n<p><\/p>\n<p><em>Kettenl\u00e4nge: ca. 50 cm<\/em><\/p>\n","protected":false},"excerpt":{"rendered":"<p>Gro\u00dfhandel Flaschenhalskette mit Edelsteinen &#8211; Black Onyx Elegante und sehr wirkungsvolle Flaschenhalskette gef\u00fcllt mit Onyxsteinen. Verziert mit einer sch\u00f6nen und zarten Kappe. Black Onyx ist Menschen gewidmet, die &quot;busy&quot; und st\u00e4ndig in Bewegung sind. Es passt sowohl zum Lebensstil von Sportlern als auch von Menschen, die einer sehr stressigen Arbeit nachgehen. Lassen Sie sich diese [&hellip;]<\/p>\n","protected":false},"featured_media":422692,"comment_status":"closed","ping_status":"open","template":"","meta":{"_angie_page":false},"product_brand":[],"product_cat":[25223,25217,25698,14524],"product_tag":[],"class_list":{"0":"post-219473","1":"product","2":"type-product","3":"status-publish","4":"has-post-thumbnail","6":"product_cat-edelsteine-mineralien","7":"product_cat-halsketten-anhaenger","8":"product_cat-onyx","9":"product_cat-schmuck-und-accessoires","10":"pa_collection-indian-gemstone-necklaces-de","11":"pa_made-in-indien","13":"first","14":"instock","15":"purchasable","16":"product-type-simple"},"supplier_id":null,"supplier_sku":"IGJ-19","barcode":null,"atum_controlled":true,"out_stock_date":null,"out_stock_threshold":null,"inheritable":false,"inbound_stock":null,"stock_on_hold":0,"sold_today":0,"sales_last_days":0,"reserved_stock":null,"customer_returns":null,"warehouse_damage":null,"lost_in_post":null,"other_logs":null,"out_stock_days":0,"lost_sales":0,"has_location":null,"update_date":"2026-04-27T07:08:45","atum_locations":[],"atum_stock_status":"instock","restock_status":false,"low_stock_amount":"","sales_update_date":"2026-01-30T01:25:44","calc_backorders":null,"_links":{"self":[{"href":"https:\/\/aromasentia.com\/de\/wp-json\/wp\/v2\/product\/219473","targetHints":{"allow":["GET"]}}],"collection":[{"href":"https:\/\/aromasentia.com\/de\/wp-json\/wp\/v2\/product"}],"about":[{"href":"https:\/\/aromasentia.com\/de\/wp-json\/wp\/v2\/types\/product"}],"replies":[{"embeddable":true,"href":"https:\/\/aromasentia.com\/de\/wp-json\/wp\/v2\/comments?post=219473"}],"version-history":[{"count":0,"href":"https:\/\/aromasentia.com\/de\/wp-json\/wp\/v2\/product\/219473\/revisions"}],"wp:featuredmedia":[{"embeddable":true,"href":"https:\/\/aromasentia.com\/de\/wp-json\/wp\/v2\/media\/422692"}],"wp:attachment":[{"href":"https:\/\/aromasentia.com\/de\/wp-json\/wp\/v2\/media?parent=219473"}],"wp:term":[{"taxonomy":"product_brand","embeddable":true,"href":"https:\/\/aromasentia.com\/de\/wp-json\/wp\/v2\/product_brand?post=219473"},{"taxonomy":"product_cat","embeddable":true,"href":"https:\/\/aromasentia.com\/de\/wp-json\/wp\/v2\/product_cat?post=219473"},{"taxonomy":"product_tag","embeddable":true,"href":"https:\/\/aromasentia.com\/de\/wp-json\/wp\/v2\/product_tag?post=219473"}],"curies":[{"name":"wp","href":"https:\/\/api.w.org\/{rel}","templated":true}]}}