{"id":219469,"date":"2025-03-23T11:06:24","date_gmt":"2025-03-23T11:06:24","guid":{"rendered":"https:\/\/aromasentia.com\/product\/bottled-gemstones-necklace-amethyst\/"},"modified":"2025-12-30T19:30:45","modified_gmt":"2025-12-30T19:30:45","slug":"halskette-mit-abgefuellten-edelsteinen-amethyst","status":"publish","type":"product","link":"https:\/\/aromasentia.com\/de\/halskette-mit-abgefuellten-edelsteinen-amethyst\/","title":{"rendered":"Halskette mit abgef\u00fcllten Edelsteinen \u2013 Amethyst"},"content":{"rendered":"<h2 style=\"text-align: justify;\">Gro\u00dfhandel Flaschen-Edelsteine Halskette &#8211; Amethyst<\/h2>\n<p style=\"text-align: justify;\">Dieses atemberaubende Halsketten-Fl\u00e4schchen mit winzigen Amethyst-Steinen ist eine fantastische M\u00f6glichkeit, die Kraft der nat\u00fcrlichen Steine jeden Tag zu nutzen. Das Fl\u00e4schchen wird mit einem zart verzierten Schraubverschluss geliefert, der ihm zus\u00e4tzlichen Charme verleiht.<\/p>\n<p style=\"text-align: justify;\">Amethyst ist ein wunderbar wohltuender nat\u00fcrlicher Edelstein, dem mehrere heilende Eigenschaften nachgesagt werden. Er hilft dem K\u00f6rper, sich von negativer Energie zu reinigen und f\u00f6rdert innere St\u00e4rke, Reichtum und Klarheit des Geistes.<\/p>\n<p style=\"text-align: justify;\">Kontaktieren Sie uns noch heute, um unsere umfangreiche Kollektion an Edelstein-Halsketten in Flaschen zu entdecken und sich Ihren Vorrat an <a href=\"https:\/\/aromasentia.com\/wholesale-indian-gemstone-necklaces\" rel=\"noopener noreferrer\" target=\"_blank\"><strong>Gro\u00dfhandel Edelstein-Halsketten<\/strong><\/a>. Mit wettbewerbsf\u00e4higen Preisen und zuverl\u00e4ssigem Versand machen wir es Ihrem Unternehmen leicht, diese exquisiten St\u00fccke Ihren gesch\u00e4tzten Kunden anzubieten.<\/p>\n<p><\/p>\n<p><em>Kettenl\u00e4nge: ca. 50 cm<\/em><\/p>\n","protected":false},"excerpt":{"rendered":"<p>Gro\u00dfhandel Flaschen-Edelsteine Halskette &#8211; Amethyst Dieses atemberaubende Halsketten-Fl\u00e4schchen mit winzigen Amethyst-Steinen ist eine fantastische M\u00f6glichkeit, die Kraft der nat\u00fcrlichen Steine jeden Tag zu nutzen. Das Fl\u00e4schchen wird mit einem zart verzierten Schraubverschluss geliefert, der ihm zus\u00e4tzlichen Charme verleiht. Amethyst ist ein wunderbar wohltuender nat\u00fcrlicher Edelstein, dem mehrere heilende Eigenschaften nachgesagt werden. Er hilft dem K\u00f6rper, [&hellip;]<\/p>\n","protected":false},"featured_media":422667,"comment_status":"closed","ping_status":"open","template":"","meta":{"_angie_page":false},"product_brand":[],"product_cat":[25546,25223,25217,14524],"product_tag":[],"class_list":{"0":"post-219469","1":"product","2":"type-product","3":"status-publish","4":"has-post-thumbnail","6":"product_cat-amethyst","7":"product_cat-edelsteine-mineralien","8":"product_cat-halsketten-anhaenger","9":"product_cat-schmuck-und-accessoires","10":"pa_collection-indian-gemstone-necklaces-de","11":"pa_made-in-indien","13":"first","14":"instock","15":"purchasable","16":"product-type-simple"},"supplier_id":null,"supplier_sku":"IGJ-18","barcode":null,"atum_controlled":true,"out_stock_date":null,"out_stock_threshold":null,"inheritable":false,"inbound_stock":null,"stock_on_hold":0,"sold_today":0,"sales_last_days":0,"reserved_stock":null,"customer_returns":null,"warehouse_damage":null,"lost_in_post":null,"other_logs":null,"out_stock_days":0,"lost_sales":0,"has_location":null,"update_date":"2026-04-27T07:08:45","atum_locations":[],"atum_stock_status":"instock","restock_status":false,"low_stock_amount":"","sales_update_date":"2026-02-06T00:02:16","calc_backorders":null,"_links":{"self":[{"href":"https:\/\/aromasentia.com\/de\/wp-json\/wp\/v2\/product\/219469","targetHints":{"allow":["GET"]}}],"collection":[{"href":"https:\/\/aromasentia.com\/de\/wp-json\/wp\/v2\/product"}],"about":[{"href":"https:\/\/aromasentia.com\/de\/wp-json\/wp\/v2\/types\/product"}],"replies":[{"embeddable":true,"href":"https:\/\/aromasentia.com\/de\/wp-json\/wp\/v2\/comments?post=219469"}],"version-history":[{"count":0,"href":"https:\/\/aromasentia.com\/de\/wp-json\/wp\/v2\/product\/219469\/revisions"}],"wp:featuredmedia":[{"embeddable":true,"href":"https:\/\/aromasentia.com\/de\/wp-json\/wp\/v2\/media\/422667"}],"wp:attachment":[{"href":"https:\/\/aromasentia.com\/de\/wp-json\/wp\/v2\/media?parent=219469"}],"wp:term":[{"taxonomy":"product_brand","embeddable":true,"href":"https:\/\/aromasentia.com\/de\/wp-json\/wp\/v2\/product_brand?post=219469"},{"taxonomy":"product_cat","embeddable":true,"href":"https:\/\/aromasentia.com\/de\/wp-json\/wp\/v2\/product_cat?post=219469"},{"taxonomy":"product_tag","embeddable":true,"href":"https:\/\/aromasentia.com\/de\/wp-json\/wp\/v2\/product_tag?post=219469"}],"curies":[{"name":"wp","href":"https:\/\/api.w.org\/{rel}","templated":true}]}}