{"id":219421,"date":"2025-03-23T11:06:24","date_gmt":"2025-03-23T11:06:24","guid":{"rendered":"https:\/\/aromasentia.com\/product\/swirl-wrapped-gemstone-necklace-rose-quartz\/"},"modified":"2025-12-30T19:30:37","modified_gmt":"2025-12-30T19:30:37","slug":"wirbelgewickelte-edelsteinkette-rosenquarz","status":"publish","type":"product","link":"https:\/\/aromasentia.com\/de\/wirbelgewickelte-edelsteinkette-rosenquarz\/","title":{"rendered":"Wirbelgewickelte Edelsteinkette \u2013 Rosenquarz"},"content":{"rendered":"<h2>Gro\u00dfhandel Swirl gewickelt Edelstein Halskette &#8211; Rosenquarz<\/h2>\n<p style=\"text-align: justify;\">Elegante Halskette mit Rosenquarz verziert mit einem zarten Wirbel. Sie versch\u00f6nert jedes Outfit, sieht am Dekollet\u00e9 wundersch\u00f6n aus und bringt das Gesicht einer Frau zum Strahlen, was sicherlich alle um sie herum begeistern wird.<\/p>\n<p style=\"text-align: justify;\">Rosenquarz ist ein Stein der Liebe, der Freude und Sensibilit\u00e4t ausstrahlt. Quarz ist ein sehr femininer Stein, und seine Klasse ist etwas, das jede Frau verdient.<\/p>\n<p style=\"text-align: justify;\">Bestellen Sie jetzt und werden Sie ein H\u00e4ndler, der daf\u00fcr bekannt ist, die besten <a href=\"https:\/\/aromasentia.com\/wholesale-indian-gemstone-necklaces\" rel=\"noopener noreferrer\" target=\"_blank\"><strong>Gro\u00dfhandels-Edelsteinanh\u00e4nger<\/strong><\/a> auf dem Markt anzubieten. Erfreuen Sie Ihre Kunden mit der Sch\u00f6nheit und dem Charme dieser exquisiten Accessoires. Handeln Sie jetzt und nutzen Sie das Potenzial unserer Edelstein-Halsketten f\u00fcr Ihr Gesch\u00e4ft! <\/p>\n<p><\/p>\n<p><em>Kettenl\u00e4nge: ca. 50 cm<\/em><\/p>\n","protected":false},"excerpt":{"rendered":"<p>Gro\u00dfhandel Swirl gewickelt Edelstein Halskette &#8211; Rosenquarz Elegante Halskette mit Rosenquarz verziert mit einem zarten Wirbel. Sie versch\u00f6nert jedes Outfit, sieht am Dekollet\u00e9 wundersch\u00f6n aus und bringt das Gesicht einer Frau zum Strahlen, was sicherlich alle um sie herum begeistern wird. Rosenquarz ist ein Stein der Liebe, der Freude und Sensibilit\u00e4t ausstrahlt. Quarz ist ein [&hellip;]<\/p>\n","protected":false},"featured_media":422423,"comment_status":"closed","ping_status":"open","template":"","meta":{"_angie_page":false},"product_brand":[],"product_cat":[25223,25217,25735,25752,14524],"product_tag":[],"class_list":{"0":"post-219421","1":"product","2":"type-product","3":"status-publish","4":"has-post-thumbnail","6":"product_cat-edelsteine-mineralien","7":"product_cat-halsketten-anhaenger","8":"product_cat-quarz","9":"product_cat-rosenquarz","10":"product_cat-schmuck-und-accessoires","11":"pa_collection-indian-gemstone-necklaces-de","12":"pa_made-in-indien","14":"first","15":"instock","16":"purchasable","17":"product-type-simple"},"supplier_id":null,"supplier_sku":"IGJ-06","barcode":null,"atum_controlled":true,"out_stock_date":null,"out_stock_threshold":null,"inheritable":false,"inbound_stock":null,"stock_on_hold":0,"sold_today":0,"sales_last_days":0,"reserved_stock":null,"customer_returns":null,"warehouse_damage":null,"lost_in_post":null,"other_logs":null,"out_stock_days":34,"lost_sales":0,"has_location":null,"update_date":"2026-05-11T01:55:52","atum_locations":[],"atum_stock_status":"instock","restock_status":false,"low_stock_amount":"","sales_update_date":"2026-01-20T05:14:49","calc_backorders":null,"_links":{"self":[{"href":"https:\/\/aromasentia.com\/de\/wp-json\/wp\/v2\/product\/219421","targetHints":{"allow":["GET"]}}],"collection":[{"href":"https:\/\/aromasentia.com\/de\/wp-json\/wp\/v2\/product"}],"about":[{"href":"https:\/\/aromasentia.com\/de\/wp-json\/wp\/v2\/types\/product"}],"replies":[{"embeddable":true,"href":"https:\/\/aromasentia.com\/de\/wp-json\/wp\/v2\/comments?post=219421"}],"version-history":[{"count":0,"href":"https:\/\/aromasentia.com\/de\/wp-json\/wp\/v2\/product\/219421\/revisions"}],"wp:featuredmedia":[{"embeddable":true,"href":"https:\/\/aromasentia.com\/de\/wp-json\/wp\/v2\/media\/422423"}],"wp:attachment":[{"href":"https:\/\/aromasentia.com\/de\/wp-json\/wp\/v2\/media?parent=219421"}],"wp:term":[{"taxonomy":"product_brand","embeddable":true,"href":"https:\/\/aromasentia.com\/de\/wp-json\/wp\/v2\/product_brand?post=219421"},{"taxonomy":"product_cat","embeddable":true,"href":"https:\/\/aromasentia.com\/de\/wp-json\/wp\/v2\/product_cat?post=219421"},{"taxonomy":"product_tag","embeddable":true,"href":"https:\/\/aromasentia.com\/de\/wp-json\/wp\/v2\/product_tag?post=219421"}],"curies":[{"name":"wp","href":"https:\/\/api.w.org\/{rel}","templated":true}]}}