{"id":219401,"date":"2025-03-23T11:06:24","date_gmt":"2025-03-23T11:06:24","guid":{"rendered":"https:\/\/aromasentia.com\/product\/tree-of-life-gemstone-necklace-rose-quartz\/"},"modified":"2025-12-30T19:30:30","modified_gmt":"2025-12-30T19:30:30","slug":"lebensbaum-edelstein-halskette-rosenquarz","status":"publish","type":"product","link":"https:\/\/aromasentia.com\/de\/lebensbaum-edelstein-halskette-rosenquarz\/","title":{"rendered":"Lebensbaum-Edelstein-Halskette \u2013 Rosenquarz"},"content":{"rendered":"<h2>Gro\u00dfhandel Baum des Lebens Edelstein Halskette &#8211; Rosenquarz<\/h2>\n<p style=\"text-align: justify;\">Sch\u00f6ner und zarter Rosenquarz geschlossen im Baum des Lebens K\u00e4fig. Dieser Stein wird der Stein der Liebe genannt, was nicht nur die Zuneigung zwischen zwei Menschen bedeutet, sondern sich auch auf gute Beziehungen zu sich selbst, zu anderen Menschen und zur Natur bezieht.<\/p>\n<p style=\"text-align: justify;\">Der Baum des Lebens in Schmuckst\u00fccken hat neben seinen wunderbaren \u00e4sthetischen Werten auch einen starken symbolischen Kontext. Er ist uns n\u00e4her, als wir denken &#8211; die Krone ist unser Geist und der Stamm unser K\u00f6rper.<\/p>\n<p style=\"text-align: justify;\">Achtung Schmuckh\u00e4ndler! Sind Sie bereit, Ihrem Bestand einen Hauch von Eleganz und Charme zu verleihen? Dann schauen Sie sich unsere atemberaubende Kollektion von Edelstein-Halsketten an, die im Gro\u00dfhandel erh\u00e4ltlich sind. Entdecken Sie die Sch\u00f6nheit von <a href=\"https:\/\/aromasentia.com\/wholesale-indian-gemstone-necklaces\" rel=\"noopener noreferrer\" target=\"_blank\"><strong>Gro\u00dfhandel Edelstein-Halsketten<\/strong><\/a> und verzaubern Sie Ihre Kunden mit diesen exquisiten St\u00fccken tragbarer Kunst.<\/p>\n<p><\/p>\n<p><em>Kettenl\u00e4nge: ca. 50 cm<\/em><\/p>\n","protected":false},"excerpt":{"rendered":"<p>Gro\u00dfhandel Baum des Lebens Edelstein Halskette &#8211; Rosenquarz Sch\u00f6ner und zarter Rosenquarz geschlossen im Baum des Lebens K\u00e4fig. Dieser Stein wird der Stein der Liebe genannt, was nicht nur die Zuneigung zwischen zwei Menschen bedeutet, sondern sich auch auf gute Beziehungen zu sich selbst, zu anderen Menschen und zur Natur bezieht. Der Baum des Lebens [&hellip;]<\/p>\n","protected":false},"featured_media":422314,"comment_status":"closed","ping_status":"open","template":"","meta":{"_angie_page":false},"product_brand":[],"product_cat":[25223,25217,25735,25752,14524],"product_tag":[],"class_list":{"0":"post-219401","1":"product","2":"type-product","3":"status-publish","4":"has-post-thumbnail","6":"product_cat-edelsteine-mineralien","7":"product_cat-halsketten-anhaenger","8":"product_cat-quarz","9":"product_cat-rosenquarz","10":"product_cat-schmuck-und-accessoires","11":"pa_collection-indian-gemstone-necklaces-de","12":"pa_made-in-indien","14":"first","15":"instock","16":"purchasable","17":"product-type-simple"},"supplier_id":null,"supplier_sku":"IGJ-01","barcode":null,"atum_controlled":true,"out_stock_date":null,"out_stock_threshold":null,"inheritable":false,"inbound_stock":null,"stock_on_hold":0,"sold_today":0,"sales_last_days":0,"reserved_stock":null,"customer_returns":null,"warehouse_damage":null,"lost_in_post":null,"other_logs":null,"out_stock_days":0,"lost_sales":0,"has_location":null,"update_date":"2026-05-08T05:10:51","atum_locations":[],"atum_stock_status":"instock","restock_status":false,"low_stock_amount":"","sales_update_date":"2025-09-03T00:16:37","calc_backorders":null,"_links":{"self":[{"href":"https:\/\/aromasentia.com\/de\/wp-json\/wp\/v2\/product\/219401","targetHints":{"allow":["GET"]}}],"collection":[{"href":"https:\/\/aromasentia.com\/de\/wp-json\/wp\/v2\/product"}],"about":[{"href":"https:\/\/aromasentia.com\/de\/wp-json\/wp\/v2\/types\/product"}],"replies":[{"embeddable":true,"href":"https:\/\/aromasentia.com\/de\/wp-json\/wp\/v2\/comments?post=219401"}],"version-history":[{"count":0,"href":"https:\/\/aromasentia.com\/de\/wp-json\/wp\/v2\/product\/219401\/revisions"}],"wp:featuredmedia":[{"embeddable":true,"href":"https:\/\/aromasentia.com\/de\/wp-json\/wp\/v2\/media\/422314"}],"wp:attachment":[{"href":"https:\/\/aromasentia.com\/de\/wp-json\/wp\/v2\/media?parent=219401"}],"wp:term":[{"taxonomy":"product_brand","embeddable":true,"href":"https:\/\/aromasentia.com\/de\/wp-json\/wp\/v2\/product_brand?post=219401"},{"taxonomy":"product_cat","embeddable":true,"href":"https:\/\/aromasentia.com\/de\/wp-json\/wp\/v2\/product_cat?post=219401"},{"taxonomy":"product_tag","embeddable":true,"href":"https:\/\/aromasentia.com\/de\/wp-json\/wp\/v2\/product_tag?post=219401"}],"curies":[{"name":"wp","href":"https:\/\/api.w.org\/{rel}","templated":true}]}}