{"id":219373,"date":"2025-03-23T11:06:32","date_gmt":"2025-03-23T11:06:32","guid":{"rendered":"https:\/\/aromasentia.com\/product\/magnetic-gemstone-bracelet-sodalite\/"},"modified":"2025-12-30T19:30:22","modified_gmt":"2025-12-30T19:30:22","slug":"magnetisches-edelstein-armband-sodalith","status":"publish","type":"product","link":"https:\/\/aromasentia.com\/de\/magnetisches-edelstein-armband-sodalith\/","title":{"rendered":"Magnetisches Edelstein Armband &#8211; Sodalith"},"content":{"rendered":"<p>Diese Auswahl an magnetischen Edelsteinarmb\u00e4ndern ist f\u00fcr Sie gemacht, wenn Sie Ihre Pers\u00f6nlichkeit gerne zum Ausdruck bringen!<\/p>\n<p>Ideales Produkt zum Kombinieren, da Sie mit drei oder vier einen \u201eLook\u201c kreieren m\u00f6chten.<\/p>\n<p>Vor Jahren waren diese \u00e4u\u00dferst beliebt, da ihnen heilende oder mystisch anziehende Eigenschaften zugeschrieben wurden \u2013 Edelsteine haben viele magische Eigenschaften, und mit Tigerauge-, Sodalith- und Redstone-Sortimenten k\u00f6nnen Sie f\u00fcr jeden Geschmack etwas Passendes finden.<\/p>\n<p>Ein perfektes Geschenk f\u00fcr jeden Anlass.<\/p>\n<p>Alle Armb\u00e4nder sind mit einem starken Gummiband zusammengehalten, sodass sie sich an jede Handgelenkgr\u00f6\u00dfe anpassen.<\/p>\n<p>Peppen Sie Ihre Schmuckabteilung auf und bringen Sie mit diesen magnetischen Armb\u00e4ndern etwas Farbe ins Spiel. Decken Sie sich noch heute ein!<\/p>\n","protected":false},"excerpt":{"rendered":"<p>Diese Auswahl an magnetischen Edelsteinarmb\u00e4ndern ist f\u00fcr Sie gemacht, wenn Sie Ihre Pers\u00f6nlichkeit gerne zum Ausdruck bringen! Ideales Produkt zum Kombinieren, da Sie mit drei oder vier einen \u201eLook\u201c kreieren m\u00f6chten. Vor Jahren waren diese \u00e4u\u00dferst beliebt, da ihnen heilende oder mystisch anziehende Eigenschaften zugeschrieben wurden \u2013 Edelsteine haben viele magische Eigenschaften, und mit Tigerauge-, [&hellip;]<\/p>\n","protected":false},"featured_media":425152,"comment_status":"closed","ping_status":"open","template":"","meta":[],"product_brand":[],"product_cat":[25210,25223,14524,25767],"product_tag":[],"class_list":{"0":"post-219373","1":"product","2":"type-product","3":"status-publish","4":"has-post-thumbnail","6":"product_cat-armbaender","7":"product_cat-edelsteine-mineralien","8":"product_cat-schmuck-und-accessoires","9":"product_cat-sodalith","10":"pa_collection-magnetic-gemstone-bracelets-de","11":"pa_made-in-china","13":"first","14":"instock","15":"purchasable","16":"product-type-simple"},"supplier_id":null,"supplier_sku":"MGBS-08","barcode":null,"atum_controlled":true,"out_stock_date":null,"out_stock_threshold":null,"inheritable":false,"inbound_stock":null,"stock_on_hold":0,"sold_today":0,"sales_last_days":0,"reserved_stock":null,"customer_returns":null,"warehouse_damage":null,"lost_in_post":null,"other_logs":null,"out_stock_days":0,"lost_sales":0,"has_location":null,"update_date":"2026-02-10T10:30:53","atum_locations":[],"atum_stock_status":"instock","restock_status":false,"low_stock_amount":"","sales_update_date":"2025-09-03T00:16:35","calc_backorders":null,"_links":{"self":[{"href":"https:\/\/aromasentia.com\/de\/wp-json\/wp\/v2\/product\/219373","targetHints":{"allow":["GET"]}}],"collection":[{"href":"https:\/\/aromasentia.com\/de\/wp-json\/wp\/v2\/product"}],"about":[{"href":"https:\/\/aromasentia.com\/de\/wp-json\/wp\/v2\/types\/product"}],"replies":[{"embeddable":true,"href":"https:\/\/aromasentia.com\/de\/wp-json\/wp\/v2\/comments?post=219373"}],"version-history":[{"count":0,"href":"https:\/\/aromasentia.com\/de\/wp-json\/wp\/v2\/product\/219373\/revisions"}],"wp:featuredmedia":[{"embeddable":true,"href":"https:\/\/aromasentia.com\/de\/wp-json\/wp\/v2\/media\/425152"}],"wp:attachment":[{"href":"https:\/\/aromasentia.com\/de\/wp-json\/wp\/v2\/media?parent=219373"}],"wp:term":[{"taxonomy":"product_brand","embeddable":true,"href":"https:\/\/aromasentia.com\/de\/wp-json\/wp\/v2\/product_brand?post=219373"},{"taxonomy":"product_cat","embeddable":true,"href":"https:\/\/aromasentia.com\/de\/wp-json\/wp\/v2\/product_cat?post=219373"},{"taxonomy":"product_tag","embeddable":true,"href":"https:\/\/aromasentia.com\/de\/wp-json\/wp\/v2\/product_tag?post=219373"}],"curies":[{"name":"wp","href":"https:\/\/api.w.org\/{rel}","templated":true}]}}