{"id":219321,"date":"2025-03-23T11:06:32","date_gmt":"2025-03-23T11:06:32","guid":{"rendered":"https:\/\/aromasentia.com\/product\/gemstone-manifestation-bracelet-rare-mookiate-wisdom\/"},"modified":"2025-12-30T19:30:15","modified_gmt":"2025-12-30T19:30:15","slug":"edelstein-manifestationen-armband-seltener-mookait-weisheit","status":"publish","type":"product","link":"https:\/\/aromasentia.com\/de\/edelstein-manifestationen-armband-seltener-mookait-weisheit\/","title":{"rendered":"Edelstein-Manifestationen-Armband \u2013 seltener Mookait \u2013 Weisheit"},"content":{"rendered":"<p><span style=\"color: rgb(75, 80, 88);\"><strong>Edelstein-Manifestationsarmband \u2013 Seltener Mookait \u2013 Weisheit<\/strong><\/span><\/p>\n<p><span style=\"color: rgb(75, 80, 88);\">Erweitern Sie die Auswahl Ihres Shops mit einem bezaubernden Edelstein-Manifestationsarmband mit seltenem Mookait, einem Stein tiefer Weisheit. Dieses Armband aus echten seltenen Mookait-Perlen verk\u00f6rpert Einsicht und Wissen.<\/span><\/p>\n<p><span style=\"color: rgb(75, 80, 88);\">Jedes Armband wird sorgf\u00e4ltig von Hand gefertigt und zeigt die exquisiten und einzigartigen Muster des seltenen Mookaits.&nbsp;<\/span><\/p>\n<p><span style=\"color: rgb(75, 80, 88);\">Laden Sie Ihre Kunden ein, mit diesem exquisiten St\u00fcck ihre innere Weisheit und Intuition zu entdecken. Lassen Sie sie mit dem <strong>Edelstein-Manifestationsarmband \u2013 Seltener Mookait \u2013 Weisheit<\/strong> einen Weg zu gr\u00f6\u00dferem Verst\u00e4ndnis und Erleuchtung manifestieren.<\/span><\/p>\n","protected":false},"excerpt":{"rendered":"<p>Edelstein-Manifestationsarmband \u2013 Seltener Mookait \u2013 Weisheit Erweitern Sie die Auswahl Ihres Shops mit einem bezaubernden Edelstein-Manifestationsarmband mit seltenem Mookait, einem Stein tiefer Weisheit. Dieses Armband aus echten seltenen Mookait-Perlen verk\u00f6rpert Einsicht und Wissen. Jedes Armband wird sorgf\u00e4ltig von Hand gefertigt und zeigt die exquisiten und einzigartigen Muster des seltenen Mookaits.&nbsp; Laden Sie Ihre Kunden ein, [&hellip;]<\/p>\n","protected":false},"featured_media":424363,"comment_status":"closed","ping_status":"open","template":"","meta":{"_angie_page":false},"product_brand":[],"product_cat":[25210,14524],"product_tag":[],"class_list":{"0":"post-219321","1":"product","2":"type-product","3":"status-publish","4":"has-post-thumbnail","6":"product_cat-armbaender","7":"product_cat-schmuck-und-accessoires","8":"pa_collection-gemstone-bracelets-for-manifestation-de","9":"pa_made-in-china","11":"first","12":"instock","13":"purchasable","14":"product-type-simple"},"supplier_id":null,"supplier_sku":"ManB-12","barcode":null,"atum_controlled":true,"out_stock_date":null,"out_stock_threshold":null,"inheritable":false,"inbound_stock":null,"stock_on_hold":0,"sold_today":0,"sales_last_days":0,"reserved_stock":null,"customer_returns":null,"warehouse_damage":null,"lost_in_post":null,"other_logs":null,"out_stock_days":0,"lost_sales":0,"has_location":null,"update_date":"2026-05-08T05:13:08","atum_locations":[],"atum_stock_status":"instock","restock_status":false,"low_stock_amount":"","sales_update_date":"2026-01-30T01:24:51","calc_backorders":null,"_links":{"self":[{"href":"https:\/\/aromasentia.com\/de\/wp-json\/wp\/v2\/product\/219321","targetHints":{"allow":["GET"]}}],"collection":[{"href":"https:\/\/aromasentia.com\/de\/wp-json\/wp\/v2\/product"}],"about":[{"href":"https:\/\/aromasentia.com\/de\/wp-json\/wp\/v2\/types\/product"}],"replies":[{"embeddable":true,"href":"https:\/\/aromasentia.com\/de\/wp-json\/wp\/v2\/comments?post=219321"}],"version-history":[{"count":0,"href":"https:\/\/aromasentia.com\/de\/wp-json\/wp\/v2\/product\/219321\/revisions"}],"wp:featuredmedia":[{"embeddable":true,"href":"https:\/\/aromasentia.com\/de\/wp-json\/wp\/v2\/media\/424363"}],"wp:attachment":[{"href":"https:\/\/aromasentia.com\/de\/wp-json\/wp\/v2\/media?parent=219321"}],"wp:term":[{"taxonomy":"product_brand","embeddable":true,"href":"https:\/\/aromasentia.com\/de\/wp-json\/wp\/v2\/product_brand?post=219321"},{"taxonomy":"product_cat","embeddable":true,"href":"https:\/\/aromasentia.com\/de\/wp-json\/wp\/v2\/product_cat?post=219321"},{"taxonomy":"product_tag","embeddable":true,"href":"https:\/\/aromasentia.com\/de\/wp-json\/wp\/v2\/product_tag?post=219321"}],"curies":[{"name":"wp","href":"https:\/\/api.w.org\/{rel}","templated":true}]}}