{"id":219317,"date":"2025-03-23T11:06:32","date_gmt":"2025-03-23T11:06:32","guid":{"rendered":"https:\/\/aromasentia.com\/product\/gemstone-manifestation-bracelet-sodalite-truth\/"},"modified":"2025-12-30T19:30:15","modified_gmt":"2025-12-30T19:30:15","slug":"edelstein-manifestationen-armband-sodalith-wahrheit","status":"publish","type":"product","link":"https:\/\/aromasentia.com\/de\/edelstein-manifestationen-armband-sodalith-wahrheit\/","title":{"rendered":"Edelstein-Manifestationen-Armband \u2013 Sodalith \u2013 Wahrheit"},"content":{"rendered":"<p><strong><span style=\"color: rgb(75, 80, 88);\">Edelstein-Manifestation-Armband \u2013 Wahrheit<\/span><\/strong><\/p>\n<p><span style=\"color: rgb(75, 80, 88);\">Erwecken Sie die erstaunliche Kraft der Zielstrebigkeit mit faszinierenden Edelsteinb\u00e4ndern, die fachm\u00e4nnisch gefertigt wurden, um Ihre Kundschaft zu ermutigen, ihre innersten Sehns\u00fcchte zum Ausdruck zu bringen und eine Revolution der positiven Transformation in ihrem Leben auszul\u00f6sen.<\/span> <\/p>\n<p><span style=\"color: rgb(75, 80, 88);\">Diese Armb\u00e4nder sind ein absolutes Muss in Ihrem Inventar.&nbsp;Manifestation ist eine aufstrebende und sehr gefragte Praxis und diese Armb\u00e4nder bieten Ihren Kunden ein greifbares Tor, um eine tiefe Verbindung mit ihren Sehns\u00fcchten und Absichten herzustellen. Sie gehen \u00fcber blo\u00dfe Sch\u00f6nheit hinaus; Sie sind wirksame Instrumente, mit denen Sie immer mehr Kunden in Ihr Unternehmen locken k\u00f6nnen.<\/span><\/p>\n<p><span style=\"color: rgb(75, 80, 88);\">Begeben Sie sich mit dem <strong>Sodalith-Manifestation-Armband<\/strong> auf die Suche nach Wahrheit und Klarheit. Dieser Edelstein verst\u00e4rkt die Kommunikation und innere Weisheit und dient Ihnen als Verb\u00fcndeter bei der Manifestation von Ehrlichkeit und Authentizit\u00e4t.<\/span><\/p>\n","protected":false},"excerpt":{"rendered":"<p>Edelstein-Manifestation-Armband \u2013 Wahrheit Erwecken Sie die erstaunliche Kraft der Zielstrebigkeit mit faszinierenden Edelsteinb\u00e4ndern, die fachm\u00e4nnisch gefertigt wurden, um Ihre Kundschaft zu ermutigen, ihre innersten Sehns\u00fcchte zum Ausdruck zu bringen und eine Revolution der positiven Transformation in ihrem Leben auszul\u00f6sen. Diese Armb\u00e4nder sind ein absolutes Muss in Ihrem Inventar.&nbsp;Manifestation ist eine aufstrebende und sehr gefragte Praxis [&hellip;]<\/p>\n","protected":false},"featured_media":424330,"comment_status":"closed","ping_status":"open","template":"","meta":{"_angie_page":false},"product_brand":[],"product_cat":[25210,25223,14524,25767],"product_tag":[],"class_list":{"0":"post-219317","1":"product","2":"type-product","3":"status-publish","4":"has-post-thumbnail","6":"product_cat-armbaender","7":"product_cat-edelsteine-mineralien","8":"product_cat-schmuck-und-accessoires","9":"product_cat-sodalith","10":"pa_collection-gemstone-bracelets-for-manifestation-de","11":"pa_made-in-china","13":"first","14":"instock","15":"purchasable","16":"product-type-simple"},"supplier_id":null,"supplier_sku":"ManB-11","barcode":null,"atum_controlled":true,"out_stock_date":null,"out_stock_threshold":null,"inheritable":false,"inbound_stock":null,"stock_on_hold":0,"sold_today":0,"sales_last_days":0,"reserved_stock":null,"customer_returns":null,"warehouse_damage":null,"lost_in_post":null,"other_logs":null,"out_stock_days":0,"lost_sales":0,"has_location":null,"update_date":"2026-04-29T05:09:16","atum_locations":[],"atum_stock_status":"instock","restock_status":false,"low_stock_amount":"","sales_update_date":"2026-01-30T01:24:42","calc_backorders":null,"_links":{"self":[{"href":"https:\/\/aromasentia.com\/de\/wp-json\/wp\/v2\/product\/219317","targetHints":{"allow":["GET"]}}],"collection":[{"href":"https:\/\/aromasentia.com\/de\/wp-json\/wp\/v2\/product"}],"about":[{"href":"https:\/\/aromasentia.com\/de\/wp-json\/wp\/v2\/types\/product"}],"replies":[{"embeddable":true,"href":"https:\/\/aromasentia.com\/de\/wp-json\/wp\/v2\/comments?post=219317"}],"version-history":[{"count":0,"href":"https:\/\/aromasentia.com\/de\/wp-json\/wp\/v2\/product\/219317\/revisions"}],"wp:featuredmedia":[{"embeddable":true,"href":"https:\/\/aromasentia.com\/de\/wp-json\/wp\/v2\/media\/424330"}],"wp:attachment":[{"href":"https:\/\/aromasentia.com\/de\/wp-json\/wp\/v2\/media?parent=219317"}],"wp:term":[{"taxonomy":"product_brand","embeddable":true,"href":"https:\/\/aromasentia.com\/de\/wp-json\/wp\/v2\/product_brand?post=219317"},{"taxonomy":"product_cat","embeddable":true,"href":"https:\/\/aromasentia.com\/de\/wp-json\/wp\/v2\/product_cat?post=219317"},{"taxonomy":"product_tag","embeddable":true,"href":"https:\/\/aromasentia.com\/de\/wp-json\/wp\/v2\/product_tag?post=219317"}],"curies":[{"name":"wp","href":"https:\/\/api.w.org\/{rel}","templated":true}]}}