{"id":219313,"date":"2025-03-23T11:06:32","date_gmt":"2025-03-23T11:06:32","guid":{"rendered":"https:\/\/aromasentia.com\/product\/gemstone-manifestation-bracelet-blood-spider-stone-family-bonds\/"},"modified":"2025-12-30T19:30:15","modified_gmt":"2025-12-30T19:30:15","slug":"edelstein-manifestationen-armband-blutspinnenstein-familienbande","status":"publish","type":"product","link":"https:\/\/aromasentia.com\/de\/edelstein-manifestationen-armband-blutspinnenstein-familienbande\/","title":{"rendered":"Edelstein-Manifestationen-Armband \u2013 Blutspinnenstein \u2013 Familienbande"},"content":{"rendered":"<p><strong><span style=\"color: rgb(75, 80, 88);\">Edelstein-Manifestationsarmband \u2013 Blutspinnenstein \u2013 Familienbande<\/span><\/strong><\/p>\n<p><span style=\"color: rgb(75, 80, 88);\">Erweitern Sie die Auswahl Ihres Gesch\u00e4fts mit einem verf\u00fchrerischen Edelstein-Affirmationsarmband mit Blutspinnenstein, einem Symbol dauerhafter Familienbande. Dieses sorgf\u00e4ltig aus echten Blutspinnensteinperlen gefertigte Armband verk\u00f6rpert Einheit und ein Gef\u00fchl der Verbundenheit.<\/span> <\/p>\n<p><span style=\"color: rgb(75, 80, 88);\">Jedes Armband ist sorgf\u00e4ltig gefertigt und zeigt die einzigartigen Muster des Blutspinnensteins.&nbsp;<\/span><\/p>\n<p><span style=\"color: rgb(75, 80, 88);\">Ermutigen Sie Ihre Kunden, die Bande zu feiern, die dieses exquisite St\u00fcck verbindet. Lassen Sie sie mit dem <strong>Edelstein-Manifestationsarmband \u2013 Blutspinnenstein \u2013 Familienbande<\/strong> eine tiefere Verbindung und Harmonie innerhalb ihrer Familie manifestieren.<\/span><\/p>\n","protected":false},"excerpt":{"rendered":"<p>Edelstein-Manifestationsarmband \u2013 Blutspinnenstein \u2013 Familienbande Erweitern Sie die Auswahl Ihres Gesch\u00e4fts mit einem verf\u00fchrerischen Edelstein-Affirmationsarmband mit Blutspinnenstein, einem Symbol dauerhafter Familienbande. Dieses sorgf\u00e4ltig aus echten Blutspinnensteinperlen gefertigte Armband verk\u00f6rpert Einheit und ein Gef\u00fchl der Verbundenheit. Jedes Armband ist sorgf\u00e4ltig gefertigt und zeigt die einzigartigen Muster des Blutspinnensteins.&nbsp; Ermutigen Sie Ihre Kunden, die Bande zu feiern, [&hellip;]<\/p>\n","protected":false},"featured_media":424297,"comment_status":"closed","ping_status":"open","template":"","meta":{"_angie_page":false},"product_brand":[],"product_cat":[25210,14524],"product_tag":[],"class_list":{"0":"post-219313","1":"product","2":"type-product","3":"status-publish","4":"has-post-thumbnail","6":"product_cat-armbaender","7":"product_cat-schmuck-und-accessoires","8":"pa_collection-gemstone-bracelets-for-manifestation-de","9":"pa_made-in-china","11":"first","12":"instock","13":"purchasable","14":"product-type-simple"},"supplier_id":null,"supplier_sku":"ManB-10","barcode":null,"atum_controlled":true,"out_stock_date":null,"out_stock_threshold":null,"inheritable":false,"inbound_stock":null,"stock_on_hold":0,"sold_today":0,"sales_last_days":0,"reserved_stock":null,"customer_returns":null,"warehouse_damage":null,"lost_in_post":null,"other_logs":null,"out_stock_days":0,"lost_sales":0,"has_location":null,"update_date":"2026-05-08T05:13:08","atum_locations":[],"atum_stock_status":"instock","restock_status":false,"low_stock_amount":"","sales_update_date":"2026-01-30T01:24:27","calc_backorders":null,"_links":{"self":[{"href":"https:\/\/aromasentia.com\/de\/wp-json\/wp\/v2\/product\/219313","targetHints":{"allow":["GET"]}}],"collection":[{"href":"https:\/\/aromasentia.com\/de\/wp-json\/wp\/v2\/product"}],"about":[{"href":"https:\/\/aromasentia.com\/de\/wp-json\/wp\/v2\/types\/product"}],"replies":[{"embeddable":true,"href":"https:\/\/aromasentia.com\/de\/wp-json\/wp\/v2\/comments?post=219313"}],"version-history":[{"count":0,"href":"https:\/\/aromasentia.com\/de\/wp-json\/wp\/v2\/product\/219313\/revisions"}],"wp:featuredmedia":[{"embeddable":true,"href":"https:\/\/aromasentia.com\/de\/wp-json\/wp\/v2\/media\/424297"}],"wp:attachment":[{"href":"https:\/\/aromasentia.com\/de\/wp-json\/wp\/v2\/media?parent=219313"}],"wp:term":[{"taxonomy":"product_brand","embeddable":true,"href":"https:\/\/aromasentia.com\/de\/wp-json\/wp\/v2\/product_brand?post=219313"},{"taxonomy":"product_cat","embeddable":true,"href":"https:\/\/aromasentia.com\/de\/wp-json\/wp\/v2\/product_cat?post=219313"},{"taxonomy":"product_tag","embeddable":true,"href":"https:\/\/aromasentia.com\/de\/wp-json\/wp\/v2\/product_tag?post=219313"}],"curies":[{"name":"wp","href":"https:\/\/api.w.org\/{rel}","templated":true}]}}