{"id":219309,"date":"2025-03-23T11:06:32","date_gmt":"2025-03-23T11:06:32","guid":{"rendered":"https:\/\/aromasentia.com\/product\/gemstone-manifestation-bracelet-olive-jade-healing\/"},"modified":"2025-12-30T19:30:15","modified_gmt":"2025-12-30T19:30:15","slug":"edelstein-manifestationen-armband-olivenjade-heilung","status":"publish","type":"product","link":"https:\/\/aromasentia.com\/de\/edelstein-manifestationen-armband-olivenjade-heilung\/","title":{"rendered":"Edelstein-Manifestationen-Armband \u2013 Olivenjade \u2013 Heilung"},"content":{"rendered":"<p><span style=\"color: rgb(75, 80, 88);\"><strong>Edelstein-Manifestationsarmband \u2013 Olive-Jade \u2013 Heilung<\/strong><\/span><\/p>\n<p><span style=\"color: rgb(75, 80, 88);\">Erweitern Sie das Angebot Ihres Gesch\u00e4fts mit einem bezaubernden Edelstein-Affirmationsarmband aus Olive-Jade, einem verehrten Edelstein, der f\u00fcr seine revitalisierenden Eigenschaften bekannt ist. Dieses sorgf\u00e4ltig aus echten Olive-Jade-Perlen gefertigte Armband verk\u00f6rpert den Geist der Erneuerung und des ganzheitlichen Wohlbefindens. <br \/><\/span><\/p>\n<p><span style=\"color: rgb(75, 80, 88);\">Jedes Armband ist liebevoll handgefertigt und hebt die beruhigenden Farbt\u00f6ne der Olive-Jade hervor.&nbsp;<\/span><\/p>\n<p><span style=\"color: rgb(75, 80, 88);\">Ermutigen Sie Ihre Kunden mit diesem exquisiten St\u00fcck, ganzheitliche Heilung und innere Harmonie anzunehmen Lassen Sie sie mit dem <strong>Edelstein-Manifestationsarmband \u2013 Olive Jade \u2013 Heilung<\/strong> einen Weg zu Wohlbefinden und Vitalit\u00e4t manifestieren.<\/span><\/p>\n","protected":false},"excerpt":{"rendered":"<p>Edelstein-Manifestationsarmband \u2013 Olive-Jade \u2013 Heilung Erweitern Sie das Angebot Ihres Gesch\u00e4fts mit einem bezaubernden Edelstein-Affirmationsarmband aus Olive-Jade, einem verehrten Edelstein, der f\u00fcr seine revitalisierenden Eigenschaften bekannt ist. Dieses sorgf\u00e4ltig aus echten Olive-Jade-Perlen gefertigte Armband verk\u00f6rpert den Geist der Erneuerung und des ganzheitlichen Wohlbefindens. Jedes Armband ist liebevoll handgefertigt und hebt die beruhigenden Farbt\u00f6ne der Olive-Jade [&hellip;]<\/p>\n","protected":false},"featured_media":424264,"comment_status":"closed","ping_status":"open","template":"","meta":[],"product_brand":[],"product_cat":[25210,25223,25640,14524],"product_tag":[],"class_list":{"0":"post-219309","1":"product","2":"type-product","3":"status-publish","4":"has-post-thumbnail","6":"product_cat-armbaender","7":"product_cat-edelsteine-mineralien","8":"product_cat-jade","9":"product_cat-schmuck-und-accessoires","10":"pa_collection-gemstone-bracelets-for-manifestation-de","11":"pa_made-in-china","13":"first","14":"instock","15":"purchasable","16":"product-type-simple"},"supplier_id":null,"supplier_sku":"ManB-09","barcode":null,"atum_controlled":true,"out_stock_date":null,"out_stock_threshold":null,"inheritable":false,"inbound_stock":null,"stock_on_hold":0,"sold_today":0,"sales_last_days":0,"reserved_stock":null,"customer_returns":null,"warehouse_damage":null,"lost_in_post":null,"other_logs":null,"out_stock_days":0,"lost_sales":0,"has_location":null,"update_date":"2026-02-09T11:39:03","atum_locations":[],"atum_stock_status":"instock","restock_status":false,"low_stock_amount":"","sales_update_date":"2026-01-30T01:24:41","calc_backorders":null,"_links":{"self":[{"href":"https:\/\/aromasentia.com\/de\/wp-json\/wp\/v2\/product\/219309","targetHints":{"allow":["GET"]}}],"collection":[{"href":"https:\/\/aromasentia.com\/de\/wp-json\/wp\/v2\/product"}],"about":[{"href":"https:\/\/aromasentia.com\/de\/wp-json\/wp\/v2\/types\/product"}],"replies":[{"embeddable":true,"href":"https:\/\/aromasentia.com\/de\/wp-json\/wp\/v2\/comments?post=219309"}],"version-history":[{"count":0,"href":"https:\/\/aromasentia.com\/de\/wp-json\/wp\/v2\/product\/219309\/revisions"}],"wp:featuredmedia":[{"embeddable":true,"href":"https:\/\/aromasentia.com\/de\/wp-json\/wp\/v2\/media\/424264"}],"wp:attachment":[{"href":"https:\/\/aromasentia.com\/de\/wp-json\/wp\/v2\/media?parent=219309"}],"wp:term":[{"taxonomy":"product_brand","embeddable":true,"href":"https:\/\/aromasentia.com\/de\/wp-json\/wp\/v2\/product_brand?post=219309"},{"taxonomy":"product_cat","embeddable":true,"href":"https:\/\/aromasentia.com\/de\/wp-json\/wp\/v2\/product_cat?post=219309"},{"taxonomy":"product_tag","embeddable":true,"href":"https:\/\/aromasentia.com\/de\/wp-json\/wp\/v2\/product_tag?post=219309"}],"curies":[{"name":"wp","href":"https:\/\/api.w.org\/{rel}","templated":true}]}}