{"id":219305,"date":"2025-03-23T11:06:32","date_gmt":"2025-03-23T11:06:32","guid":{"rendered":"https:\/\/aromasentia.com\/product\/gemstone-manifestation-bracelet-white-jasper-peace\/"},"modified":"2025-12-30T19:30:15","modified_gmt":"2025-12-30T19:30:15","slug":"edelstein-manifestationen-armband-weisser-jaspis-frieden","status":"publish","type":"product","link":"https:\/\/aromasentia.com\/de\/edelstein-manifestationen-armband-weisser-jaspis-frieden\/","title":{"rendered":"Edelstein-Manifestationen-Armband \u2013 Wei\u00dfer Jaspis \u2013 Frieden"},"content":{"rendered":"<p><span style=\"color: rgb(75, 80, 88);\">&nbsp;<strong>Edelstein-Manifestationsarmband \u2013 Frieden<\/strong><\/span><\/p>\n<p><span style=\"color: rgb(75, 80, 88);\">Erwecken Sie die grenzenlose Kraft der Zielstrebigkeit mit fesselnden Edelsteinb\u00e4ndern, die sorgf\u00e4ltig gefertigt wurden, um Ihre Kundschaft zu ermutigen, ihre liebsten W\u00fcnsche in die Tat umzusetzen und bedeutende positive Ver\u00e4nderungen auf ihrem Weg herbeizuf\u00fchren.<\/span><\/p>\n<p><span style=\"color: rgb(75, 80, 88);\">Wenn Sie Einzelh\u00e4ndler sind, betrachten Sie diese Armb\u00e4nder als eine unverzichtbare Erg\u00e4nzung Ihres Inventars.&nbsp;Manifestation erfreut sich zunehmender Beliebtheit und diese Armb\u00e4nder bieten Ihren Kunden ein greifbares Tor, um eine tiefe Verbindung mit ihren W\u00fcnschen und Absichten aufzubauen. Sie gehen \u00fcber blo\u00dfe \u00c4sthetik hinaus; Sie sind dynamische Instrumente mit der Kraft, ein wachsendes Publikum f\u00fcr Ihr Unternehmen zu gewinnen.<\/span><\/p>\n<p><span style=\"color: rgb(75, 80, 88);\">Begeben Sie sich mit dem <strong>Manifestation-Armband aus wei\u00dfem Jaspis<\/strong> auf eine Reise zu innerem Frieden und Gelassenheit. Die wohltuende Aura dieses Edelsteins erleichtert die Manifestation von Ruhe inmitten der unerbittlichen Herausforderungen des Lebens.<\/span><\/p>\n","protected":false},"excerpt":{"rendered":"<p>&nbsp;Edelstein-Manifestationsarmband \u2013 Frieden Erwecken Sie die grenzenlose Kraft der Zielstrebigkeit mit fesselnden Edelsteinb\u00e4ndern, die sorgf\u00e4ltig gefertigt wurden, um Ihre Kundschaft zu ermutigen, ihre liebsten W\u00fcnsche in die Tat umzusetzen und bedeutende positive Ver\u00e4nderungen auf ihrem Weg herbeizuf\u00fchren. Wenn Sie Einzelh\u00e4ndler sind, betrachten Sie diese Armb\u00e4nder als eine unverzichtbare Erg\u00e4nzung Ihres Inventars.&nbsp;Manifestation erfreut sich zunehmender Beliebtheit [&hellip;]<\/p>\n","protected":false},"featured_media":424231,"comment_status":"closed","ping_status":"open","template":"","meta":{"_angie_page":false},"product_brand":[],"product_cat":[25210,25223,25646,14524],"product_tag":[],"class_list":{"0":"post-219305","1":"product","2":"type-product","3":"status-publish","4":"has-post-thumbnail","6":"product_cat-armbaender","7":"product_cat-edelsteine-mineralien","8":"product_cat-jaspis","9":"product_cat-schmuck-und-accessoires","10":"pa_collection-gemstone-bracelets-for-manifestation-de","11":"pa_made-in-china","13":"first","14":"instock","15":"purchasable","16":"product-type-simple"},"supplier_id":null,"supplier_sku":"ManB-08","barcode":null,"atum_controlled":true,"out_stock_date":null,"out_stock_threshold":null,"inheritable":false,"inbound_stock":null,"stock_on_hold":0,"sold_today":0,"sales_last_days":0,"reserved_stock":null,"customer_returns":null,"warehouse_damage":null,"lost_in_post":null,"other_logs":null,"out_stock_days":0,"lost_sales":0,"has_location":null,"update_date":"2026-04-29T01:07:01","atum_locations":[],"atum_stock_status":"instock","restock_status":false,"low_stock_amount":"","sales_update_date":"2026-01-30T01:24:42","calc_backorders":null,"_links":{"self":[{"href":"https:\/\/aromasentia.com\/de\/wp-json\/wp\/v2\/product\/219305","targetHints":{"allow":["GET"]}}],"collection":[{"href":"https:\/\/aromasentia.com\/de\/wp-json\/wp\/v2\/product"}],"about":[{"href":"https:\/\/aromasentia.com\/de\/wp-json\/wp\/v2\/types\/product"}],"replies":[{"embeddable":true,"href":"https:\/\/aromasentia.com\/de\/wp-json\/wp\/v2\/comments?post=219305"}],"version-history":[{"count":0,"href":"https:\/\/aromasentia.com\/de\/wp-json\/wp\/v2\/product\/219305\/revisions"}],"wp:featuredmedia":[{"embeddable":true,"href":"https:\/\/aromasentia.com\/de\/wp-json\/wp\/v2\/media\/424231"}],"wp:attachment":[{"href":"https:\/\/aromasentia.com\/de\/wp-json\/wp\/v2\/media?parent=219305"}],"wp:term":[{"taxonomy":"product_brand","embeddable":true,"href":"https:\/\/aromasentia.com\/de\/wp-json\/wp\/v2\/product_brand?post=219305"},{"taxonomy":"product_cat","embeddable":true,"href":"https:\/\/aromasentia.com\/de\/wp-json\/wp\/v2\/product_cat?post=219305"},{"taxonomy":"product_tag","embeddable":true,"href":"https:\/\/aromasentia.com\/de\/wp-json\/wp\/v2\/product_tag?post=219305"}],"curies":[{"name":"wp","href":"https:\/\/api.w.org\/{rel}","templated":true}]}}