{"id":219301,"date":"2025-03-23T11:06:32","date_gmt":"2025-03-23T11:06:32","guid":{"rendered":"https:\/\/aromasentia.com\/product\/gemstone-manifestation-bracelet-map-stone-prosperity\/"},"modified":"2025-12-30T19:30:15","modified_gmt":"2025-12-30T19:30:15","slug":"edelstein-manifestationen-armband-kartenstein-wohlstand","status":"publish","type":"product","link":"https:\/\/aromasentia.com\/de\/edelstein-manifestationen-armband-kartenstein-wohlstand\/","title":{"rendered":"Edelstein-Manifestationen-Armband \u2013 Kartenstein \u2013 Wohlstand"},"content":{"rendered":"<p><strong><span style=\"color: rgb(75, 80, 88);\">Edelstein-Manifestationsarmband \u2013 Wohlstand<\/span><\/strong><\/p>\n<p><span style=\"color: rgb(75, 80, 88);\">Nutzen Sie die enorme Kraft der Absicht mit faszinierenden Edelsteinb\u00e4ndern, die sorgf\u00e4ltig entworfen wurden, um Ihre Kundschaft zu ermutigen, ihre liebsten Tr\u00e4ume zu verwirklichen und eine tiefgreifende positive Ver\u00e4nderung in ihrem Lebensweg herbeizuf\u00fchren. <br \/><\/span><\/p>\n<p><span style=\"color: rgb(75, 80, 88);\">F\u00fcr Einzelh\u00e4ndler sind diese Armb\u00e4nder ein absolutes Muss in Ihrem Lagerbestand. Manifestation ist eine florierende und weit verbreitete Praxis, und diese Armb\u00e4nder bieten Ihren Kunden einen greifbaren Kanal, um eine Verbindung mit ihren Bestrebungen und Absichten herzustellen. Sie gehen \u00fcber blo\u00dfe \u00c4sthetik hinaus; Sie sind dynamische Instrumente, die in der Lage sind, ein wachsendes Publikum f\u00fcr Ihr Unternehmen zu gewinnen.<\/span><\/p>\n<p><span style=\"color: rgb(75, 80, 88);\">Genie\u00dfen Sie Wohlstand und Reichtum mit dem <strong>Map Stone Manifestation Bracelet<\/strong>. Dieser Edelstein verk\u00f6rpert finanzielles Wachstum und Chancen und ist somit die ultimative Wahl f\u00fcr alle, die Reichtum manifestieren m\u00f6chten.<\/span><\/p>\n<p><span style=\"color: rgb(75, 80, 88);\">Enth\u00fcllen Sie den Zauber der Absicht mit Manifestation Gemstone Bracelets.<\/span><\/p>\n","protected":false},"excerpt":{"rendered":"<p>Edelstein-Manifestationsarmband \u2013 Wohlstand Nutzen Sie die enorme Kraft der Absicht mit faszinierenden Edelsteinb\u00e4ndern, die sorgf\u00e4ltig entworfen wurden, um Ihre Kundschaft zu ermutigen, ihre liebsten Tr\u00e4ume zu verwirklichen und eine tiefgreifende positive Ver\u00e4nderung in ihrem Lebensweg herbeizuf\u00fchren. F\u00fcr Einzelh\u00e4ndler sind diese Armb\u00e4nder ein absolutes Muss in Ihrem Lagerbestand. Manifestation ist eine florierende und weit verbreitete Praxis, [&hellip;]<\/p>\n","protected":false},"featured_media":424198,"comment_status":"closed","ping_status":"open","template":"","meta":{"_angie_page":false},"product_brand":[],"product_cat":[25210,14524],"product_tag":[],"class_list":{"0":"post-219301","1":"product","2":"type-product","3":"status-publish","4":"has-post-thumbnail","6":"product_cat-armbaender","7":"product_cat-schmuck-und-accessoires","8":"pa_collection-gemstone-bracelets-for-manifestation-de","9":"pa_made-in-china","11":"first","12":"instock","13":"purchasable","14":"product-type-simple"},"supplier_id":null,"supplier_sku":"ManB-07","barcode":null,"atum_controlled":true,"out_stock_date":null,"out_stock_threshold":null,"inheritable":false,"inbound_stock":null,"stock_on_hold":0,"sold_today":0,"sales_last_days":0,"reserved_stock":null,"customer_returns":null,"warehouse_damage":null,"lost_in_post":null,"other_logs":null,"out_stock_days":0,"lost_sales":0,"has_location":null,"update_date":"2026-05-08T05:13:08","atum_locations":[],"atum_stock_status":"instock","restock_status":false,"low_stock_amount":"","sales_update_date":"2026-02-06T00:01:20","calc_backorders":null,"_links":{"self":[{"href":"https:\/\/aromasentia.com\/de\/wp-json\/wp\/v2\/product\/219301","targetHints":{"allow":["GET"]}}],"collection":[{"href":"https:\/\/aromasentia.com\/de\/wp-json\/wp\/v2\/product"}],"about":[{"href":"https:\/\/aromasentia.com\/de\/wp-json\/wp\/v2\/types\/product"}],"replies":[{"embeddable":true,"href":"https:\/\/aromasentia.com\/de\/wp-json\/wp\/v2\/comments?post=219301"}],"version-history":[{"count":0,"href":"https:\/\/aromasentia.com\/de\/wp-json\/wp\/v2\/product\/219301\/revisions"}],"wp:featuredmedia":[{"embeddable":true,"href":"https:\/\/aromasentia.com\/de\/wp-json\/wp\/v2\/media\/424198"}],"wp:attachment":[{"href":"https:\/\/aromasentia.com\/de\/wp-json\/wp\/v2\/media?parent=219301"}],"wp:term":[{"taxonomy":"product_brand","embeddable":true,"href":"https:\/\/aromasentia.com\/de\/wp-json\/wp\/v2\/product_brand?post=219301"},{"taxonomy":"product_cat","embeddable":true,"href":"https:\/\/aromasentia.com\/de\/wp-json\/wp\/v2\/product_cat?post=219301"},{"taxonomy":"product_tag","embeddable":true,"href":"https:\/\/aromasentia.com\/de\/wp-json\/wp\/v2\/product_tag?post=219301"}],"curies":[{"name":"wp","href":"https:\/\/api.w.org\/{rel}","templated":true}]}}