{"id":219297,"date":"2025-03-23T11:06:32","date_gmt":"2025-03-23T11:06:32","guid":{"rendered":"https:\/\/aromasentia.com\/product\/gemstone-manifestation-bracelet-black-agate-protection\/"},"modified":"2025-12-30T19:30:07","modified_gmt":"2025-12-30T19:30:07","slug":"edelstein-manifestationen-schwarzer-achat-blutgranat-schutz","status":"publish","type":"product","link":"https:\/\/aromasentia.com\/de\/edelstein-manifestationen-schwarzer-achat-blutgranat-schutz\/","title":{"rendered":"Edelstein-Manifestationen-Schwarzer Achat \u2013 Blutgranat \u2013 Schutz"},"content":{"rendered":"<p><span style=\"color: rgb(75, 80, 88);\"><strong>Edelstein-Manifestationsarmband \u2013 Blutgranat \u2013 Schutz<\/strong><\/span><\/p>\n<p><span style=\"color: rgb(75, 80, 88);\">Erweitern Sie das Angebot Ihres Gesch\u00e4fts mit einem verf\u00fchrerischen Edelstein-Affirmationsarmband aus Blutgranat, einem Edelstein, der f\u00fcr seine unersch\u00fctterlichen Schutzeigenschaften bekannt ist. Dieses sorgf\u00e4ltig aus echten Blutgranatperlen gefertigte Armband dient als wirksamer Schutzschild gegen negative Energien und ist ein wahrer W\u00e4chter f\u00fcr seinen Tr\u00e4ger.<\/span> <\/p>\n<p><span style=\"color: rgb(75, 80, 88);\">Jedes Armband ist sorgf\u00e4ltig gefertigt und zeigt die tiefrote Sch\u00f6nheit des Blutgranats.&nbsp;<\/span><\/p>\n<p><span style=\"color: rgb(75, 80, 88);\">Laden Sie Ihre Kunden ein, die sch\u00fctzende Energie dieses exquisiten St\u00fccks zu nutzen. Helfen Sie ihnen, mit dem <strong>Edelstein-Manifestationsarmband \u2013 Blutgranat \u2013 Schutz<\/strong><\/span><\/p>\n<p> einen Schild der Sicherheit und St\u00e4rke in ihrem Leben zu manifestieren.<\/p>\n","protected":false},"excerpt":{"rendered":"<p>Edelstein-Manifestationsarmband \u2013 Blutgranat \u2013 Schutz Erweitern Sie das Angebot Ihres Gesch\u00e4fts mit einem verf\u00fchrerischen Edelstein-Affirmationsarmband aus Blutgranat, einem Edelstein, der f\u00fcr seine unersch\u00fctterlichen Schutzeigenschaften bekannt ist. Dieses sorgf\u00e4ltig aus echten Blutgranatperlen gefertigte Armband dient als wirksamer Schutzschild gegen negative Energien und ist ein wahrer W\u00e4chter f\u00fcr seinen Tr\u00e4ger. Jedes Armband ist sorgf\u00e4ltig gefertigt und zeigt [&hellip;]<\/p>\n","protected":false},"featured_media":424165,"comment_status":"closed","ping_status":"open","template":"","meta":{"_angie_page":false},"product_brand":[],"product_cat":[25542,25210,25223,14524],"product_tag":[],"class_list":{"0":"post-219297","1":"product","2":"type-product","3":"status-publish","4":"has-post-thumbnail","6":"product_cat-agate","7":"product_cat-armbaender","8":"product_cat-edelsteine-mineralien","9":"product_cat-schmuck-und-accessoires","10":"pa_collection-gemstone-bracelets-for-manifestation-de","11":"pa_made-in-china","13":"first","14":"instock","15":"purchasable","16":"product-type-simple"},"supplier_id":null,"supplier_sku":"ManB-06","barcode":null,"atum_controlled":true,"out_stock_date":null,"out_stock_threshold":null,"inheritable":false,"inbound_stock":null,"stock_on_hold":0,"sold_today":0,"sales_last_days":0,"reserved_stock":null,"customer_returns":null,"warehouse_damage":null,"lost_in_post":null,"other_logs":null,"out_stock_days":0,"lost_sales":0,"has_location":null,"update_date":"2026-05-08T05:13:08","atum_locations":[],"atum_stock_status":"instock","restock_status":false,"low_stock_amount":"","sales_update_date":"2026-02-06T00:02:22","calc_backorders":null,"_links":{"self":[{"href":"https:\/\/aromasentia.com\/de\/wp-json\/wp\/v2\/product\/219297","targetHints":{"allow":["GET"]}}],"collection":[{"href":"https:\/\/aromasentia.com\/de\/wp-json\/wp\/v2\/product"}],"about":[{"href":"https:\/\/aromasentia.com\/de\/wp-json\/wp\/v2\/types\/product"}],"replies":[{"embeddable":true,"href":"https:\/\/aromasentia.com\/de\/wp-json\/wp\/v2\/comments?post=219297"}],"version-history":[{"count":0,"href":"https:\/\/aromasentia.com\/de\/wp-json\/wp\/v2\/product\/219297\/revisions"}],"wp:featuredmedia":[{"embeddable":true,"href":"https:\/\/aromasentia.com\/de\/wp-json\/wp\/v2\/media\/424165"}],"wp:attachment":[{"href":"https:\/\/aromasentia.com\/de\/wp-json\/wp\/v2\/media?parent=219297"}],"wp:term":[{"taxonomy":"product_brand","embeddable":true,"href":"https:\/\/aromasentia.com\/de\/wp-json\/wp\/v2\/product_brand?post=219297"},{"taxonomy":"product_cat","embeddable":true,"href":"https:\/\/aromasentia.com\/de\/wp-json\/wp\/v2\/product_cat?post=219297"},{"taxonomy":"product_tag","embeddable":true,"href":"https:\/\/aromasentia.com\/de\/wp-json\/wp\/v2\/product_tag?post=219297"}],"curies":[{"name":"wp","href":"https:\/\/api.w.org\/{rel}","templated":true}]}}