{"id":219293,"date":"2025-03-23T11:06:32","date_gmt":"2025-03-23T11:06:32","guid":{"rendered":"https:\/\/aromasentia.com\/product\/gemstone-manifestation-bracelet-green-jasper-growth\/"},"modified":"2025-12-30T19:30:07","modified_gmt":"2025-12-30T19:30:07","slug":"edelstein-manifestationen-armband-gruener-jaspis-wachstum","status":"publish","type":"product","link":"https:\/\/aromasentia.com\/de\/edelstein-manifestationen-armband-gruener-jaspis-wachstum\/","title":{"rendered":"Edelstein-Manifestationen-Armband \u2013 Gr\u00fcner Jaspis \u2013 Wachstum"},"content":{"rendered":"<p><span style=\"color: rgb(75, 80, 88);\"><strong>Edelstein-Manifestation-Armband \u2013 Gr\u00fcner Jaspis \u2013 Wachstum<\/strong><\/span><\/p>\n<p><span style=\"color: rgb(75, 80, 88);\">Erweitern Sie die Auswahl Ihres Gesch\u00e4fts mit einem verf\u00fchrerischen Edelstein-Affirmationsarmband aus gr\u00fcnem Jaspis, einem Edelstein f\u00fcr bl\u00fchendes Wachstum und Verj\u00fcngung. Dieses sorgf\u00e4ltig aus echten gr\u00fcnen Jaspisperlen gefertigte Armband verk\u00f6rpert die lebendige Vitalit\u00e4t im Herzen der Natur.<\/span><\/p>\n<p><span style=\"color: rgb(75, 80, 88);\">Ermutigen Sie Ihre Kunden mit diesem exquisiten St\u00fcck, pers\u00f6nliches Wachstum und Transformation anzunehmen. Jedes Armband wird sorgf\u00e4ltig gefertigt und ist somit eine einzigartige Erg\u00e4nzung Ihres Inventars.&nbsp;<\/span><\/p>\n<p><span style=\"color: rgb(75, 80, 88);\">Helfen Sie Ihren Kunden, Wachstum und Vitalit\u00e4t in ihrem Leben zu manifestieren mit dem <strong>Edelstein-Manifestationsarmband \u2013 Gr\u00fcner Jaspis \u2013 Wachstum.<\/strong><\/span><\/p>\n","protected":false},"excerpt":{"rendered":"<p>Edelstein-Manifestation-Armband \u2013 Gr\u00fcner Jaspis \u2013 Wachstum Erweitern Sie die Auswahl Ihres Gesch\u00e4fts mit einem verf\u00fchrerischen Edelstein-Affirmationsarmband aus gr\u00fcnem Jaspis, einem Edelstein f\u00fcr bl\u00fchendes Wachstum und Verj\u00fcngung. Dieses sorgf\u00e4ltig aus echten gr\u00fcnen Jaspisperlen gefertigte Armband verk\u00f6rpert die lebendige Vitalit\u00e4t im Herzen der Natur. Ermutigen Sie Ihre Kunden mit diesem exquisiten St\u00fcck, pers\u00f6nliches Wachstum und Transformation anzunehmen. [&hellip;]<\/p>\n","protected":false},"featured_media":424132,"comment_status":"closed","ping_status":"open","template":"","meta":{"_angie_page":false},"product_brand":[],"product_cat":[25210,25223,25646,14524],"product_tag":[],"class_list":{"0":"post-219293","1":"product","2":"type-product","3":"status-publish","4":"has-post-thumbnail","6":"product_cat-armbaender","7":"product_cat-edelsteine-mineralien","8":"product_cat-jaspis","9":"product_cat-schmuck-und-accessoires","10":"pa_collection-gemstone-bracelets-for-manifestation-de","11":"pa_made-in-china","13":"first","14":"instock","15":"purchasable","16":"product-type-simple"},"supplier_id":null,"supplier_sku":"ManB-05","barcode":null,"atum_controlled":true,"out_stock_date":null,"out_stock_threshold":null,"inheritable":false,"inbound_stock":null,"stock_on_hold":0,"sold_today":0,"sales_last_days":0,"reserved_stock":null,"customer_returns":null,"warehouse_damage":null,"lost_in_post":null,"other_logs":null,"out_stock_days":0,"lost_sales":0,"has_location":null,"update_date":"2026-05-08T05:13:08","atum_locations":[],"atum_stock_status":"instock","restock_status":false,"low_stock_amount":"","sales_update_date":"2026-01-30T01:24:42","calc_backorders":null,"_links":{"self":[{"href":"https:\/\/aromasentia.com\/de\/wp-json\/wp\/v2\/product\/219293","targetHints":{"allow":["GET"]}}],"collection":[{"href":"https:\/\/aromasentia.com\/de\/wp-json\/wp\/v2\/product"}],"about":[{"href":"https:\/\/aromasentia.com\/de\/wp-json\/wp\/v2\/types\/product"}],"replies":[{"embeddable":true,"href":"https:\/\/aromasentia.com\/de\/wp-json\/wp\/v2\/comments?post=219293"}],"version-history":[{"count":0,"href":"https:\/\/aromasentia.com\/de\/wp-json\/wp\/v2\/product\/219293\/revisions"}],"wp:featuredmedia":[{"embeddable":true,"href":"https:\/\/aromasentia.com\/de\/wp-json\/wp\/v2\/media\/424132"}],"wp:attachment":[{"href":"https:\/\/aromasentia.com\/de\/wp-json\/wp\/v2\/media?parent=219293"}],"wp:term":[{"taxonomy":"product_brand","embeddable":true,"href":"https:\/\/aromasentia.com\/de\/wp-json\/wp\/v2\/product_brand?post=219293"},{"taxonomy":"product_cat","embeddable":true,"href":"https:\/\/aromasentia.com\/de\/wp-json\/wp\/v2\/product_cat?post=219293"},{"taxonomy":"product_tag","embeddable":true,"href":"https:\/\/aromasentia.com\/de\/wp-json\/wp\/v2\/product_tag?post=219293"}],"curies":[{"name":"wp","href":"https:\/\/api.w.org\/{rel}","templated":true}]}}