{"id":219289,"date":"2025-03-23T11:06:32","date_gmt":"2025-03-23T11:06:32","guid":{"rendered":"https:\/\/aromasentia.com\/product\/gemstone-manifestation-bracelet-amethyst-calmness\/"},"modified":"2025-12-30T19:30:07","modified_gmt":"2025-12-30T19:30:07","slug":"edelstein-manifestationen-armband-amethyst-ruhe","status":"publish","type":"product","link":"https:\/\/aromasentia.com\/de\/edelstein-manifestationen-armband-amethyst-ruhe\/","title":{"rendered":"Edelstein-Manifestationen-Armband \u2013 Amethyst \u2013 Ruhe"},"content":{"rendered":"<p><span style=\"color: rgb(75, 80, 88);\"><strong>Edelstein-Manifestationsarmband \u2013 Amethyst \u2013 Ruhe<\/strong><\/span><\/p>\n<p><span style=\"color: rgb(75, 80, 88);\">Verwandeln Sie die Auswahl Ihres Shops mit diesem Edelstein-Manifestationsarmband mit Amethyst, einem Stein der ruhigen Gelassenheit. Dieses Armband aus echten Amethystperlen strahlt wohltuende Energie aus und ist somit ein Muss f\u00fcr alle, die Ruhe suchen.<\/span><\/p>\n<p><span style=\"color: rgb(75, 80, 88);\">Jedes Armband ist sorgf\u00e4ltig handgefertigt und unterstreicht die nat\u00fcrliche Sch\u00f6nheit des Amethysts.<\/span><\/p>\n<p><span style=\"color: rgb(75, 80, 88);\">Laden Sie Ihre Kunden ein, mit diesem bezaubernden <strong>Edelstein-Manifestationsarmband \u2013 Amethyst \u2013 Ruhe<\/strong> Frieden und innere Ausgeglichenheit zu erleben. Lassen Sie sie die Kraft der Ruhe direkt an ihren Fingerspitzen entdecken.<\/span><\/p>\n","protected":false},"excerpt":{"rendered":"<p>Edelstein-Manifestationsarmband \u2013 Amethyst \u2013 Ruhe Verwandeln Sie die Auswahl Ihres Shops mit diesem Edelstein-Manifestationsarmband mit Amethyst, einem Stein der ruhigen Gelassenheit. Dieses Armband aus echten Amethystperlen strahlt wohltuende Energie aus und ist somit ein Muss f\u00fcr alle, die Ruhe suchen. Jedes Armband ist sorgf\u00e4ltig handgefertigt und unterstreicht die nat\u00fcrliche Sch\u00f6nheit des Amethysts. Laden Sie Ihre [&hellip;]<\/p>\n","protected":false},"featured_media":424099,"comment_status":"closed","ping_status":"open","template":"","meta":{"_angie_page":false},"product_brand":[],"product_cat":[25546,25210,25223,14524],"product_tag":[],"class_list":{"0":"post-219289","1":"product","2":"type-product","3":"status-publish","4":"has-post-thumbnail","6":"product_cat-amethyst","7":"product_cat-armbaender","8":"product_cat-edelsteine-mineralien","9":"product_cat-schmuck-und-accessoires","10":"pa_collection-gemstone-bracelets-for-manifestation-de","11":"pa_made-in-china","13":"first","14":"instock","15":"purchasable","16":"product-type-simple"},"supplier_id":null,"supplier_sku":"ManB-04","barcode":null,"atum_controlled":true,"out_stock_date":null,"out_stock_threshold":null,"inheritable":false,"inbound_stock":null,"stock_on_hold":0,"sold_today":0,"sales_last_days":0,"reserved_stock":null,"customer_returns":null,"warehouse_damage":null,"lost_in_post":null,"other_logs":null,"out_stock_days":0,"lost_sales":0,"has_location":null,"update_date":"2026-05-08T05:13:08","atum_locations":[],"atum_stock_status":"instock","restock_status":false,"low_stock_amount":"","sales_update_date":"2025-09-03T00:16:28","calc_backorders":null,"_links":{"self":[{"href":"https:\/\/aromasentia.com\/de\/wp-json\/wp\/v2\/product\/219289","targetHints":{"allow":["GET"]}}],"collection":[{"href":"https:\/\/aromasentia.com\/de\/wp-json\/wp\/v2\/product"}],"about":[{"href":"https:\/\/aromasentia.com\/de\/wp-json\/wp\/v2\/types\/product"}],"replies":[{"embeddable":true,"href":"https:\/\/aromasentia.com\/de\/wp-json\/wp\/v2\/comments?post=219289"}],"version-history":[{"count":0,"href":"https:\/\/aromasentia.com\/de\/wp-json\/wp\/v2\/product\/219289\/revisions"}],"wp:featuredmedia":[{"embeddable":true,"href":"https:\/\/aromasentia.com\/de\/wp-json\/wp\/v2\/media\/424099"}],"wp:attachment":[{"href":"https:\/\/aromasentia.com\/de\/wp-json\/wp\/v2\/media?parent=219289"}],"wp:term":[{"taxonomy":"product_brand","embeddable":true,"href":"https:\/\/aromasentia.com\/de\/wp-json\/wp\/v2\/product_brand?post=219289"},{"taxonomy":"product_cat","embeddable":true,"href":"https:\/\/aromasentia.com\/de\/wp-json\/wp\/v2\/product_cat?post=219289"},{"taxonomy":"product_tag","embeddable":true,"href":"https:\/\/aromasentia.com\/de\/wp-json\/wp\/v2\/product_tag?post=219289"}],"curies":[{"name":"wp","href":"https:\/\/api.w.org\/{rel}","templated":true}]}}