{"id":219285,"date":"2025-03-23T11:06:32","date_gmt":"2025-03-23T11:06:32","guid":{"rendered":"https:\/\/aromasentia.com\/product\/gemstone-manifestation-bracelet-blue-lace-agate-independence\/"},"modified":"2025-12-30T19:30:07","modified_gmt":"2025-12-30T19:30:07","slug":"edelstein-manifestationen-armband-blauer-spitzenachat-unabhaengigkeit","status":"publish","type":"product","link":"https:\/\/aromasentia.com\/de\/edelstein-manifestationen-armband-blauer-spitzenachat-unabhaengigkeit\/","title":{"rendered":"Edelstein-Manifestationen-Armband \u2013 Blauer Spitzenachat \u2013 Unabh\u00e4ngigkeit"},"content":{"rendered":"<p><span style=\"color: rgb(75, 80, 88);\"><strong>Edelstein-Manifestationsarmband \u2013 Blauer Spitzenachat \u2013 Unabh\u00e4ngigkeit<\/strong><\/span><\/p>\n<p><span style=\"color: rgb(75, 80, 88);\">Erweitern Sie das Angebot Ihres Shops mit einem <strong>Edelstein-Manifestationsarmband<\/strong> aus Blauem Spitzenachat, einem Stein der Unabh\u00e4ngigkeit und Selbstdarstellung. Dieses Armband aus echten Perlen aus blauem Spitzenachat ist ein Symbol f\u00fcr Klarheit, Selbstvertrauen und Freiheit.<\/span><\/p>\n<p><span style=\"color: rgb(75, 80, 88);\">Inspirieren Sie Ihre Kunden mit diesem exquisiten Armband, ihre Einzigartigkeit anzunehmen und ihre Stimme zu finden. Jedes St\u00fcck wird sorgf\u00e4ltig gefertigt und ist somit eine wertvolle Erg\u00e4nzung Ihres Inventars.&nbsp;<\/span><\/p>\n<p><span style=\"color: rgb(75, 80, 88);\">Erm\u00f6glichen Sie Ihren Kunden, ihren eigenen Weg in die Unabh\u00e4ngigkeit zu manifestieren, mit dem <strong>Edelstein-Manifestationsarmband \u2013 Blauer Spitzenachat \u2013 Unabh\u00e4ngigkeit.<\/strong><\/span><\/p>\n","protected":false},"excerpt":{"rendered":"<p>Edelstein-Manifestationsarmband \u2013 Blauer Spitzenachat \u2013 Unabh\u00e4ngigkeit Erweitern Sie das Angebot Ihres Shops mit einem Edelstein-Manifestationsarmband aus Blauem Spitzenachat, einem Stein der Unabh\u00e4ngigkeit und Selbstdarstellung. Dieses Armband aus echten Perlen aus blauem Spitzenachat ist ein Symbol f\u00fcr Klarheit, Selbstvertrauen und Freiheit. Inspirieren Sie Ihre Kunden mit diesem exquisiten Armband, ihre Einzigartigkeit anzunehmen und ihre Stimme zu [&hellip;]<\/p>\n","protected":false},"featured_media":424066,"comment_status":"closed","ping_status":"open","template":"","meta":{"_angie_page":false},"product_brand":[],"product_cat":[25542,25210,25223,14524],"product_tag":[],"class_list":{"0":"post-219285","1":"product","2":"type-product","3":"status-publish","4":"has-post-thumbnail","6":"product_cat-agate","7":"product_cat-armbaender","8":"product_cat-edelsteine-mineralien","9":"product_cat-schmuck-und-accessoires","10":"pa_collection-gemstone-bracelets-for-manifestation-de","11":"pa_made-in-china","13":"first","14":"instock","15":"purchasable","16":"product-type-simple"},"supplier_id":null,"supplier_sku":"ManB-03","barcode":null,"atum_controlled":true,"out_stock_date":null,"out_stock_threshold":null,"inheritable":false,"inbound_stock":null,"stock_on_hold":0,"sold_today":0,"sales_last_days":0,"reserved_stock":null,"customer_returns":null,"warehouse_damage":null,"lost_in_post":null,"other_logs":null,"out_stock_days":0,"lost_sales":0,"has_location":null,"update_date":"2026-05-08T05:13:08","atum_locations":[],"atum_stock_status":"instock","restock_status":false,"low_stock_amount":"","sales_update_date":"2025-09-03T00:16:28","calc_backorders":null,"_links":{"self":[{"href":"https:\/\/aromasentia.com\/de\/wp-json\/wp\/v2\/product\/219285","targetHints":{"allow":["GET"]}}],"collection":[{"href":"https:\/\/aromasentia.com\/de\/wp-json\/wp\/v2\/product"}],"about":[{"href":"https:\/\/aromasentia.com\/de\/wp-json\/wp\/v2\/types\/product"}],"replies":[{"embeddable":true,"href":"https:\/\/aromasentia.com\/de\/wp-json\/wp\/v2\/comments?post=219285"}],"version-history":[{"count":0,"href":"https:\/\/aromasentia.com\/de\/wp-json\/wp\/v2\/product\/219285\/revisions"}],"wp:featuredmedia":[{"embeddable":true,"href":"https:\/\/aromasentia.com\/de\/wp-json\/wp\/v2\/media\/424066"}],"wp:attachment":[{"href":"https:\/\/aromasentia.com\/de\/wp-json\/wp\/v2\/media?parent=219285"}],"wp:term":[{"taxonomy":"product_brand","embeddable":true,"href":"https:\/\/aromasentia.com\/de\/wp-json\/wp\/v2\/product_brand?post=219285"},{"taxonomy":"product_cat","embeddable":true,"href":"https:\/\/aromasentia.com\/de\/wp-json\/wp\/v2\/product_cat?post=219285"},{"taxonomy":"product_tag","embeddable":true,"href":"https:\/\/aromasentia.com\/de\/wp-json\/wp\/v2\/product_tag?post=219285"}],"curies":[{"name":"wp","href":"https:\/\/api.w.org\/{rel}","templated":true}]}}