{"id":219281,"date":"2025-03-23T11:06:32","date_gmt":"2025-03-23T11:06:32","guid":{"rendered":"https:\/\/aromasentia.com\/product\/gemstone-manifestation-bracelet-lepard-skin-courage\/"},"modified":"2025-12-30T19:30:07","modified_gmt":"2025-12-30T19:30:07","slug":"edelstein-manifestationen-armband-leopardenfell-mut","status":"publish","type":"product","link":"https:\/\/aromasentia.com\/de\/edelstein-manifestationen-armband-leopardenfell-mut\/","title":{"rendered":"Edelstein-Manifestationen-Armband \u2013 Leopardenfell \u2013 Mut"},"content":{"rendered":"<p><span style=\"color: rgb(75, 80, 88);\"><strong>Edelstein-Manifestationsarmband \u2013 Leopardenfell \u2013 Mut<\/strong><\/span><\/p>\n<p><span style=\"color: rgb(75, 80, 88);\">Erweitern Sie die Auswahl Ihres Shops mit diesem bezaubernden Edelstein-Manifestationsarmband mit Leopardenfell-Jaspis. Dieses Armband verk\u00f6rpert Mut und St\u00e4rke und ist somit ein unverzichtbares Accessoire f\u00fcr alle, die ihre innere Entschlossenheit st\u00e4rken m\u00f6chten.<\/span><\/p>\n<p><span style=\"color: rgb(75, 80, 88);\">Jedes Armband ist aus echten Leopardenhaut-Jaspis-Perlen gefertigt und ein einzigartiges Kunstwerk, das den wilden und ungez\u00e4hmten Geist im Inneren widerspiegelt.&nbsp;<\/span><\/p>\n<p><span style=\"color: rgb(75, 80, 88);\">Laden Sie Ihre Kunden ein, ihren inneren Mut zu entdecken und sich mutig auf ihre Reise zu begeben mit diesem <strong>Edelstein-Manifestationsarmband \u2013 Leopardenhaut \u2013 Mut.<\/strong><\/span><\/p>\n","protected":false},"excerpt":{"rendered":"<p>Edelstein-Manifestationsarmband \u2013 Leopardenfell \u2013 Mut Erweitern Sie die Auswahl Ihres Shops mit diesem bezaubernden Edelstein-Manifestationsarmband mit Leopardenfell-Jaspis. Dieses Armband verk\u00f6rpert Mut und St\u00e4rke und ist somit ein unverzichtbares Accessoire f\u00fcr alle, die ihre innere Entschlossenheit st\u00e4rken m\u00f6chten. Jedes Armband ist aus echten Leopardenhaut-Jaspis-Perlen gefertigt und ein einzigartiges Kunstwerk, das den wilden und ungez\u00e4hmten Geist im [&hellip;]<\/p>\n","protected":false},"featured_media":424033,"comment_status":"closed","ping_status":"open","template":"","meta":{"_angie_page":false},"product_brand":[],"product_cat":[25210,14524],"product_tag":[],"class_list":{"0":"post-219281","1":"product","2":"type-product","3":"status-publish","4":"has-post-thumbnail","6":"product_cat-armbaender","7":"product_cat-schmuck-und-accessoires","8":"pa_collection-gemstone-bracelets-for-manifestation-de","9":"pa_made-in-china","11":"first","12":"instock","13":"purchasable","14":"product-type-simple"},"supplier_id":null,"supplier_sku":"ManB-02","barcode":null,"atum_controlled":true,"out_stock_date":null,"out_stock_threshold":null,"inheritable":false,"inbound_stock":null,"stock_on_hold":0,"sold_today":0,"sales_last_days":0,"reserved_stock":null,"customer_returns":null,"warehouse_damage":null,"lost_in_post":null,"other_logs":null,"out_stock_days":0,"lost_sales":0,"has_location":null,"update_date":"2026-05-08T05:13:08","atum_locations":[],"atum_stock_status":"instock","restock_status":false,"low_stock_amount":"","sales_update_date":"2026-02-06T00:01:59","calc_backorders":null,"_links":{"self":[{"href":"https:\/\/aromasentia.com\/de\/wp-json\/wp\/v2\/product\/219281","targetHints":{"allow":["GET"]}}],"collection":[{"href":"https:\/\/aromasentia.com\/de\/wp-json\/wp\/v2\/product"}],"about":[{"href":"https:\/\/aromasentia.com\/de\/wp-json\/wp\/v2\/types\/product"}],"replies":[{"embeddable":true,"href":"https:\/\/aromasentia.com\/de\/wp-json\/wp\/v2\/comments?post=219281"}],"version-history":[{"count":0,"href":"https:\/\/aromasentia.com\/de\/wp-json\/wp\/v2\/product\/219281\/revisions"}],"wp:featuredmedia":[{"embeddable":true,"href":"https:\/\/aromasentia.com\/de\/wp-json\/wp\/v2\/media\/424033"}],"wp:attachment":[{"href":"https:\/\/aromasentia.com\/de\/wp-json\/wp\/v2\/media?parent=219281"}],"wp:term":[{"taxonomy":"product_brand","embeddable":true,"href":"https:\/\/aromasentia.com\/de\/wp-json\/wp\/v2\/product_brand?post=219281"},{"taxonomy":"product_cat","embeddable":true,"href":"https:\/\/aromasentia.com\/de\/wp-json\/wp\/v2\/product_cat?post=219281"},{"taxonomy":"product_tag","embeddable":true,"href":"https:\/\/aromasentia.com\/de\/wp-json\/wp\/v2\/product_tag?post=219281"}],"curies":[{"name":"wp","href":"https:\/\/api.w.org\/{rel}","templated":true}]}}