{"id":219277,"date":"2025-03-23T11:06:32","date_gmt":"2025-03-23T11:06:32","guid":{"rendered":"https:\/\/aromasentia.com\/product\/gemstone-manifestation-bracelet-rose-quartz-love\/"},"modified":"2025-12-30T19:30:07","modified_gmt":"2025-12-30T19:30:07","slug":"edelstein-manifestationen-armband-rosenquarz-liebe","status":"publish","type":"product","link":"https:\/\/aromasentia.com\/de\/edelstein-manifestationen-armband-rosenquarz-liebe\/","title":{"rendered":"Edelstein-Manifestationen-Armband \u2013 Rosenquarz \u2013 Liebe"},"content":{"rendered":"<p><span style=\"color: rgb(75, 80, 88);\"><strong>Edelstein-Manifestation-Armband \u2013 Rosenquarz \u2013 Liebe<\/strong><\/span><\/p>\n<p><span style=\"color: rgb(75, 80, 88);\">Bereichern Sie die Auswahl Ihres Gesch\u00e4fts mit einem bezaubernden Edelstein-Affirmationsarmband mit der sanften Umarmung von Rosenquarz. Durchdrungen von der Essenz der Liebe strahlt dieses exquisite St\u00fcck eine harmonische und erhebende Energie aus. Sorgf\u00e4ltig aus echten Rosenquarzperlen gefertigt, steht es als kraftvolles Symbol f\u00fcr Liebe, Harmonie und Mitgef\u00fchl.<\/span><\/p>\n<p><span style=\"color: rgb(75, 80, 88);\">Dieses Armband ist ideal, um Liebe anzuziehen und bestehende Beziehungen zu vertiefen und ist ein Muss f\u00fcr Ihre Sammlung. Jedes St\u00fcck ist in Handarbeit perfekt gefertigt und stellt somit eine einzigartige Erg\u00e4nzung Ihres Inventars dar.&nbsp;<\/span><\/p>\n<p><span style=\"color: rgb(75, 80, 88);\">Helfen Sie Ihren Kunden, Liebe in ihrem Leben zu manifestieren, mit diesem<strong>Edelstein-Manifestation-Armband \u2013 Rosenquarz \u2013 Liebe<\/strong><\/span><\/p>\n<p><span style=\"color: rgb(75, 80, 88);\"><em>Perlengr\u00f6\u00dfe 1 (Edelstein) \u2013 5 mm<\/em><\/span><\/p>\n<p><span style=\"color: rgb(75, 80, 88);\"><em>Armbandumfang \u2013 9,5 cm<\/em><\/span><\/p>\n","protected":false},"excerpt":{"rendered":"<p>Edelstein-Manifestation-Armband \u2013 Rosenquarz \u2013 Liebe Bereichern Sie die Auswahl Ihres Gesch\u00e4fts mit einem bezaubernden Edelstein-Affirmationsarmband mit der sanften Umarmung von Rosenquarz. Durchdrungen von der Essenz der Liebe strahlt dieses exquisite St\u00fcck eine harmonische und erhebende Energie aus. Sorgf\u00e4ltig aus echten Rosenquarzperlen gefertigt, steht es als kraftvolles Symbol f\u00fcr Liebe, Harmonie und Mitgef\u00fchl. Dieses Armband ist [&hellip;]<\/p>\n","protected":false},"featured_media":424000,"comment_status":"closed","ping_status":"open","template":"","meta":[],"product_brand":[],"product_cat":[25210,25223,25735,25752,14524],"product_tag":[],"class_list":{"0":"post-219277","1":"product","2":"type-product","3":"status-publish","4":"has-post-thumbnail","6":"product_cat-armbaender","7":"product_cat-edelsteine-mineralien","8":"product_cat-quarz","9":"product_cat-rosenquarz","10":"product_cat-schmuck-und-accessoires","11":"pa_collection-gemstone-bracelets-for-manifestation-de","12":"pa_made-in-china","14":"first","15":"instock","16":"purchasable","17":"product-type-simple"},"supplier_id":null,"supplier_sku":"ManB-01","barcode":null,"atum_controlled":true,"out_stock_date":null,"out_stock_threshold":null,"inheritable":false,"inbound_stock":null,"stock_on_hold":0,"sold_today":0,"sales_last_days":0,"reserved_stock":null,"customer_returns":null,"warehouse_damage":null,"lost_in_post":null,"other_logs":null,"out_stock_days":0,"lost_sales":0,"has_location":null,"update_date":"2026-02-04T10:32:53","atum_locations":[],"atum_stock_status":"instock","restock_status":false,"low_stock_amount":"","sales_update_date":"2025-09-03T00:16:27","calc_backorders":null,"_links":{"self":[{"href":"https:\/\/aromasentia.com\/de\/wp-json\/wp\/v2\/product\/219277","targetHints":{"allow":["GET"]}}],"collection":[{"href":"https:\/\/aromasentia.com\/de\/wp-json\/wp\/v2\/product"}],"about":[{"href":"https:\/\/aromasentia.com\/de\/wp-json\/wp\/v2\/types\/product"}],"replies":[{"embeddable":true,"href":"https:\/\/aromasentia.com\/de\/wp-json\/wp\/v2\/comments?post=219277"}],"version-history":[{"count":0,"href":"https:\/\/aromasentia.com\/de\/wp-json\/wp\/v2\/product\/219277\/revisions"}],"wp:featuredmedia":[{"embeddable":true,"href":"https:\/\/aromasentia.com\/de\/wp-json\/wp\/v2\/media\/424000"}],"wp:attachment":[{"href":"https:\/\/aromasentia.com\/de\/wp-json\/wp\/v2\/media?parent=219277"}],"wp:term":[{"taxonomy":"product_brand","embeddable":true,"href":"https:\/\/aromasentia.com\/de\/wp-json\/wp\/v2\/product_brand?post=219277"},{"taxonomy":"product_cat","embeddable":true,"href":"https:\/\/aromasentia.com\/de\/wp-json\/wp\/v2\/product_cat?post=219277"},{"taxonomy":"product_tag","embeddable":true,"href":"https:\/\/aromasentia.com\/de\/wp-json\/wp\/v2\/product_tag?post=219277"}],"curies":[{"name":"wp","href":"https:\/\/api.w.org\/{rel}","templated":true}]}}