{"id":219217,"date":"2025-03-23T11:06:32","date_gmt":"2025-03-23T11:06:32","guid":{"rendered":"https:\/\/aromasentia.com\/product\/laced-gemstone-hexagon-pendant-moss-agate\/"},"modified":"2025-12-30T19:29:53","modified_gmt":"2025-12-30T19:29:53","slug":"geschnuerter-sechseckiger-edelstein-anhaenger-moosachat","status":"publish","type":"product","link":"https:\/\/aromasentia.com\/de\/geschnuerter-sechseckiger-edelstein-anhaenger-moosachat\/","title":{"rendered":"Geschn\u00fcrter sechseckiger Edelstein-Anh\u00e4nger \u2013 Moosachat"},"content":{"rendered":"<p><span style=\"color: rgb(75, 80, 88);\">Enth\u00fcllen Sie ein wahrhaft einzigartiges und harmonisches Juwel in Ihrer Schmucksammlung mit unserem <strong>Edelstein-Hexagon-Anh\u00e4nger<\/strong> mit dem bezaubernden <strong>Moosachat<\/strong>. Dieser Anh\u00e4nger wurde mit Sorgfalt im Herzen Indiens handgefertigt und ist ein Meisterwerk der Kunstfertigkeit und Spiritualit\u00e4t.<\/span><\/p>\n<p><span style=\"color: rgb(75, 80, 88);\">Die <strong>Sechseckform<\/strong>, ein Symbol f\u00fcr perfekte Balance und Harmonie, erg\u00e4nzt die Naturwunder des <strong>Moosachats<\/strong> auf anmutige Weise. Seine \u00fcppigen gr\u00fcnen und erdigen Einschl\u00fcsse \u00e4hneln einem gr\u00fcnen Wald, eingeh\u00fcllt in Stein. Tr\u00e4ger sp\u00fcren sofort eine Verbindung zur Natur, einen Anstieg geistiger Klarheit und ein tiefes Gef\u00fchl pers\u00f6nlichen Wachstums.<\/span><\/p>\n<p><span style=\"color: rgb(75, 80, 88);\">Jeder Moosachat-Hexagon-Anh\u00e4nger ist sorgf\u00e4ltig geschn\u00fcrt, sodass die komplexen Muster des Edelsteins bei jedem Blick erstrahlen. Die zus\u00e4tzliche <strong>verstellbare Schnur<\/strong> sorgt f\u00fcr einen bequemen und individuellen Sitz.<\/span><\/p>\n<p><span style=\"color: rgb(75, 80, 88);\">Teilen Sie die faszinierende Sch\u00f6nheit und tiefe Symbolik des Moosachats mit Ihren Kunden und lassen Sie sie auf eine Reise der Selbstfindung und der Verbundenheit mit der Natur gehen.<\/span><\/p>\n<p><span style=\"color: rgb(75, 80, 88);\"><strong>Schnurl\u00e4nge:<\/strong> Ca. 40 cm<\/span><\/p>\n","protected":false},"excerpt":{"rendered":"<p>Enth\u00fcllen Sie ein wahrhaft einzigartiges und harmonisches Juwel in Ihrer Schmucksammlung mit unserem Edelstein-Hexagon-Anh\u00e4nger mit dem bezaubernden Moosachat. Dieser Anh\u00e4nger wurde mit Sorgfalt im Herzen Indiens handgefertigt und ist ein Meisterwerk der Kunstfertigkeit und Spiritualit\u00e4t. Die Sechseckform, ein Symbol f\u00fcr perfekte Balance und Harmonie, erg\u00e4nzt die Naturwunder des Moosachats auf anmutige Weise. Seine \u00fcppigen gr\u00fcnen [&hellip;]<\/p>\n","protected":false},"featured_media":423569,"comment_status":"closed","ping_status":"open","template":"","meta":{"_angie_page":false},"product_brand":[],"product_cat":[25542,25223,25217,14524],"product_tag":[],"class_list":{"0":"post-219217","1":"product","2":"type-product","3":"status-publish","4":"has-post-thumbnail","6":"product_cat-agate","7":"product_cat-edelsteine-mineralien","8":"product_cat-halsketten-anhaenger","9":"product_cat-schmuck-und-accessoires","10":"pa_collection-laced-gemstone-pendants-de","11":"pa_made-in-indien","13":"first","14":"instock","15":"purchasable","16":"product-type-simple"},"supplier_id":null,"supplier_sku":"LGemP-05","barcode":null,"atum_controlled":true,"out_stock_date":null,"out_stock_threshold":null,"inheritable":false,"inbound_stock":null,"stock_on_hold":0,"sold_today":0,"sales_last_days":0,"reserved_stock":null,"customer_returns":null,"warehouse_damage":null,"lost_in_post":null,"other_logs":null,"out_stock_days":0,"lost_sales":0,"has_location":null,"update_date":"2026-04-27T07:11:06","atum_locations":[],"atum_stock_status":"instock","restock_status":false,"low_stock_amount":"","sales_update_date":"2026-01-20T05:14:02","calc_backorders":null,"_links":{"self":[{"href":"https:\/\/aromasentia.com\/de\/wp-json\/wp\/v2\/product\/219217","targetHints":{"allow":["GET"]}}],"collection":[{"href":"https:\/\/aromasentia.com\/de\/wp-json\/wp\/v2\/product"}],"about":[{"href":"https:\/\/aromasentia.com\/de\/wp-json\/wp\/v2\/types\/product"}],"replies":[{"embeddable":true,"href":"https:\/\/aromasentia.com\/de\/wp-json\/wp\/v2\/comments?post=219217"}],"version-history":[{"count":0,"href":"https:\/\/aromasentia.com\/de\/wp-json\/wp\/v2\/product\/219217\/revisions"}],"wp:featuredmedia":[{"embeddable":true,"href":"https:\/\/aromasentia.com\/de\/wp-json\/wp\/v2\/media\/423569"}],"wp:attachment":[{"href":"https:\/\/aromasentia.com\/de\/wp-json\/wp\/v2\/media?parent=219217"}],"wp:term":[{"taxonomy":"product_brand","embeddable":true,"href":"https:\/\/aromasentia.com\/de\/wp-json\/wp\/v2\/product_brand?post=219217"},{"taxonomy":"product_cat","embeddable":true,"href":"https:\/\/aromasentia.com\/de\/wp-json\/wp\/v2\/product_cat?post=219217"},{"taxonomy":"product_tag","embeddable":true,"href":"https:\/\/aromasentia.com\/de\/wp-json\/wp\/v2\/product_tag?post=219217"}],"curies":[{"name":"wp","href":"https:\/\/api.w.org\/{rel}","templated":true}]}}