{"id":219189,"date":"2025-03-23T11:06:40","date_gmt":"2025-03-23T11:06:40","guid":{"rendered":"https:\/\/aromasentia.com\/product\/double-branch-jewllery-stand-whitewash\/"},"modified":"2025-12-30T19:29:53","modified_gmt":"2025-12-30T19:29:53","slug":"doppelzweig-schmuckstaender-tuenche","status":"publish","type":"product","link":"https:\/\/aromasentia.com\/de\/doppelzweig-schmuckstaender-tuenche\/","title":{"rendered":"Doppelzweig-Schmuckst\u00e4nder &#8211; T\u00fcnche"},"content":{"rendered":"<p>Der exquisite <strong>Doppelzweig-Schmuckst\u00e4nder mit Whitewash-Finish.<\/strong> Ein atemberaubendes Herzst\u00fcck zur Pr\u00e4sentation und Organisation Ihrer wertvollen Schmucksammlung. Mit seinem anmutigen Design und seiner sorgf\u00e4ltigen Handwerkskunst verk\u00f6rpert dieser Schmuckst\u00e4nder Eleganz und Funktionalit\u00e4t in perfekter Harmonie. Der St\u00e4nder verf\u00fcgt \u00fcber zwei kunstvoll gearbeitete \u00c4ste, die sich elegant nach oben und au\u00dfen w\u00f6lben und reichlich Platz f\u00fcr die Pr\u00e4sentation und Aufbewahrung einer Vielzahl von Schmuckst\u00fccken bieten.<\/p>\n<p>Aus hochwertigen Materialien gefertigt, garantiert dieser Schmuckst\u00e4nder Haltbarkeit und Langlebigkeit und sorgt daf\u00fcr, dass Ihre wertvollen St\u00fccke sicher und sch\u00f6n pr\u00e4sentiert bleiben. Die wei\u00df get\u00fcnchte Oberfl\u00e4che verleiht dem St\u00e4nder einen Hauch von rustikalem Charme, der sich m\u00fchelos in jeden Einrichtungsstil einf\u00fcgt. Die doppelten Zweige bieten Vielseitigkeit und Bequemlichkeit und erm\u00f6glichen es Ihnen, Halsketten, Armb\u00e4nder und sogar Ohrringe mit Leichtigkeit aufzuh\u00e4ngen. Sein durchdachtes Design und seine robuste Konstruktion machen ihn zu einer idealen Wahl sowohl f\u00fcr den pers\u00f6nlichen Gebrauch als auch als durchdachtes Geschenk.<\/p>\n<p>Erh\u00f6hen Sie Ihre Schmuckpr\u00e4sentation mit dem eleganten Double Branch Jewellery Stand with Whitewash, jetzt erh\u00e4ltlich bei Ancient Wisdom. Dieser vielseitige St\u00e4nder bietet eine atemberaubende Vitrine f\u00fcr Ihre kostbaren St\u00fccke und kombiniert Stil und Funktionalit\u00e4t. Als f\u00fchrender Anbieter von <a href=\"https:\/\/aromasentia.com\/wholesale-branch-jewellery-stand\" rel=\"noopener noreferrer\" target=\"_blank\"><strong>Gro\u00dfhandels-Schmuckst\u00e4ndern<\/strong><\/a> bieten wir hochwertige Produkte zu wettbewerbsf\u00e4higen Preisen.&nbsp;<\/p>\n<p><em>Bitte beachten Sie: Aufgrund der nat\u00fcrlichen Textur des Holzes kann es zu leichten Unterschieden zwischen dem Produkt, das Sie erhalten, und dem Bild kommen.<\/em><\/p>\n","protected":false},"excerpt":{"rendered":"<p>Der exquisite Doppelzweig-Schmuckst\u00e4nder mit Whitewash-Finish. Ein atemberaubendes Herzst\u00fcck zur Pr\u00e4sentation und Organisation Ihrer wertvollen Schmucksammlung. Mit seinem anmutigen Design und seiner sorgf\u00e4ltigen Handwerkskunst verk\u00f6rpert dieser Schmuckst\u00e4nder Eleganz und Funktionalit\u00e4t in perfekter Harmonie. Der St\u00e4nder verf\u00fcgt \u00fcber zwei kunstvoll gearbeitete \u00c4ste, die sich elegant nach oben und au\u00dfen w\u00f6lben und reichlich Platz f\u00fcr die Pr\u00e4sentation und [&hellip;]<\/p>\n","protected":false},"featured_media":426748,"comment_status":"closed","ping_status":"open","template":"","meta":[],"product_brand":[],"product_cat":[14524],"product_tag":[],"class_list":{"0":"post-219189","1":"product","2":"type-product","3":"status-publish","4":"has-post-thumbnail","6":"product_cat-schmuck-und-accessoires","7":"pa_collection-natural-jewellery-stand-de","8":"pa_made-in-indonesien","10":"first","11":"instock","12":"purchasable","13":"product-type-simple"},"supplier_id":null,"supplier_sku":"NJS-04","barcode":null,"atum_controlled":true,"out_stock_date":null,"out_stock_threshold":null,"inheritable":false,"inbound_stock":null,"stock_on_hold":0,"sold_today":0,"sales_last_days":0,"reserved_stock":null,"customer_returns":null,"warehouse_damage":null,"lost_in_post":null,"other_logs":null,"out_stock_days":0,"lost_sales":0,"has_location":null,"update_date":"2026-02-12T03:57:57","atum_locations":[],"atum_stock_status":"instock","restock_status":false,"low_stock_amount":"","sales_update_date":"2026-01-30T01:24:38","calc_backorders":null,"_links":{"self":[{"href":"https:\/\/aromasentia.com\/de\/wp-json\/wp\/v2\/product\/219189","targetHints":{"allow":["GET"]}}],"collection":[{"href":"https:\/\/aromasentia.com\/de\/wp-json\/wp\/v2\/product"}],"about":[{"href":"https:\/\/aromasentia.com\/de\/wp-json\/wp\/v2\/types\/product"}],"replies":[{"embeddable":true,"href":"https:\/\/aromasentia.com\/de\/wp-json\/wp\/v2\/comments?post=219189"}],"version-history":[{"count":0,"href":"https:\/\/aromasentia.com\/de\/wp-json\/wp\/v2\/product\/219189\/revisions"}],"wp:featuredmedia":[{"embeddable":true,"href":"https:\/\/aromasentia.com\/de\/wp-json\/wp\/v2\/media\/426748"}],"wp:attachment":[{"href":"https:\/\/aromasentia.com\/de\/wp-json\/wp\/v2\/media?parent=219189"}],"wp:term":[{"taxonomy":"product_brand","embeddable":true,"href":"https:\/\/aromasentia.com\/de\/wp-json\/wp\/v2\/product_brand?post=219189"},{"taxonomy":"product_cat","embeddable":true,"href":"https:\/\/aromasentia.com\/de\/wp-json\/wp\/v2\/product_cat?post=219189"},{"taxonomy":"product_tag","embeddable":true,"href":"https:\/\/aromasentia.com\/de\/wp-json\/wp\/v2\/product_tag?post=219189"}],"curies":[{"name":"wp","href":"https:\/\/api.w.org\/{rel}","templated":true}]}}