{"id":219077,"date":"2025-03-23T11:06:40","date_gmt":"2025-03-23T11:06:40","guid":{"rendered":"https:\/\/aromasentia.com\/product\/twentyfour-compartment-display-tray\/"},"modified":"2025-12-30T19:29:31","modified_gmt":"2025-12-30T19:29:31","slug":"24-faechrige-praesentationsbox","status":"publish","type":"product","link":"https:\/\/aromasentia.com\/de\/24-faechrige-praesentationsbox\/","title":{"rendered":"24-f\u00e4chrige Pr\u00e4sentationsbox"},"content":{"rendered":"<p><strong>Gro\u00dfhandels-Schmucktablett<\/strong>, hergestellt aus nat\u00fcrlichem Polyurethan, handgefertigt, mit vierundzwanzig F\u00e4chern, ideal f\u00fcr die Pr\u00e4sentation von Schmuck und Edelsteinen.<\/p>\n<p><span style=\"background-color: rgb(255, 255, 255); color: rgb(85, 85, 85);\">Das Tablett mit vier F\u00e4chern<\/span> eignet sich perfekt f\u00fcr Theken, Glasvitrinen und andere Verkaufsfl\u00e4chen.<\/p>\n<p><strong>Bestellen Sie noch heute, um die perfekte Schmuckecke in Ihrem Gesch\u00e4ft zu schaffen.<\/strong><\/p>\n<p itemprop=\"description\"><strong>Gr\u00f6\u00dfen:<\/strong><\/p>\n<p itemprop=\"description\"><strong>Display Tablett:<\/strong><\/p>\n<p itemprop=\"description\"><strong>L\u00e4nge: 35cm, Breite:24cm, H\u00f6he 3cm<\/strong><\/p>\n<p itemprop=\"description\"><strong>Einzelne F\u00e4cher:<\/strong><\/p>\n<p itemprop=\"description\"><strong>L\u00e4nge: 5cm, Breite: 5cm, H\u00f6he 2.5cm,&nbsp;<\/strong><\/p>\n<p itemprop=\"description\"><strong>Gewicht 605g<\/strong><\/p>\n","protected":false},"excerpt":{"rendered":"<p>Gro\u00dfhandels-Schmucktablett, hergestellt aus nat\u00fcrlichem Polyurethan, handgefertigt, mit vierundzwanzig F\u00e4chern, ideal f\u00fcr die Pr\u00e4sentation von Schmuck und Edelsteinen. Das Tablett mit vier F\u00e4chern eignet sich perfekt f\u00fcr Theken, Glasvitrinen und andere Verkaufsfl\u00e4chen. Bestellen Sie noch heute, um die perfekte Schmuckecke in Ihrem Gesch\u00e4ft zu schaffen. Gr\u00f6\u00dfen: Display Tablett: L\u00e4nge: 35cm, Breite:24cm, H\u00f6he 3cm Einzelne F\u00e4cher: L\u00e4nge: [&hellip;]<\/p>\n","protected":false},"featured_media":425888,"comment_status":"closed","ping_status":"open","template":"","meta":{"_angie_page":false},"product_brand":[],"product_cat":[14524],"product_tag":[],"class_list":{"0":"post-219077","1":"product","2":"type-product","3":"status-publish","4":"has-post-thumbnail","6":"product_cat-schmuck-und-accessoires","7":"pa_collection-natural-rattan-jewellery-display-stands-de","8":"pa_made-in-china","10":"first","11":"instock","12":"purchasable","13":"product-type-simple"},"supplier_id":null,"supplier_sku":"NatJD-14","barcode":null,"atum_controlled":true,"out_stock_date":null,"out_stock_threshold":null,"inheritable":false,"inbound_stock":null,"stock_on_hold":0,"sold_today":0,"sales_last_days":0,"reserved_stock":null,"customer_returns":null,"warehouse_damage":null,"lost_in_post":null,"other_logs":null,"out_stock_days":0,"lost_sales":0,"has_location":null,"update_date":"2026-05-08T05:14:28","atum_locations":[],"atum_stock_status":"instock","restock_status":false,"low_stock_amount":"","sales_update_date":"2025-09-03T00:16:17","calc_backorders":null,"_links":{"self":[{"href":"https:\/\/aromasentia.com\/de\/wp-json\/wp\/v2\/product\/219077","targetHints":{"allow":["GET"]}}],"collection":[{"href":"https:\/\/aromasentia.com\/de\/wp-json\/wp\/v2\/product"}],"about":[{"href":"https:\/\/aromasentia.com\/de\/wp-json\/wp\/v2\/types\/product"}],"replies":[{"embeddable":true,"href":"https:\/\/aromasentia.com\/de\/wp-json\/wp\/v2\/comments?post=219077"}],"version-history":[{"count":0,"href":"https:\/\/aromasentia.com\/de\/wp-json\/wp\/v2\/product\/219077\/revisions"}],"wp:featuredmedia":[{"embeddable":true,"href":"https:\/\/aromasentia.com\/de\/wp-json\/wp\/v2\/media\/425888"}],"wp:attachment":[{"href":"https:\/\/aromasentia.com\/de\/wp-json\/wp\/v2\/media?parent=219077"}],"wp:term":[{"taxonomy":"product_brand","embeddable":true,"href":"https:\/\/aromasentia.com\/de\/wp-json\/wp\/v2\/product_brand?post=219077"},{"taxonomy":"product_cat","embeddable":true,"href":"https:\/\/aromasentia.com\/de\/wp-json\/wp\/v2\/product_cat?post=219077"},{"taxonomy":"product_tag","embeddable":true,"href":"https:\/\/aromasentia.com\/de\/wp-json\/wp\/v2\/product_tag?post=219077"}],"curies":[{"name":"wp","href":"https:\/\/api.w.org\/{rel}","templated":true}]}}