{"id":219057,"date":"2025-03-23T11:06:40","date_gmt":"2025-03-23T11:06:40","guid":{"rendered":"https:\/\/aromasentia.com\/product\/small-bangle-t-stand-chocolate\/"},"modified":"2025-12-30T19:29:23","modified_gmt":"2025-12-30T19:29:23","slug":"kleiner-armreifstaender-dunkelbraun","status":"publish","type":"product","link":"https:\/\/aromasentia.com\/de\/kleiner-armreifstaender-dunkelbraun\/","title":{"rendered":"Kleiner Armreifst\u00e4nder &#8211; dunkelbraun"},"content":{"rendered":"<p itemprop=\"description\"><strong>Gro\u00dfhandels-Schmuckst\u00e4nder f\u00fcr Armreifen<\/strong>, kleine Armreifen &quot;T&quot; St\u00e4nder aus nat\u00fcrlichem Polyurethan, handgefertigt zur Pr\u00e4sentation von Armreifen, Armb\u00e4ndern und anderem Modeschmuck.&nbsp;<\/p>\n<p itemprop=\"description\">Diese pinnbaren Polyurethanformen sind fest mit gedrehtem Naturpapier umwickelt, um einen eleganten und auff\u00e4lligen nat\u00fcrlichen<strong>&nbsp;Rattan-Effekt&nbsp;<\/strong> zu erzielen, der mit dem Schmuck kontrastiert und ihm zus\u00e4tzlichen Stil und Raffinesse verleiht.&nbsp;<\/p>\n<p itemprop=\"description\">Erh\u00e4ltlich in drei verschiedenen Gr\u00f6\u00dfen und Farben, um ein Maximum an Pr\u00e4sentationsm\u00f6glichkeiten zu bieten. Perfekt f\u00fcr Theken, Vitrinen und andere Verkaufsfl\u00e4chen.<\/p>\n<p itemprop=\"description\"><strong>Bestellen Sie noch heute die perfekte Schmuckecke in Ihrem Gesch\u00e4ft.<\/strong><\/p>\n<p itemprop=\"description\"><\/p>\n<p itemprop=\"description\"><strong>Gr\u00f6\u00dfen:&nbsp;<\/strong><\/p>\n<p itemprop=\"description\"><strong>H\u00f6he 14cm, Breite 19cm, &nbsp;Durchmesser 5cm, L\u00e4nge: 7cm<\/strong><\/p>\n<p itemprop=\"description\"><strong>Gewicht: 270g<\/strong><\/p>\n","protected":false},"excerpt":{"rendered":"<p>Gro\u00dfhandels-Schmuckst\u00e4nder f\u00fcr Armreifen, kleine Armreifen &quot;T&quot; St\u00e4nder aus nat\u00fcrlichem Polyurethan, handgefertigt zur Pr\u00e4sentation von Armreifen, Armb\u00e4ndern und anderem Modeschmuck.&nbsp; Diese pinnbaren Polyurethanformen sind fest mit gedrehtem Naturpapier umwickelt, um einen eleganten und auff\u00e4lligen nat\u00fcrlichen&nbsp;Rattan-Effekt&nbsp; zu erzielen, der mit dem Schmuck kontrastiert und ihm zus\u00e4tzlichen Stil und Raffinesse verleiht.&nbsp; Erh\u00e4ltlich in drei verschiedenen Gr\u00f6\u00dfen und Farben, [&hellip;]<\/p>\n","protected":false},"featured_media":425803,"comment_status":"closed","ping_status":"open","template":"","meta":[],"product_brand":[],"product_cat":[14524],"product_tag":[],"class_list":{"0":"post-219057","1":"product","2":"type-product","3":"status-publish","4":"has-post-thumbnail","6":"product_cat-schmuck-und-accessoires","7":"pa_collection-natural-rattan-jewellery-display-stands-de","8":"pa_made-in-china","10":"first","11":"instock","12":"purchasable","13":"product-type-simple"},"supplier_id":null,"supplier_sku":"NatJD-02","barcode":null,"atum_controlled":true,"out_stock_date":null,"out_stock_threshold":null,"inheritable":false,"inbound_stock":null,"stock_on_hold":0,"sold_today":0,"sales_last_days":0,"reserved_stock":null,"customer_returns":null,"warehouse_damage":null,"lost_in_post":null,"other_logs":null,"out_stock_days":0,"lost_sales":0,"has_location":null,"update_date":"2026-02-09T11:40:59","atum_locations":[],"atum_stock_status":"instock","restock_status":false,"low_stock_amount":"","sales_update_date":"2026-01-30T01:24:56","calc_backorders":null,"_links":{"self":[{"href":"https:\/\/aromasentia.com\/de\/wp-json\/wp\/v2\/product\/219057","targetHints":{"allow":["GET"]}}],"collection":[{"href":"https:\/\/aromasentia.com\/de\/wp-json\/wp\/v2\/product"}],"about":[{"href":"https:\/\/aromasentia.com\/de\/wp-json\/wp\/v2\/types\/product"}],"replies":[{"embeddable":true,"href":"https:\/\/aromasentia.com\/de\/wp-json\/wp\/v2\/comments?post=219057"}],"version-history":[{"count":0,"href":"https:\/\/aromasentia.com\/de\/wp-json\/wp\/v2\/product\/219057\/revisions"}],"wp:featuredmedia":[{"embeddable":true,"href":"https:\/\/aromasentia.com\/de\/wp-json\/wp\/v2\/media\/425803"}],"wp:attachment":[{"href":"https:\/\/aromasentia.com\/de\/wp-json\/wp\/v2\/media?parent=219057"}],"wp:term":[{"taxonomy":"product_brand","embeddable":true,"href":"https:\/\/aromasentia.com\/de\/wp-json\/wp\/v2\/product_brand?post=219057"},{"taxonomy":"product_cat","embeddable":true,"href":"https:\/\/aromasentia.com\/de\/wp-json\/wp\/v2\/product_cat?post=219057"},{"taxonomy":"product_tag","embeddable":true,"href":"https:\/\/aromasentia.com\/de\/wp-json\/wp\/v2\/product_tag?post=219057"}],"curies":[{"name":"wp","href":"https:\/\/api.w.org\/{rel}","templated":true}]}}